{"id":708340,"date":"2025-06-16T21:32:57","date_gmt":"2025-06-16T18:32:57","guid":{"rendered":"https:\/\/nextsnkr.com\/product\/nike-air-jordan-1-retro-reverse-shattered-backboard\/"},"modified":"2026-02-02T14:14:26","modified_gmt":"2026-02-02T11:14:26","slug":"nike-air-jordan-1-retro-reverse-shattered-backboard","status":"publish","type":"product","link":"https:\/\/nextsnkr.com\/lv\/product\/nike-air-jordan-1-retro-reverse-shattered-backboard\/","title":{"rendered":"Nike Air Jordan 1 Retro Reverse Shattered Backboard \u010d\u012bbas &#8211; \u0101das Premium \u010d\u012bbas"},"content":{"rendered":"<h2>Nike Air Jordan 1 Retro Reverse Shattered Backboard \u010d\u012bbas &#8211; \u0101das Premium \u010d\u012bbas<\/h2>\n<p>&nbsp;<\/p>\n<p>Nike Air Jordan 1 Retro Reverse Shattered Backboard \u010d\u012bbas ir stil\u012bgs \u012astas \u0101das modelis ar putu gumijas zoli komfortam un nodilumiztur\u012bbai. Demi sezonas dizains nodro\u0161ina optim\u0101lu komfortu jebkuros laika apst\u0101k\u013cos, un le\u0123end\u0101rais Jord\u0101nijas dizains izce\u013c individu\u0101lo stilu. Vieglas un iztur\u012bgas, \u0161\u012bs kedas ir ide\u0101li piem\u0113rotas pils\u0113tas dz\u012bvei, sportiskai akt\u012bvai lieto\u0161anai un z\u012bmola augst\u0101k\u0101s kvalit\u0101tes cien\u012bt\u0101jiem.<\/p>\n","protected":false},"excerpt":{"rendered":"<p>Nike Air Jordan 1 Retro Reverse Shattered Backboard \u010d\u012bbas ir stil\u012bgs \u012astas \u0101das modelis ar putu gumijas zoli komfortam un nodilumiztur\u012bbai. Demi sezonas dizains nodro\u0161ina optim\u0101lu komfortu jebkuros laika apst\u0101k\u013cos, un le\u0123end\u0101rais Jord\u0101nijas dizains izce\u013c individu\u0101lo stilu. Vieglas un iztur\u012bgas, \u0161\u012bs kedas ir ide\u0101li piem\u0113rotas pils\u0113tas dz\u012bvei, sportiskai akt\u012bvai lieto\u0161anai un z\u012bmola augst\u0101k\u0101s kvalit\u0101tes cien\u012bt\u0101jiem.<\/p>\n","protected":false},"featured_media":708341,"comment_status":"open","ping_status":"open","template":"","meta":[],"product_brand":[],"product_cat":[3387,3251,3322],"product_tag":[],"class_list":{"0":"post-708340","1":"product","2":"type-product","3":"status-publish","4":"has-post-thumbnail","6":"product_cat-nike-jordan","7":"product_cat-all-product","8":"product_cat-kedy","9":"pa_rozmir-910","10":"pa_rozmir-912","11":"pa_rozmir-914","12":"pa_rozmir-915","13":"pa_rozmir-916","14":"pa_rozmir-917","15":"pa_rozmir-918","16":"pa_rozmir-919","17":"pa_rozmir-920","18":"pa_rozmir-921","19":"pa_rozmir-922","21":"first","22":"onbackorder","23":"purchasable","24":"product-type-variable"},"_links":{"self":[{"href":"https:\/\/nextsnkr.com\/lv\/wp-json\/wp\/v2\/product\/708340","targetHints":{"allow":["GET"]}}],"collection":[{"href":"https:\/\/nextsnkr.com\/lv\/wp-json\/wp\/v2\/product"}],"about":[{"href":"https:\/\/nextsnkr.com\/lv\/wp-json\/wp\/v2\/types\/product"}],"replies":[{"embeddable":true,"href":"https:\/\/nextsnkr.com\/lv\/wp-json\/wp\/v2\/comments?post=708340"}],"version-history":[{"count":0,"href":"https:\/\/nextsnkr.com\/lv\/wp-json\/wp\/v2\/product\/708340\/revisions"}],"wp:featuredmedia":[{"embeddable":true,"href":"https:\/\/nextsnkr.com\/lv\/wp-json\/wp\/v2\/media\/708341"}],"wp:attachment":[{"href":"https:\/\/nextsnkr.com\/lv\/wp-json\/wp\/v2\/media?parent=708340"}],"wp:term":[{"taxonomy":"product_brand","embeddable":true,"href":"https:\/\/nextsnkr.com\/lv\/wp-json\/wp\/v2\/product_brand?post=708340"},{"taxonomy":"product_cat","embeddable":true,"href":"https:\/\/nextsnkr.com\/lv\/wp-json\/wp\/v2\/product_cat?post=708340"},{"taxonomy":"product_tag","embeddable":true,"href":"https:\/\/nextsnkr.com\/lv\/wp-json\/wp\/v2\/product_tag?post=708340"}],"curies":[{"name":"wp","href":"https:\/\/api.w.org\/{rel}","templated":true}]}}