{"id":708170,"date":"2025-06-16T21:33:50","date_gmt":"2025-06-16T18:33:50","guid":{"rendered":"https:\/\/nextsnkr.com\/product\/sale-nike-air-jordan-1-retro-high-blue-red\/"},"modified":"2026-02-02T14:14:21","modified_gmt":"2026-02-02T11:14:21","slug":"sale-nike-air-jordan-1-retro-high-blue-red","status":"publish","type":"product","link":"https:\/\/nextsnkr.com\/lv\/product\/sale-nike-air-jordan-1-retro-high-blue-red\/","title":{"rendered":"Nike Air Jordan 1 Retro High Blue \/ Red \u010d\u012bbas-v\u012brie\u0161u lakotas \u010d\u012bbas"},"content":{"rendered":"<h2>Nike Air Jordan 1 Retro High Blue \/ Red \u010d\u012bbas-v\u012brie\u0161u lakotas \u010d\u012bbas<\/h2>\n<p>&nbsp;<\/p>\n<p>Nike Air Jordan 1 Retro High Blue \/ Red ir stil\u012bgas v\u012brie\u0161u lak\u0101das kedas, kas apvieno iztur\u012bbu, komfortu un le\u0123end\u0101ro dizainu. Modelis ir ide\u0101li piem\u0113rots ikdienas valk\u0101\u0161anai, akt\u012bvai atp\u016btai un dinamiskam pils\u0113tas izskatam. Augstais spilventi\u0146\u0161 nodro\u0161ina pot\u012btes atbalstu, un spilgt\u0101 zil\u0101 un sarkan\u0101 kombin\u0101cija izce\u013c person\u012bbu un stilu. Ra\u017eo\u0161ana Vjetnam\u0101 garant\u0113 augstas kvalit\u0101tes materi\u0101lus un iztur\u012bbu.<\/p>\n","protected":false},"excerpt":{"rendered":"<p>Nike Air Jordan 1 Retro High Blue \/ Red ir stil\u012bgas v\u012brie\u0161u lak\u0101das kedas, kas apvieno iztur\u012bbu, komfortu un le\u0123end\u0101ro dizainu. Modelis ir ide\u0101li piem\u0113rots ikdienas valk\u0101\u0161anai, akt\u012bvai atp\u016btai un dinamiskam pils\u0113tas izskatam. Augstais spilventi\u0146\u0161 nodro\u0161ina pot\u012btes atbalstu, un spilgt\u0101 zil\u0101 un sarkan\u0101 kombin\u0101cija izce\u013c person\u012bbu un stilu. Ra\u017eo\u0161ana Vjetnam\u0101 garant\u0113 augstas kvalit\u0101tes materi\u0101lus un iztur\u012bbu.<\/p>\n","protected":false},"featured_media":708171,"comment_status":"open","ping_status":"open","template":"","meta":[],"product_brand":[],"product_cat":[3387,3251,3322],"product_tag":[],"class_list":{"0":"post-708170","1":"product","2":"type-product","3":"status-publish","4":"has-post-thumbnail","6":"product_cat-nike-jordan","7":"product_cat-all-product","8":"product_cat-kedy","9":"pa_rozmir-910","10":"pa_rozmir-912","11":"pa_rozmir-914","12":"pa_rozmir-915","13":"pa_rozmir-916","14":"pa_rozmir-917","15":"pa_rozmir-918","16":"pa_rozmir-919","17":"pa_rozmir-920","18":"pa_rozmir-921","19":"pa_rozmir-922","21":"first","22":"instock","23":"purchasable","24":"product-type-variable"},"_links":{"self":[{"href":"https:\/\/nextsnkr.com\/lv\/wp-json\/wp\/v2\/product\/708170","targetHints":{"allow":["GET"]}}],"collection":[{"href":"https:\/\/nextsnkr.com\/lv\/wp-json\/wp\/v2\/product"}],"about":[{"href":"https:\/\/nextsnkr.com\/lv\/wp-json\/wp\/v2\/types\/product"}],"replies":[{"embeddable":true,"href":"https:\/\/nextsnkr.com\/lv\/wp-json\/wp\/v2\/comments?post=708170"}],"version-history":[{"count":0,"href":"https:\/\/nextsnkr.com\/lv\/wp-json\/wp\/v2\/product\/708170\/revisions"}],"wp:featuredmedia":[{"embeddable":true,"href":"https:\/\/nextsnkr.com\/lv\/wp-json\/wp\/v2\/media\/708171"}],"wp:attachment":[{"href":"https:\/\/nextsnkr.com\/lv\/wp-json\/wp\/v2\/media?parent=708170"}],"wp:term":[{"taxonomy":"product_brand","embeddable":true,"href":"https:\/\/nextsnkr.com\/lv\/wp-json\/wp\/v2\/product_brand?post=708170"},{"taxonomy":"product_cat","embeddable":true,"href":"https:\/\/nextsnkr.com\/lv\/wp-json\/wp\/v2\/product_cat?post=708170"},{"taxonomy":"product_tag","embeddable":true,"href":"https:\/\/nextsnkr.com\/lv\/wp-json\/wp\/v2\/product_tag?post=708170"}],"curies":[{"name":"wp","href":"https:\/\/api.w.org\/{rel}","templated":true}]}}