{"id":708000,"date":"2025-06-16T21:34:40","date_gmt":"2025-06-16T18:34:40","guid":{"rendered":"https:\/\/nextsnkr.com\/product\/nike-air-jordan-1-mid-se-fearless-maison\/"},"modified":"2026-02-02T14:14:17","modified_gmt":"2026-02-02T11:14:17","slug":"nike-air-jordan-1-mid-se-fearless-maison","status":"publish","type":"product","link":"https:\/\/nextsnkr.com\/lv\/product\/nike-air-jordan-1-mid-se-fearless-maison\/","title":{"rendered":"Nike Air Jordan 1 Mid se Fearless Maison \u010d\u012bbas no tekstur\u0113tas \u0101das"},"content":{"rendered":"<h2>Nike Air Jordan 1 Mid se Fearless Maison \u010d\u012bbas no tekstur\u0113tas \u0101das<\/h2>\n<p>&nbsp;<\/p>\n<p>Nike Air Jordan 1 Mid se Fearless Maison \u2014 stil\u012bgas \u010d\u012bbas, kas izgatavotas no tekstur\u0113tas \u0101das un tekstila m\u0113les iek\u0161pus\u0113, nodro\u0161inot komfortu un iztur\u012bbu. Putu triecienu absorb\u0113jo\u0161\u0101 zole un nodilumiztur\u012bga gumijas slauc\u012b\u0161ana garant\u0113 stabilit\u0101ti un iztur\u012bbu ikdienas valk\u0101\u0161an\u0101. \u0160\u012bs \u010d\u012bbas, kas ra\u017eotas Vjetnam\u0101, apvieno izcilu dizainu, atpaz\u012bstamu Air Jordan stilu un uzticam\u012bbu, padarot t\u0101s par ide\u0101lu izv\u0113li akt\u012bvai pils\u0113tas dz\u012bvei un dinamiskam izskatam.<\/p>\n","protected":false},"excerpt":{"rendered":"<p>Nike Air Jordan 1 Mid se Fearless Maison \u2014 stil\u012bgas \u010d\u012bbas, kas izgatavotas no tekstur\u0113tas \u0101das un tekstila m\u0113les iek\u0161pus\u0113, nodro\u0161inot komfortu un iztur\u012bbu. Putu triecienu absorb\u0113jo\u0161\u0101 zole un nodilumiztur\u012bga gumijas slauc\u012b\u0161ana garant\u0113 stabilit\u0101ti un iztur\u012bbu ikdienas valk\u0101\u0161an\u0101. \u0160\u012bs \u010d\u012bbas, kas ra\u017eotas Vjetnam\u0101, apvieno izcilu dizainu, atpaz\u012bstamu Air Jordan stilu un uzticam\u012bbu, padarot t\u0101s par ide\u0101lu izv\u0113li akt\u012bvai pils\u0113tas dz\u012bvei un dinamiskam izskatam.<\/p>\n","protected":false},"featured_media":708001,"comment_status":"open","ping_status":"open","template":"","meta":[],"product_brand":[],"product_cat":[3387,3251,3322],"product_tag":[],"class_list":{"0":"post-708000","1":"product","2":"type-product","3":"status-publish","4":"has-post-thumbnail","6":"product_cat-nike-jordan","7":"product_cat-all-product","8":"product_cat-kedy","9":"pa_rozmir-910","10":"pa_rozmir-912","11":"pa_rozmir-914","12":"pa_rozmir-915","13":"pa_rozmir-916","14":"pa_rozmir-917","15":"pa_rozmir-918","16":"pa_rozmir-919","17":"pa_rozmir-920","18":"pa_rozmir-921","19":"pa_rozmir-922","21":"first","22":"instock","23":"purchasable","24":"product-type-variable"},"_links":{"self":[{"href":"https:\/\/nextsnkr.com\/lv\/wp-json\/wp\/v2\/product\/708000","targetHints":{"allow":["GET"]}}],"collection":[{"href":"https:\/\/nextsnkr.com\/lv\/wp-json\/wp\/v2\/product"}],"about":[{"href":"https:\/\/nextsnkr.com\/lv\/wp-json\/wp\/v2\/types\/product"}],"replies":[{"embeddable":true,"href":"https:\/\/nextsnkr.com\/lv\/wp-json\/wp\/v2\/comments?post=708000"}],"version-history":[{"count":0,"href":"https:\/\/nextsnkr.com\/lv\/wp-json\/wp\/v2\/product\/708000\/revisions"}],"wp:featuredmedia":[{"embeddable":true,"href":"https:\/\/nextsnkr.com\/lv\/wp-json\/wp\/v2\/media\/708001"}],"wp:attachment":[{"href":"https:\/\/nextsnkr.com\/lv\/wp-json\/wp\/v2\/media?parent=708000"}],"wp:term":[{"taxonomy":"product_brand","embeddable":true,"href":"https:\/\/nextsnkr.com\/lv\/wp-json\/wp\/v2\/product_brand?post=708000"},{"taxonomy":"product_cat","embeddable":true,"href":"https:\/\/nextsnkr.com\/lv\/wp-json\/wp\/v2\/product_cat?post=708000"},{"taxonomy":"product_tag","embeddable":true,"href":"https:\/\/nextsnkr.com\/lv\/wp-json\/wp\/v2\/product_tag?post=708000"}],"curies":[{"name":"wp","href":"https:\/\/api.w.org\/{rel}","templated":true}]}}