{"id":707320,"date":"2025-06-16T21:37:56","date_gmt":"2025-06-16T18:37:56","guid":{"rendered":"https:\/\/nextsnkr.com\/product\/nike-air-jordan-1-retro-high-og-black-orange\/"},"modified":"2026-02-02T14:13:59","modified_gmt":"2026-02-02T11:13:59","slug":"nike-air-jordan-1-retro-high-og-black-orange","status":"publish","type":"product","link":"https:\/\/nextsnkr.com\/lv\/product\/nike-air-jordan-1-retro-high-og-black-orange\/","title":{"rendered":"Nike Air Jordan 1 Retro High OG Black \/ Orange \u010d\u012bbas-lakotas \u0101das \u010d\u012bbas"},"content":{"rendered":"<h2>Nike Air Jordan 1 Retro High OG Black \/ Orange \u010d\u012bbas-lakotas \u0101das \u010d\u012bbas<\/h2>\n<p>&nbsp;<\/p>\n<p>Le\u0123end\u0101r\u0101s Nike Air Jordan 1 Retro High OG Black\/Orange \u010d\u012bbas ir izgatavotas no augstas kvalit\u0101tes lak\u0101das, kas nodro\u0161ina iztur\u012bbu un stil\u012bgu sp\u012bdumu. Augsts siluets atbalsta pot\u012bti, un triecienu absorb\u0113jo\u0161\u0101 zole garant\u0113 komfortu ikdienas valk\u0101\u0161anas laik\u0101. Meln\u0101 un oran\u017e\u0101 kontrast\u0113jo\u0161\u0101 kombin\u0101cija padara modeli par izteiksm\u012bgu akcentu jebkur\u0101 izskat\u0101. Ide\u0101la izv\u0113le Nike z\u012bmola faniem, kuri nov\u0113rt\u0113 Air Jordan stilu, augst\u0101k\u0101s kvalit\u0101tes kvalit\u0101ti un le\u0123end\u0101ro dizainu.<\/p>\n","protected":false},"excerpt":{"rendered":"<p>Le\u0123end\u0101r\u0101s Nike Air Jordan 1 Retro High OG Black\/Orange \u010d\u012bbas ir izgatavotas no augstas kvalit\u0101tes lak\u0101das, kas nodro\u0161ina iztur\u012bbu un stil\u012bgu sp\u012bdumu. Augsts siluets atbalsta pot\u012bti, un triecienu absorb\u0113jo\u0161\u0101 zole garant\u0113 komfortu ikdienas valk\u0101\u0161anas laik\u0101. Meln\u0101 un oran\u017e\u0101 kontrast\u0113jo\u0161\u0101 kombin\u0101cija padara modeli par izteiksm\u012bgu akcentu jebkur\u0101 izskat\u0101. Ide\u0101la izv\u0113le Nike z\u012bmola faniem, kuri nov\u0113rt\u0113 Air Jordan stilu, augst\u0101k\u0101s kvalit\u0101tes kvalit\u0101ti un le\u0123end\u0101ro dizainu.<\/p>\n","protected":false},"featured_media":707321,"comment_status":"open","ping_status":"open","template":"","meta":[],"product_brand":[],"product_cat":[3387,3251,3322],"product_tag":[],"class_list":{"0":"post-707320","1":"product","2":"type-product","3":"status-publish","4":"has-post-thumbnail","6":"product_cat-nike-jordan","7":"product_cat-all-product","8":"product_cat-kedy","9":"pa_rozmir-910","10":"pa_rozmir-912","11":"pa_rozmir-914","12":"pa_rozmir-915","13":"pa_rozmir-916","14":"pa_rozmir-917","15":"pa_rozmir-918","16":"pa_rozmir-919","17":"pa_rozmir-920","18":"pa_rozmir-921","19":"pa_rozmir-922","21":"first","22":"onbackorder","23":"purchasable","24":"product-type-variable"},"_links":{"self":[{"href":"https:\/\/nextsnkr.com\/lv\/wp-json\/wp\/v2\/product\/707320","targetHints":{"allow":["GET"]}}],"collection":[{"href":"https:\/\/nextsnkr.com\/lv\/wp-json\/wp\/v2\/product"}],"about":[{"href":"https:\/\/nextsnkr.com\/lv\/wp-json\/wp\/v2\/types\/product"}],"replies":[{"embeddable":true,"href":"https:\/\/nextsnkr.com\/lv\/wp-json\/wp\/v2\/comments?post=707320"}],"version-history":[{"count":0,"href":"https:\/\/nextsnkr.com\/lv\/wp-json\/wp\/v2\/product\/707320\/revisions"}],"wp:featuredmedia":[{"embeddable":true,"href":"https:\/\/nextsnkr.com\/lv\/wp-json\/wp\/v2\/media\/707321"}],"wp:attachment":[{"href":"https:\/\/nextsnkr.com\/lv\/wp-json\/wp\/v2\/media?parent=707320"}],"wp:term":[{"taxonomy":"product_brand","embeddable":true,"href":"https:\/\/nextsnkr.com\/lv\/wp-json\/wp\/v2\/product_brand?post=707320"},{"taxonomy":"product_cat","embeddable":true,"href":"https:\/\/nextsnkr.com\/lv\/wp-json\/wp\/v2\/product_cat?post=707320"},{"taxonomy":"product_tag","embeddable":true,"href":"https:\/\/nextsnkr.com\/lv\/wp-json\/wp\/v2\/product_tag?post=707320"}],"curies":[{"name":"wp","href":"https:\/\/api.w.org\/{rel}","templated":true}]}}