{"id":707150,"date":"2025-06-16T21:38:45","date_gmt":"2025-06-16T18:38:45","guid":{"rendered":"https:\/\/nextsnkr.com\/product\/nike-air-jordan-1-retro-high-tokyo-bio-hack\/"},"modified":"2026-02-02T14:13:54","modified_gmt":"2026-02-02T11:13:54","slug":"nike-air-jordan-1-retro-high-tokyo-bio-hack","status":"publish","type":"product","link":"https:\/\/nextsnkr.com\/lv\/product\/nike-air-jordan-1-retro-high-tokyo-bio-hack\/","title":{"rendered":"Nike Air jordan 1 Retro High Tokyo Bio Hack \u010d\u012bbas-\u0101das augsti"},"content":{"rendered":"<h2>Nike Air jordan 1 Retro High Tokyo Bio Hack \u010d\u012bbas-\u0101das augsti<\/h2>\n<p>&nbsp;<\/p>\n<p>Nike Air Jordan 1 Retro High Tokyo Bio Hack \u010d\u012bbas ir stil\u012bgs un \u0113rts modelis sezonas valk\u0101\u0161anai. Izgatavoti no \u012bstas \u0101das ar putu zoli un nodilumiztur\u012bgu gumiju, tie nodro\u0161ina amortiz\u0101ciju, iztur\u012bbu un \u0113rtu p\u0113das piegul\u0161anu. Augstais siluets atbalsta pot\u012bti, un Tokijas Bio Hack unik\u0101lais dizains izce\u013c person\u012bbu un moderno stilu. Mode\u013ca vieglais svars ir 790 g, izm\u0113ri ir 40-45. izv\u0113lieties Nike Air Jordan 1-komfortu, iztur\u012bbu un le\u0123end\u0101ro dizainu katr\u0101 sol\u012b.<\/p>\n","protected":false},"excerpt":{"rendered":"<p>Nike Air Jordan 1 Retro High Tokyo Bio Hack \u010d\u012bbas ir stil\u012bgs un \u0113rts modelis sezonas valk\u0101\u0161anai. Izgatavoti no \u012bstas \u0101das ar putu zoli un nodilumiztur\u012bgu gumiju, tie nodro\u0161ina amortiz\u0101ciju, iztur\u012bbu un \u0113rtu p\u0113das piegul\u0161anu. Augstais siluets atbalsta pot\u012bti, un Tokijas Bio Hack unik\u0101lais dizains izce\u013c person\u012bbu un moderno stilu. Mode\u013ca vieglais svars ir 790 g, izm\u0113ri ir 40-45. izv\u0113lieties Nike Air Jordan 1-komfortu, iztur\u012bbu un le\u0123end\u0101ro dizainu katr\u0101 sol\u012b.<\/p>\n","protected":false},"featured_media":707151,"comment_status":"open","ping_status":"open","template":"","meta":[],"product_brand":[],"product_cat":[3387,3251,3322],"product_tag":[],"class_list":{"0":"post-707150","1":"product","2":"type-product","3":"status-publish","4":"has-post-thumbnail","6":"product_cat-nike-jordan","7":"product_cat-all-product","8":"product_cat-kedy","9":"pa_rozmir-910","10":"pa_rozmir-912","11":"pa_rozmir-914","12":"pa_rozmir-915","13":"pa_rozmir-916","14":"pa_rozmir-917","15":"pa_rozmir-918","16":"pa_rozmir-919","17":"pa_rozmir-920","18":"pa_rozmir-921","19":"pa_rozmir-922","21":"first","22":"onbackorder","23":"purchasable","24":"product-type-variable"},"_links":{"self":[{"href":"https:\/\/nextsnkr.com\/lv\/wp-json\/wp\/v2\/product\/707150","targetHints":{"allow":["GET"]}}],"collection":[{"href":"https:\/\/nextsnkr.com\/lv\/wp-json\/wp\/v2\/product"}],"about":[{"href":"https:\/\/nextsnkr.com\/lv\/wp-json\/wp\/v2\/types\/product"}],"replies":[{"embeddable":true,"href":"https:\/\/nextsnkr.com\/lv\/wp-json\/wp\/v2\/comments?post=707150"}],"version-history":[{"count":0,"href":"https:\/\/nextsnkr.com\/lv\/wp-json\/wp\/v2\/product\/707150\/revisions"}],"wp:featuredmedia":[{"embeddable":true,"href":"https:\/\/nextsnkr.com\/lv\/wp-json\/wp\/v2\/media\/707151"}],"wp:attachment":[{"href":"https:\/\/nextsnkr.com\/lv\/wp-json\/wp\/v2\/media?parent=707150"}],"wp:term":[{"taxonomy":"product_brand","embeddable":true,"href":"https:\/\/nextsnkr.com\/lv\/wp-json\/wp\/v2\/product_brand?post=707150"},{"taxonomy":"product_cat","embeddable":true,"href":"https:\/\/nextsnkr.com\/lv\/wp-json\/wp\/v2\/product_cat?post=707150"},{"taxonomy":"product_tag","embeddable":true,"href":"https:\/\/nextsnkr.com\/lv\/wp-json\/wp\/v2\/product_tag?post=707150"}],"curies":[{"name":"wp","href":"https:\/\/api.w.org\/{rel}","templated":true}]}}