{"id":706980,"date":"2025-06-16T21:39:33","date_gmt":"2025-06-16T18:39:33","guid":{"rendered":"https:\/\/nextsnkr.com\/product\/nike-air-jordan-1-high-og-volt-gold\/"},"modified":"2026-02-02T14:13:50","modified_gmt":"2026-02-02T11:13:50","slug":"nike-air-jordan-1-high-og-volt-gold","status":"publish","type":"product","link":"https:\/\/nextsnkr.com\/lv\/product\/nike-air-jordan-1-high-og-volt-gold\/","title":{"rendered":"Nike Air jordan 1 High OG Volt Gold \u010d\u012bbas &#8211; \u0101das v\u012brie\u0161u Premium"},"content":{"rendered":"<h2>Nike Air jordan 1 High OG Volt Gold \u010d\u012bbas &#8211; \u0101das v\u012brie\u0161u Premium<\/h2>\n<p>&nbsp;<\/p>\n<p>Nike Air Jordan 1 High OG Volt Gold \u010d\u012bbas ir izgatavotas no augstas kvalit\u0101tes \u0101das ar tekstila m\u0113li, kas nodro\u0161ina komfortu, iztur\u012bbu un stil\u012bgu piegul\u0161anu k\u0101j\u0101. Volt Gold spilgt\u0101 kr\u0101sa padara modeli par iev\u0113rojamu jebkura izskata akcentu. Iztur\u012bg\u0101 zole garant\u0113 stabilit\u0101ti un triecienu absorbciju ikdienas valk\u0101\u0161an\u0101. Ra\u017eoti Vjetnam\u0101, tie ir ori\u0123in\u0101l\u0101 iepakojum\u0101 ar dokument\u0101ciju, Stock X komplektu un Nike plastmasas karti, ide\u0101li piem\u0113roti pils\u0113tas stilam un kolekcion\u0101riem.<\/p>\n","protected":false},"excerpt":{"rendered":"<p>Nike Air Jordan 1 High OG Volt Gold \u010d\u012bbas ir izgatavotas no augstas kvalit\u0101tes \u0101das ar tekstila m\u0113li, kas nodro\u0161ina komfortu, iztur\u012bbu un stil\u012bgu piegul\u0161anu k\u0101j\u0101. Volt Gold spilgt\u0101 kr\u0101sa padara modeli par iev\u0113rojamu jebkura izskata akcentu. Iztur\u012bg\u0101 zole garant\u0113 stabilit\u0101ti un triecienu absorbciju ikdienas valk\u0101\u0161an\u0101. Ra\u017eoti Vjetnam\u0101, tie ir ori\u0123in\u0101l\u0101 iepakojum\u0101 ar dokument\u0101ciju, Stock X komplektu un Nike plastmasas karti, ide\u0101li piem\u0113roti pils\u0113tas stilam un kolekcion\u0101riem.<\/p>\n","protected":false},"featured_media":706981,"comment_status":"open","ping_status":"open","template":"","meta":[],"product_brand":[],"product_cat":[3387,3251,3322],"product_tag":[],"class_list":{"0":"post-706980","1":"product","2":"type-product","3":"status-publish","4":"has-post-thumbnail","6":"product_cat-nike-jordan","7":"product_cat-all-product","8":"product_cat-kedy","9":"pa_rozmir-910","10":"pa_rozmir-912","11":"pa_rozmir-914","12":"pa_rozmir-915","13":"pa_rozmir-916","14":"pa_rozmir-917","15":"pa_rozmir-918","16":"pa_rozmir-919","17":"pa_rozmir-920","18":"pa_rozmir-921","19":"pa_rozmir-922","21":"first","22":"onbackorder","23":"purchasable","24":"product-type-variable"},"_links":{"self":[{"href":"https:\/\/nextsnkr.com\/lv\/wp-json\/wp\/v2\/product\/706980","targetHints":{"allow":["GET"]}}],"collection":[{"href":"https:\/\/nextsnkr.com\/lv\/wp-json\/wp\/v2\/product"}],"about":[{"href":"https:\/\/nextsnkr.com\/lv\/wp-json\/wp\/v2\/types\/product"}],"replies":[{"embeddable":true,"href":"https:\/\/nextsnkr.com\/lv\/wp-json\/wp\/v2\/comments?post=706980"}],"version-history":[{"count":0,"href":"https:\/\/nextsnkr.com\/lv\/wp-json\/wp\/v2\/product\/706980\/revisions"}],"wp:featuredmedia":[{"embeddable":true,"href":"https:\/\/nextsnkr.com\/lv\/wp-json\/wp\/v2\/media\/706981"}],"wp:attachment":[{"href":"https:\/\/nextsnkr.com\/lv\/wp-json\/wp\/v2\/media?parent=706980"}],"wp:term":[{"taxonomy":"product_brand","embeddable":true,"href":"https:\/\/nextsnkr.com\/lv\/wp-json\/wp\/v2\/product_brand?post=706980"},{"taxonomy":"product_cat","embeddable":true,"href":"https:\/\/nextsnkr.com\/lv\/wp-json\/wp\/v2\/product_cat?post=706980"},{"taxonomy":"product_tag","embeddable":true,"href":"https:\/\/nextsnkr.com\/lv\/wp-json\/wp\/v2\/product_tag?post=706980"}],"curies":[{"name":"wp","href":"https:\/\/api.w.org\/{rel}","templated":true}]}}