{"id":706641,"date":"2025-06-16T21:41:11","date_gmt":"2025-06-16T18:41:11","guid":{"rendered":"https:\/\/nextsnkr.com\/product\/nike-air-jordan-1-retro-high-og-turbo-green\/"},"modified":"2026-02-02T14:13:32","modified_gmt":"2026-02-02T11:13:32","slug":"nike-air-jordan-1-retro-high-og-turbo-green","status":"publish","type":"product","link":"https:\/\/nextsnkr.com\/lv\/product\/nike-air-jordan-1-retro-high-og-turbo-green\/","title":{"rendered":"Nike Air jordan 1 Retro High OG Turbo Green \u010d\u012bbas &#8211; premium \u0101das Kross"},"content":{"rendered":"<h2>Nike Air jordan 1 Retro High OG Turbo Green \u010d\u012bbas &#8211; premium \u0101das Kross<\/h2>\n<p>&nbsp;<\/p>\n<p>Nike Air Jordan 1 Retro High OG &#8220;Turbo Green&#8221; \u010d\u012bbas ir stil\u012bgs un \u0113rts modelis ikdienas valk\u0101\u0161anai un Urban stilam. Izgatavots no augstas kvalit\u0101tes \u0101das ar tekstila m\u0113li un cietas gumijas zoli, lai nodro\u0161in\u0101tu dro\u0161u sa\u0137eri ar vis\u0101m virsm\u0101m. 801 gramu demi sezonas modelis nodro\u0161ina komfortu un iztur\u012bbu. Spilgtais Turbo Green tonis izce\u013c person\u012bbu un moderno stilu. \u0160\u012bs kedas, kas ra\u017eotas Vjetnam\u0101, ir ide\u0101li piem\u0113rotas akt\u012bvai dz\u012bvei un popul\u0101ram izskatam. Izv\u0113lieties Air Jordan 1 Retro High OG-stila, kvalit\u0101tes un presti\u017ea kombin\u0101cija.<\/p>\n","protected":false},"excerpt":{"rendered":"<p>Nike Air Jordan 1 Retro High OG &#8220;Turbo Green&#8221; \u010d\u012bbas ir stil\u012bgs un \u0113rts modelis ikdienas valk\u0101\u0161anai un Urban stilam. Izgatavots no augstas kvalit\u0101tes \u0101das ar tekstila m\u0113li un cietas gumijas zoli, lai nodro\u0161in\u0101tu dro\u0161u sa\u0137eri ar vis\u0101m virsm\u0101m. 801 gramu demi sezonas modelis nodro\u0161ina komfortu un iztur\u012bbu. Spilgtais Turbo Green tonis izce\u013c person\u012bbu un moderno stilu. \u0160\u012bs kedas, kas ra\u017eotas Vjetnam\u0101, ir ide\u0101li piem\u0113rotas akt\u012bvai dz\u012bvei un popul\u0101ram izskatam. Izv\u0113lieties Air Jordan 1 Retro High OG-stila, kvalit\u0101tes un presti\u017ea kombin\u0101cija.<\/p>\n","protected":false},"featured_media":706642,"comment_status":"open","ping_status":"open","template":"","meta":[],"product_brand":[],"product_cat":[3387,3251,3322],"product_tag":[],"class_list":{"0":"post-706641","1":"product","2":"type-product","3":"status-publish","4":"has-post-thumbnail","6":"product_cat-nike-jordan","7":"product_cat-all-product","8":"product_cat-kedy","9":"pa_rozmir-910","10":"pa_rozmir-912","11":"pa_rozmir-914","12":"pa_rozmir-915","13":"pa_rozmir-916","14":"pa_rozmir-917","15":"pa_rozmir-918","16":"pa_rozmir-919","17":"pa_rozmir-920","18":"pa_rozmir-921","19":"pa_rozmir-922","21":"first","22":"instock","23":"purchasable","24":"product-type-variable"},"_links":{"self":[{"href":"https:\/\/nextsnkr.com\/lv\/wp-json\/wp\/v2\/product\/706641","targetHints":{"allow":["GET"]}}],"collection":[{"href":"https:\/\/nextsnkr.com\/lv\/wp-json\/wp\/v2\/product"}],"about":[{"href":"https:\/\/nextsnkr.com\/lv\/wp-json\/wp\/v2\/types\/product"}],"replies":[{"embeddable":true,"href":"https:\/\/nextsnkr.com\/lv\/wp-json\/wp\/v2\/comments?post=706641"}],"version-history":[{"count":0,"href":"https:\/\/nextsnkr.com\/lv\/wp-json\/wp\/v2\/product\/706641\/revisions"}],"wp:featuredmedia":[{"embeddable":true,"href":"https:\/\/nextsnkr.com\/lv\/wp-json\/wp\/v2\/media\/706642"}],"wp:attachment":[{"href":"https:\/\/nextsnkr.com\/lv\/wp-json\/wp\/v2\/media?parent=706641"}],"wp:term":[{"taxonomy":"product_brand","embeddable":true,"href":"https:\/\/nextsnkr.com\/lv\/wp-json\/wp\/v2\/product_brand?post=706641"},{"taxonomy":"product_cat","embeddable":true,"href":"https:\/\/nextsnkr.com\/lv\/wp-json\/wp\/v2\/product_cat?post=706641"},{"taxonomy":"product_tag","embeddable":true,"href":"https:\/\/nextsnkr.com\/lv\/wp-json\/wp\/v2\/product_tag?post=706641"}],"curies":[{"name":"wp","href":"https:\/\/api.w.org\/{rel}","templated":true}]}}