{"id":706471,"date":"2025-06-16T21:41:59","date_gmt":"2025-06-16T18:41:59","guid":{"rendered":"https:\/\/nextsnkr.com\/product\/nike-air-jordan-1-retro-high-og-yellow-toe\/"},"modified":"2026-02-02T14:13:27","modified_gmt":"2026-02-02T11:13:27","slug":"nike-air-jordan-1-retro-high-og-yellow-toe","status":"publish","type":"product","link":"https:\/\/nextsnkr.com\/lv\/product\/nike-air-jordan-1-retro-high-og-yellow-toe\/","title":{"rendered":"Nike Air jordan 1 Retro high OG Yellow Toe \u010d\u012bbas-\u0101das \u010d\u012bbas"},"content":{"rendered":"<h2>Nike Air jordan 1 Retro high OG Yellow Toe \u010d\u012bbas-\u0101das \u010d\u012bbas<\/h2>\n<p>&nbsp;<\/p>\n<p>Nike Air Jordan 1 Retro High OG &#8220;Yellow Toe&#8221; \u010d\u012bbas ir klasisks modelis sporta stila un komforta cien\u012bt\u0101jiem. Izgatavoti no \u012bstas \u0101das ar tekstila m\u0113li, tie nodro\u0161ina p\u0113das iztur\u012bbu, iztur\u012bbu un \u0113rtu piegul\u0161anu. Spilgta dzelten\u0101s un meln\u0101s kr\u0101sas kombin\u0101cija pie\u0161\u0137ir m\u016bsdien\u012bgumu un person\u012bbu. Zole garant\u0113 amortiz\u0101ciju un stabilit\u0101ti, ejot. Ra\u017eot\u0101js-r\u016bpn\u012bcas Vjetnama. Stilam un komfortam izv\u0113lieties Air Jordan 1 Retro High OG Yellow Toe. Kods: 2282-144581.<\/p>\n","protected":false},"excerpt":{"rendered":"<p>Nike Air Jordan 1 Retro High OG &#8220;Yellow Toe&#8221; \u010d\u012bbas ir klasisks modelis sporta stila un komforta cien\u012bt\u0101jiem. Izgatavoti no \u012bstas \u0101das ar tekstila m\u0113li, tie nodro\u0161ina p\u0113das iztur\u012bbu, iztur\u012bbu un \u0113rtu piegul\u0161anu. Spilgta dzelten\u0101s un meln\u0101s kr\u0101sas kombin\u0101cija pie\u0161\u0137ir m\u016bsdien\u012bgumu un person\u012bbu. Zole garant\u0113 amortiz\u0101ciju un stabilit\u0101ti, ejot. Ra\u017eot\u0101js-r\u016bpn\u012bcas Vjetnama. Stilam un komfortam izv\u0113lieties Air Jordan 1 Retro High OG Yellow Toe. Kods: 2282-144581.<\/p>\n","protected":false},"featured_media":706472,"comment_status":"open","ping_status":"open","template":"","meta":[],"product_brand":[],"product_cat":[3387,3251,3322],"product_tag":[],"class_list":{"0":"post-706471","1":"product","2":"type-product","3":"status-publish","4":"has-post-thumbnail","6":"product_cat-nike-jordan","7":"product_cat-all-product","8":"product_cat-kedy","9":"pa_rozmir-910","10":"pa_rozmir-912","11":"pa_rozmir-914","12":"pa_rozmir-915","13":"pa_rozmir-916","14":"pa_rozmir-917","15":"pa_rozmir-918","16":"pa_rozmir-919","17":"pa_rozmir-920","18":"pa_rozmir-921","19":"pa_rozmir-922","21":"first","22":"onbackorder","23":"purchasable","24":"product-type-variable"},"_links":{"self":[{"href":"https:\/\/nextsnkr.com\/lv\/wp-json\/wp\/v2\/product\/706471","targetHints":{"allow":["GET"]}}],"collection":[{"href":"https:\/\/nextsnkr.com\/lv\/wp-json\/wp\/v2\/product"}],"about":[{"href":"https:\/\/nextsnkr.com\/lv\/wp-json\/wp\/v2\/types\/product"}],"replies":[{"embeddable":true,"href":"https:\/\/nextsnkr.com\/lv\/wp-json\/wp\/v2\/comments?post=706471"}],"version-history":[{"count":0,"href":"https:\/\/nextsnkr.com\/lv\/wp-json\/wp\/v2\/product\/706471\/revisions"}],"wp:featuredmedia":[{"embeddable":true,"href":"https:\/\/nextsnkr.com\/lv\/wp-json\/wp\/v2\/media\/706472"}],"wp:attachment":[{"href":"https:\/\/nextsnkr.com\/lv\/wp-json\/wp\/v2\/media?parent=706471"}],"wp:term":[{"taxonomy":"product_brand","embeddable":true,"href":"https:\/\/nextsnkr.com\/lv\/wp-json\/wp\/v2\/product_brand?post=706471"},{"taxonomy":"product_cat","embeddable":true,"href":"https:\/\/nextsnkr.com\/lv\/wp-json\/wp\/v2\/product_cat?post=706471"},{"taxonomy":"product_tag","embeddable":true,"href":"https:\/\/nextsnkr.com\/lv\/wp-json\/wp\/v2\/product_tag?post=706471"}],"curies":[{"name":"wp","href":"https:\/\/api.w.org\/{rel}","templated":true}]}}