{"id":705794,"date":"2025-06-14T17:32:21","date_gmt":"2025-06-14T14:32:21","guid":{"rendered":"https:\/\/nextsnkr.com\/product\/classic-ultra-mini-platform-black-leather\/"},"modified":"2026-02-02T14:13:09","modified_gmt":"2026-02-02T11:13:09","slug":"classic-ultra-mini-platform-black-leather","status":"publish","type":"product","link":"https:\/\/nextsnkr.com\/lv\/product\/classic-ultra-mini-platform-black-leather\/","title":{"rendered":"UGG Classic Ultra Mini platformas meln\u0101 \u0101da-\u0101das sievie\u0161u uggs"},"content":{"rendered":"<h2>UGG Classic Ultra Mini platformas meln\u0101 \u0101da-\u0101das sievie\u0161u uggs<\/h2>\n<p>&nbsp;<\/p>\n<p>UGG Classic Ultra Mini platform Black Leather ir stil\u012bgs sievie\u0161u platformas uggs, kas izgatavots no augstas kvalit\u0101tes \u012astas \u0101das, kas nodro\u0161ina iztur\u012bbu un komfortu. Ultra Mini modelis apvieno modernu dizainu un klasisku eleganci, viegli piem\u0113rots ikdienas valk\u0101\u0161anai pils\u0113t\u0101 un pastaig\u0101s. \u0136\u012bn\u0101 ra\u017eotajiem ugg z\u0101bakiem ir maigums, \u0113rt\u012bbas un siltumizol\u0101cija. Ide\u0101la izv\u0113le tiem, kas nov\u0113rt\u0113 stilu, komfortu un praktiskumu aukstaj\u0101 sezon\u0101.<\/p>\n","protected":false},"excerpt":{"rendered":"<p>UGG Classic Ultra Mini platform Black Leather ir stil\u012bgs sievie\u0161u platformas uggs, kas izgatavots no augstas kvalit\u0101tes \u012astas \u0101das, kas nodro\u0161ina iztur\u012bbu un komfortu. Ultra Mini modelis apvieno modernu dizainu un klasisku eleganci, viegli piem\u0113rots ikdienas valk\u0101\u0161anai pils\u0113t\u0101 un pastaig\u0101s. \u0136\u012bn\u0101 ra\u017eotajiem ugg z\u0101bakiem ir maigums, \u0113rt\u012bbas un siltumizol\u0101cija. Ide\u0101la izv\u0113le tiem, kas nov\u0113rt\u0113 stilu, komfortu un praktiskumu aukstaj\u0101 sezon\u0101.<\/p>\n","protected":false},"featured_media":705795,"comment_status":"open","ping_status":"open","template":"","meta":[],"product_brand":[],"product_cat":[3411,3251],"product_tag":[],"class_list":{"0":"post-705794","1":"product","2":"type-product","3":"status-publish","4":"has-post-thumbnail","6":"product_cat-ugg","7":"product_cat-all-product","8":"pa_rozmir-910","9":"pa_rozmir-912","10":"pa_rozmir-914","11":"pa_rozmir-915","12":"pa_rozmir-916","13":"pa_rozmir-917","14":"pa_rozmir-918","15":"pa_rozmir-919","16":"pa_rozmir-920","17":"pa_rozmir-921","18":"pa_rozmir-922","20":"first","21":"onbackorder","22":"purchasable","23":"product-type-variable"},"_links":{"self":[{"href":"https:\/\/nextsnkr.com\/lv\/wp-json\/wp\/v2\/product\/705794","targetHints":{"allow":["GET"]}}],"collection":[{"href":"https:\/\/nextsnkr.com\/lv\/wp-json\/wp\/v2\/product"}],"about":[{"href":"https:\/\/nextsnkr.com\/lv\/wp-json\/wp\/v2\/types\/product"}],"replies":[{"embeddable":true,"href":"https:\/\/nextsnkr.com\/lv\/wp-json\/wp\/v2\/comments?post=705794"}],"version-history":[{"count":0,"href":"https:\/\/nextsnkr.com\/lv\/wp-json\/wp\/v2\/product\/705794\/revisions"}],"wp:featuredmedia":[{"embeddable":true,"href":"https:\/\/nextsnkr.com\/lv\/wp-json\/wp\/v2\/media\/705795"}],"wp:attachment":[{"href":"https:\/\/nextsnkr.com\/lv\/wp-json\/wp\/v2\/media?parent=705794"}],"wp:term":[{"taxonomy":"product_brand","embeddable":true,"href":"https:\/\/nextsnkr.com\/lv\/wp-json\/wp\/v2\/product_brand?post=705794"},{"taxonomy":"product_cat","embeddable":true,"href":"https:\/\/nextsnkr.com\/lv\/wp-json\/wp\/v2\/product_cat?post=705794"},{"taxonomy":"product_tag","embeddable":true,"href":"https:\/\/nextsnkr.com\/lv\/wp-json\/wp\/v2\/product_tag?post=705794"}],"curies":[{"name":"wp","href":"https:\/\/api.w.org\/{rel}","templated":true}]}}