{"id":704265,"date":"2025-06-14T17:37:39","date_gmt":"2025-06-14T14:37:39","guid":{"rendered":"https:\/\/nextsnkr.com\/product\/rowley-xlt-black-white\/"},"modified":"2026-02-02T14:12:17","modified_gmt":"2026-02-02T11:12:17","slug":"rowley-xlt-black-white","status":"publish","type":"product","link":"https:\/\/nextsnkr.com\/lv\/product\/rowley-xlt-black-white\/","title":{"rendered":"Rowley XLT Black \/ White \u010d\u012bbas-klasiska stila \u0101das v\u012brie\u0161u \u010d\u012bbas"},"content":{"rendered":"<h2>Rowley XLT Black \/ White \u010d\u012bbas-klasiska stila \u0101das v\u012brie\u0161u \u010d\u012bbas<\/h2>\n<p>&nbsp;<\/p>\n<p>Kedas Rowley XLT Black \/ White-stil\u012bgs modelis no dab\u012bg\u0101s \u0101das ikdienas n\u0113s\u0101\u0161anai. Melnbalt\u0101 kr\u0101su kombin\u0101cija padara t\u0101s daudzpus\u012bgas un viegli savienojamas ar jebkuru izskatu. Iztur\u012bgs materi\u0101ls nodro\u0161ina iztur\u012bbu un \u0113rta zole nodro\u0161ina komfortu visas dienas garum\u0101. Ra\u017eotas Vjetnam\u0101 no augstas kvalit\u0101tes materi\u0101liem, \u0161\u012bs kedas Rowley XLT apvieno stilu, praktiskumu un uzticam\u012bbu, lai akt\u012bvu dz\u012bvesveidu.<\/p>\n","protected":false},"excerpt":{"rendered":"<p>Kedas Rowley XLT Black \/ White-stil\u012bgs modelis no dab\u012bg\u0101s \u0101das ikdienas n\u0113s\u0101\u0161anai. Melnbalt\u0101 kr\u0101su kombin\u0101cija padara t\u0101s daudzpus\u012bgas un viegli savienojamas ar jebkuru izskatu. Iztur\u012bgs materi\u0101ls nodro\u0161ina iztur\u012bbu un \u0113rta zole nodro\u0161ina komfortu visas dienas garum\u0101. Ra\u017eotas Vjetnam\u0101 no augstas kvalit\u0101tes materi\u0101liem, \u0161\u012bs kedas Rowley XLT apvieno stilu, praktiskumu un uzticam\u012bbu, lai akt\u012bvu dz\u012bvesveidu.<\/p>\n","protected":false},"featured_media":704266,"comment_status":"open","ping_status":"open","template":"","meta":[],"product_brand":[],"product_cat":[3251,3322],"product_tag":[],"class_list":{"0":"post-704265","1":"product","2":"type-product","3":"status-publish","4":"has-post-thumbnail","6":"product_cat-all-product","7":"product_cat-kedy","8":"pa_rozmir-910","9":"pa_rozmir-912","10":"pa_rozmir-914","11":"pa_rozmir-915","12":"pa_rozmir-916","13":"pa_rozmir-917","14":"pa_rozmir-918","15":"pa_rozmir-919","16":"pa_rozmir-920","17":"pa_rozmir-921","18":"pa_rozmir-922","20":"first","21":"instock","22":"purchasable","23":"product-type-variable"},"_links":{"self":[{"href":"https:\/\/nextsnkr.com\/lv\/wp-json\/wp\/v2\/product\/704265","targetHints":{"allow":["GET"]}}],"collection":[{"href":"https:\/\/nextsnkr.com\/lv\/wp-json\/wp\/v2\/product"}],"about":[{"href":"https:\/\/nextsnkr.com\/lv\/wp-json\/wp\/v2\/types\/product"}],"replies":[{"embeddable":true,"href":"https:\/\/nextsnkr.com\/lv\/wp-json\/wp\/v2\/comments?post=704265"}],"version-history":[{"count":0,"href":"https:\/\/nextsnkr.com\/lv\/wp-json\/wp\/v2\/product\/704265\/revisions"}],"wp:featuredmedia":[{"embeddable":true,"href":"https:\/\/nextsnkr.com\/lv\/wp-json\/wp\/v2\/media\/704266"}],"wp:attachment":[{"href":"https:\/\/nextsnkr.com\/lv\/wp-json\/wp\/v2\/media?parent=704265"}],"wp:term":[{"taxonomy":"product_brand","embeddable":true,"href":"https:\/\/nextsnkr.com\/lv\/wp-json\/wp\/v2\/product_brand?post=704265"},{"taxonomy":"product_cat","embeddable":true,"href":"https:\/\/nextsnkr.com\/lv\/wp-json\/wp\/v2\/product_cat?post=704265"},{"taxonomy":"product_tag","embeddable":true,"href":"https:\/\/nextsnkr.com\/lv\/wp-json\/wp\/v2\/product_tag?post=704265"}],"curies":[{"name":"wp","href":"https:\/\/api.w.org\/{rel}","templated":true}]}}