{"id":703651,"date":"2025-06-14T17:40:04","date_gmt":"2025-06-14T14:40:04","guid":{"rendered":"https:\/\/nextsnkr.com\/product\/marc-jacobs-snapshot-silver-logo\/"},"modified":"2026-02-02T14:11:43","modified_gmt":"2026-02-02T11:11:43","slug":"marc-jacobs-snapshot-silver-logo","status":"publish","type":"product","link":"https:\/\/nextsnkr.com\/lv\/product\/marc-jacobs-snapshot-silver-logo\/","title":{"rendered":"Soma Marc Jacobs Snapshot Silver LOGO-stil\u012bga eko\u0101da \u043a\u0440\u043e\u0441\u0431\u043e\u0434\u0438"},"content":{"rendered":"<h2>Soma Marc Jacobs Snapshot Silver LOGO-stil\u012bga eko\u0101da \u043a\u0440\u043e\u0441\u0431\u043e\u0434\u0438<\/h2>\n<p>&nbsp;<\/p>\n<p>Marc Jacobs snapshot Silver LOGO soma ir kompakts un moderns eko \u0101das modelis, kas apvieno stilu un praktiskumu. Univers\u0101l\u0101 Sudraba kr\u0101sa ar z\u012bmola logotipu izce\u013c person\u012bbu, un \u0113rts Formas faktors p\u0101r plecu nodro\u0161ina \u0113rtu valk\u0101\u0161anu. Iztur\u012bgi materi\u0101li garant\u0113 iztur\u012bbu, un p\u0101rdom\u0101t\u0101 konstrukcija \u013cauj \u0113rti novietot visas nepiecie\u0161am\u0101s maz\u0101s lietas. Ide\u0101la izv\u0113le m\u016bsdienu sieviet\u0113m, kuras nov\u0113rt\u0113 stilu un kvalit\u0101ti.<\/p>\n","protected":false},"excerpt":{"rendered":"<p>Marc Jacobs snapshot Silver LOGO soma ir kompakts un moderns eko \u0101das modelis, kas apvieno stilu un praktiskumu. Univers\u0101l\u0101 Sudraba kr\u0101sa ar z\u012bmola logotipu izce\u013c person\u012bbu, un \u0113rts Formas faktors p\u0101r plecu nodro\u0161ina \u0113rtu valk\u0101\u0161anu. Iztur\u012bgi materi\u0101li garant\u0113 iztur\u012bbu, un p\u0101rdom\u0101t\u0101 konstrukcija \u013cauj \u0113rti novietot visas nepiecie\u0161am\u0101s maz\u0101s lietas. Ide\u0101la izv\u0113le m\u016bsdienu sieviet\u0113m, kuras nov\u0113rt\u0113 stilu un kvalit\u0101ti.<\/p>\n","protected":false},"featured_media":703652,"comment_status":"open","ping_status":"open","template":"","meta":[],"product_brand":[],"product_cat":[3251,3484],"product_tag":[],"class_list":{"0":"post-703651","1":"product","2":"type-product","3":"status-publish","4":"has-post-thumbnail","6":"product_cat-all-product","7":"product_cat-sumky","8":"pa_rozmir-20kh12kh7","10":"first","11":"instock","12":"purchasable","13":"product-type-simple"},"_links":{"self":[{"href":"https:\/\/nextsnkr.com\/lv\/wp-json\/wp\/v2\/product\/703651","targetHints":{"allow":["GET"]}}],"collection":[{"href":"https:\/\/nextsnkr.com\/lv\/wp-json\/wp\/v2\/product"}],"about":[{"href":"https:\/\/nextsnkr.com\/lv\/wp-json\/wp\/v2\/types\/product"}],"replies":[{"embeddable":true,"href":"https:\/\/nextsnkr.com\/lv\/wp-json\/wp\/v2\/comments?post=703651"}],"version-history":[{"count":0,"href":"https:\/\/nextsnkr.com\/lv\/wp-json\/wp\/v2\/product\/703651\/revisions"}],"wp:featuredmedia":[{"embeddable":true,"href":"https:\/\/nextsnkr.com\/lv\/wp-json\/wp\/v2\/media\/703652"}],"wp:attachment":[{"href":"https:\/\/nextsnkr.com\/lv\/wp-json\/wp\/v2\/media?parent=703651"}],"wp:term":[{"taxonomy":"product_brand","embeddable":true,"href":"https:\/\/nextsnkr.com\/lv\/wp-json\/wp\/v2\/product_brand?post=703651"},{"taxonomy":"product_cat","embeddable":true,"href":"https:\/\/nextsnkr.com\/lv\/wp-json\/wp\/v2\/product_cat?post=703651"},{"taxonomy":"product_tag","embeddable":true,"href":"https:\/\/nextsnkr.com\/lv\/wp-json\/wp\/v2\/product_tag?post=703651"}],"curies":[{"name":"wp","href":"https:\/\/api.w.org\/{rel}","templated":true}]}}