{"id":703624,"date":"2025-06-14T17:40:13","date_gmt":"2025-06-14T14:40:13","guid":{"rendered":"https:\/\/nextsnkr.com\/product\/marc-jacobs-snapshot-pink-yellow-logo\/"},"modified":"2026-02-02T14:11:40","modified_gmt":"2026-02-02T11:11:40","slug":"marc-jacobs-snapshot-pink-yellow-logo","status":"publish","type":"product","link":"https:\/\/nextsnkr.com\/lv\/product\/marc-jacobs-snapshot-pink-yellow-logo\/","title":{"rendered":"Marc Jacobs snapshot Pink \/ Yellow logo soma-stil\u012bga eko \u0101da"},"content":{"rendered":"<h2>Marc Jacobs snapshot Pink \/ Yellow logo soma-stil\u012bga eko \u0101da<\/h2>\n<p>&nbsp;<\/p>\n<p>Soma Marc Jacobs Snapshot Pink \/ Yellow Logo izgatavots no kvalitat\u012bvas eko\u0101das, kas nodro\u0161ina iztur\u012bbu un pat\u012bkamu tekst\u016bru. Spilgti kombin\u0101cija, roz\u0101 un dzelteni ziedi ar logotipu, z\u012bmolu piebilst modes akcentu jebkuram t\u0113lam. Kompakts izm\u0113rs un \u0113rts form\u0101ts crossbody \u013cauj n\u0113s\u0101t som\u0101 katru dienu, izvietojot nepiecie\u0161am\u0101s lietas. Izv\u0113lieties Marc Jacobs, Snapshot, lai stil\u012bga, praktiska un spilgti papildin\u0101t savu garderobi.<\/p>\n","protected":false},"excerpt":{"rendered":"<p>Soma Marc Jacobs Snapshot Pink \/ Yellow Logo izgatavots no kvalitat\u012bvas eko\u0101das, kas nodro\u0161ina iztur\u012bbu un pat\u012bkamu tekst\u016bru. Spilgti kombin\u0101cija, roz\u0101 un dzelteni ziedi ar logotipu, z\u012bmolu piebilst modes akcentu jebkuram t\u0113lam. Kompakts izm\u0113rs un \u0113rts form\u0101ts crossbody \u013cauj n\u0113s\u0101t som\u0101 katru dienu, izvietojot nepiecie\u0161am\u0101s lietas. Izv\u0113lieties Marc Jacobs, Snapshot, lai stil\u012bga, praktiska un spilgti papildin\u0101t savu garderobi.<\/p>\n","protected":false},"featured_media":703625,"comment_status":"open","ping_status":"open","template":"","meta":[],"product_brand":[],"product_cat":[3251,3484],"product_tag":[],"class_list":{"0":"post-703624","1":"product","2":"type-product","3":"status-publish","4":"has-post-thumbnail","6":"product_cat-all-product","7":"product_cat-sumky","8":"pa_rozmir-20kh12kh7","10":"first","11":"instock","12":"purchasable","13":"product-type-simple"},"_links":{"self":[{"href":"https:\/\/nextsnkr.com\/lv\/wp-json\/wp\/v2\/product\/703624","targetHints":{"allow":["GET"]}}],"collection":[{"href":"https:\/\/nextsnkr.com\/lv\/wp-json\/wp\/v2\/product"}],"about":[{"href":"https:\/\/nextsnkr.com\/lv\/wp-json\/wp\/v2\/types\/product"}],"replies":[{"embeddable":true,"href":"https:\/\/nextsnkr.com\/lv\/wp-json\/wp\/v2\/comments?post=703624"}],"version-history":[{"count":0,"href":"https:\/\/nextsnkr.com\/lv\/wp-json\/wp\/v2\/product\/703624\/revisions"}],"wp:featuredmedia":[{"embeddable":true,"href":"https:\/\/nextsnkr.com\/lv\/wp-json\/wp\/v2\/media\/703625"}],"wp:attachment":[{"href":"https:\/\/nextsnkr.com\/lv\/wp-json\/wp\/v2\/media?parent=703624"}],"wp:term":[{"taxonomy":"product_brand","embeddable":true,"href":"https:\/\/nextsnkr.com\/lv\/wp-json\/wp\/v2\/product_brand?post=703624"},{"taxonomy":"product_cat","embeddable":true,"href":"https:\/\/nextsnkr.com\/lv\/wp-json\/wp\/v2\/product_cat?post=703624"},{"taxonomy":"product_tag","embeddable":true,"href":"https:\/\/nextsnkr.com\/lv\/wp-json\/wp\/v2\/product_tag?post=703624"}],"curies":[{"name":"wp","href":"https:\/\/api.w.org\/{rel}","templated":true}]}}