{"id":702826,"date":"2025-06-14T17:42:51","date_gmt":"2025-06-14T14:42:51","guid":{"rendered":"https:\/\/nextsnkr.com\/product\/converse-chuck-70-classic-high-purple\/"},"modified":"2026-02-02T14:11:18","modified_gmt":"2026-02-02T11:11:18","slug":"converse-chuck-70-classic-high-purple","status":"publish","type":"product","link":"https:\/\/nextsnkr.com\/lv\/product\/converse-chuck-70-classic-high-purple\/","title":{"rendered":"Kedas Converse Chuck 70 Classic High Purple-augstas tekstila krustojumiem"},"content":{"rendered":"<h2>Kedas Converse Chuck 70 Classic High Purple-augstas tekstila krustojumiem<\/h2>\n<p>&nbsp;<\/p>\n<p>Converse Chuck 70 Classic High Purple \u010d\u012bbas ir stil\u012bgas augstas kedas ikdienas valk\u0101\u0161anai. Izgatavoti no iztur\u012bgiem tekstilizstr\u0101d\u0101jumiem un gumijas zol\u0113m, tie nodro\u0161ina komfortu, iztur\u012bbu un uzticamu amortiz\u0101ciju. Spilgti purpursarkan\u0101 kr\u0101sa pie\u0161\u0137ir person\u012bbas un m\u016bsdien\u012bga \u0160arma izskatu. Vieglais dizains un klasiskais dizains padara modeli ide\u0101li piem\u0113rotu jebkuram izskatam, apvienojot le\u0123end\u0101ro Converse z\u012bmolu ar \u0113rt\u012bb\u0101m un stilu.<\/p>\n","protected":false},"excerpt":{"rendered":"<p>Converse Chuck 70 Classic High Purple \u010d\u012bbas ir stil\u012bgas augstas kedas ikdienas valk\u0101\u0161anai. Izgatavoti no iztur\u012bgiem tekstilizstr\u0101d\u0101jumiem un gumijas zol\u0113m, tie nodro\u0161ina komfortu, iztur\u012bbu un uzticamu amortiz\u0101ciju. Spilgti purpursarkan\u0101 kr\u0101sa pie\u0161\u0137ir person\u012bbas un m\u016bsdien\u012bga \u0160arma izskatu. Vieglais dizains un klasiskais dizains padara modeli ide\u0101li piem\u0113rotu jebkuram izskatam, apvienojot le\u0123end\u0101ro Converse z\u012bmolu ar \u0113rt\u012bb\u0101m un stilu.<\/p>\n","protected":false},"featured_media":702827,"comment_status":"open","ping_status":"open","template":"","meta":[],"product_brand":[],"product_cat":[3251,3322],"product_tag":[],"class_list":{"0":"post-702826","1":"product","2":"type-product","3":"status-publish","4":"has-post-thumbnail","6":"product_cat-all-product","7":"product_cat-kedy","8":"pa_rozmir-910","9":"pa_rozmir-912","10":"pa_rozmir-914","11":"pa_rozmir-915","12":"pa_rozmir-916","13":"pa_rozmir-917","14":"pa_rozmir-918","15":"pa_rozmir-919","16":"pa_rozmir-920","17":"pa_rozmir-921","18":"pa_rozmir-922","20":"first","21":"onbackorder","22":"purchasable","23":"product-type-variable"},"_links":{"self":[{"href":"https:\/\/nextsnkr.com\/lv\/wp-json\/wp\/v2\/product\/702826","targetHints":{"allow":["GET"]}}],"collection":[{"href":"https:\/\/nextsnkr.com\/lv\/wp-json\/wp\/v2\/product"}],"about":[{"href":"https:\/\/nextsnkr.com\/lv\/wp-json\/wp\/v2\/types\/product"}],"replies":[{"embeddable":true,"href":"https:\/\/nextsnkr.com\/lv\/wp-json\/wp\/v2\/comments?post=702826"}],"version-history":[{"count":0,"href":"https:\/\/nextsnkr.com\/lv\/wp-json\/wp\/v2\/product\/702826\/revisions"}],"wp:featuredmedia":[{"embeddable":true,"href":"https:\/\/nextsnkr.com\/lv\/wp-json\/wp\/v2\/media\/702827"}],"wp:attachment":[{"href":"https:\/\/nextsnkr.com\/lv\/wp-json\/wp\/v2\/media?parent=702826"}],"wp:term":[{"taxonomy":"product_brand","embeddable":true,"href":"https:\/\/nextsnkr.com\/lv\/wp-json\/wp\/v2\/product_brand?post=702826"},{"taxonomy":"product_cat","embeddable":true,"href":"https:\/\/nextsnkr.com\/lv\/wp-json\/wp\/v2\/product_cat?post=702826"},{"taxonomy":"product_tag","embeddable":true,"href":"https:\/\/nextsnkr.com\/lv\/wp-json\/wp\/v2\/product_tag?post=702826"}],"curies":[{"name":"wp","href":"https:\/\/api.w.org\/{rel}","templated":true}]}}