{"id":702317,"date":"2025-06-14T17:44:28","date_gmt":"2025-06-14T14:44:28","guid":{"rendered":"https:\/\/nextsnkr.com\/product\/converse-x-comme-des-garcons-play-black-high\/"},"modified":"2026-02-02T14:11:05","modified_gmt":"2026-02-02T11:11:05","slug":"converse-x-comme-des-garcons-play-black-high","status":"publish","type":"product","link":"https:\/\/nextsnkr.com\/lv\/product\/converse-x-comme-des-garcons-play-black-high\/","title":{"rendered":"\u010c\u012bbas Converse x COMME Des GAR\u00c7ONS PLAY Black high tekstilizstr\u0101d\u0101jumi"},"content":{"rendered":"<h2>\u010c\u012bbas Converse x COMME Des GAR\u00c7ONS PLAY Black high tekstilizstr\u0101d\u0101jumi<\/h2>\n<p>&nbsp;<\/p>\n<p>Converse x COMME Des GAR\u00c7ONS PLAY Black High \u010d\u012bbas ir stil\u012bgi un \u0113rti apavi ikdienas valk\u0101\u0161anai un akt\u012bvai pils\u0113tas dz\u012bvei. Izgatavoti no kvalitat\u012bviem tekstilizstr\u0101d\u0101jumiem un iztur\u012bgas gumijas, tie nodro\u0161ina komfortu, iztur\u012bbu un labu p\u0113das fiks\u0101ciju. Klasisk\u0101 meln\u0101 kr\u0101sa ar CDG PLAY logotipu pie\u0161\u0137ir m\u016bsdien\u012bguma un person\u012bbas izskatu. \u0160\u012bs \u010d\u012bbas, kas ra\u017eotas \u0136\u012bn\u0101, apvieno izcilu dizainu, praktiskumu un modernu izskatu jebkuram ikdienas stilam.<\/p>\n","protected":false},"excerpt":{"rendered":"<p>Converse x COMME Des GAR\u00c7ONS PLAY Black High \u010d\u012bbas ir stil\u012bgi un \u0113rti apavi ikdienas valk\u0101\u0161anai un akt\u012bvai pils\u0113tas dz\u012bvei. Izgatavoti no kvalitat\u012bviem tekstilizstr\u0101d\u0101jumiem un iztur\u012bgas gumijas, tie nodro\u0161ina komfortu, iztur\u012bbu un labu p\u0113das fiks\u0101ciju. Klasisk\u0101 meln\u0101 kr\u0101sa ar CDG PLAY logotipu pie\u0161\u0137ir m\u016bsdien\u012bguma un person\u012bbas izskatu. \u0160\u012bs \u010d\u012bbas, kas ra\u017eotas \u0136\u012bn\u0101, apvieno izcilu dizainu, praktiskumu un modernu izskatu jebkuram ikdienas stilam.<\/p>\n","protected":false},"featured_media":702318,"comment_status":"open","ping_status":"open","template":"","meta":[],"product_brand":[],"product_cat":[3251,3322],"product_tag":[],"class_list":{"0":"post-702317","1":"product","2":"type-product","3":"status-publish","4":"has-post-thumbnail","6":"product_cat-all-product","7":"product_cat-kedy","8":"pa_rozmir-910","9":"pa_rozmir-912","10":"pa_rozmir-914","11":"pa_rozmir-915","12":"pa_rozmir-916","13":"pa_rozmir-917","14":"pa_rozmir-918","15":"pa_rozmir-919","16":"pa_rozmir-920","17":"pa_rozmir-921","18":"pa_rozmir-922","20":"first","21":"onbackorder","22":"purchasable","23":"product-type-variable"},"_links":{"self":[{"href":"https:\/\/nextsnkr.com\/lv\/wp-json\/wp\/v2\/product\/702317","targetHints":{"allow":["GET"]}}],"collection":[{"href":"https:\/\/nextsnkr.com\/lv\/wp-json\/wp\/v2\/product"}],"about":[{"href":"https:\/\/nextsnkr.com\/lv\/wp-json\/wp\/v2\/types\/product"}],"replies":[{"embeddable":true,"href":"https:\/\/nextsnkr.com\/lv\/wp-json\/wp\/v2\/comments?post=702317"}],"version-history":[{"count":0,"href":"https:\/\/nextsnkr.com\/lv\/wp-json\/wp\/v2\/product\/702317\/revisions"}],"wp:featuredmedia":[{"embeddable":true,"href":"https:\/\/nextsnkr.com\/lv\/wp-json\/wp\/v2\/media\/702318"}],"wp:attachment":[{"href":"https:\/\/nextsnkr.com\/lv\/wp-json\/wp\/v2\/media?parent=702317"}],"wp:term":[{"taxonomy":"product_brand","embeddable":true,"href":"https:\/\/nextsnkr.com\/lv\/wp-json\/wp\/v2\/product_brand?post=702317"},{"taxonomy":"product_cat","embeddable":true,"href":"https:\/\/nextsnkr.com\/lv\/wp-json\/wp\/v2\/product_cat?post=702317"},{"taxonomy":"product_tag","embeddable":true,"href":"https:\/\/nextsnkr.com\/lv\/wp-json\/wp\/v2\/product_tag?post=702317"}],"curies":[{"name":"wp","href":"https:\/\/api.w.org\/{rel}","templated":true}]}}