{"id":701469,"date":"2025-06-14T17:47:28","date_gmt":"2025-06-14T14:47:28","guid":{"rendered":"https:\/\/nextsnkr.com\/product\/air-jordan-retro-high-blue\/"},"modified":"2026-02-02T14:10:29","modified_gmt":"2026-02-02T11:10:29","slug":"air-jordan-retro-high-blue","status":"publish","type":"product","link":"https:\/\/nextsnkr.com\/lv\/product\/air-jordan-retro-high-blue\/","title":{"rendered":"Air Jordan retro High Blue \u010d\u012bbas &#8211; \u0101das augst\u0101s \u010d\u012bbas"},"content":{"rendered":"<h2>Air Jordan retro High Blue \u010d\u012bbas &#8211; \u0101das augst\u0101s \u010d\u012bbas<\/h2>\n<p>&nbsp;<\/p>\n<p>Air Jordan retro High Blue \u010d\u012bbas ir izgatavotas no augstas kvalit\u0101tes \u0101das, kas nodro\u0161ina iztur\u012bbu, komfortu un stil\u012bgu izskatu. Mode\u013ca augstais stiprin\u0101jums atbalsta pot\u012bti, padarot to ide\u0101li piem\u0113rotu ikdienas valk\u0101\u0161anai un akt\u012bvam dz\u012bvesveidam. Spilgti zil\u0101 kr\u0101sa pie\u0161\u0137ir m\u016bsdien\u012bgumu un izce\u013c individu\u0101lo stilu. \u0160\u012bs \u010d\u012bbas, kas ra\u017eotas Vjetnam\u0101, apvieno izcilu kvalit\u0101ti, praktiskumu un le\u0123end\u0101ro Air Jordan dizainu.<\/p>\n","protected":false},"excerpt":{"rendered":"<p>Air Jordan retro High Blue \u010d\u012bbas ir izgatavotas no augstas kvalit\u0101tes \u0101das, kas nodro\u0161ina iztur\u012bbu, komfortu un stil\u012bgu izskatu. Mode\u013ca augstais stiprin\u0101jums atbalsta pot\u012bti, padarot to ide\u0101li piem\u0113rotu ikdienas valk\u0101\u0161anai un akt\u012bvam dz\u012bvesveidam. Spilgti zil\u0101 kr\u0101sa pie\u0161\u0137ir m\u016bsdien\u012bgumu un izce\u013c individu\u0101lo stilu. \u0160\u012bs \u010d\u012bbas, kas ra\u017eotas Vjetnam\u0101, apvieno izcilu kvalit\u0101ti, praktiskumu un le\u0123end\u0101ro Air Jordan dizainu.<\/p>\n","protected":false},"featured_media":701470,"comment_status":"open","ping_status":"open","template":"","meta":[],"product_brand":[],"product_cat":[3387,3251,3322],"product_tag":[],"class_list":{"0":"post-701469","1":"product","2":"type-product","3":"status-publish","4":"has-post-thumbnail","6":"product_cat-nike-jordan","7":"product_cat-all-product","8":"product_cat-kedy","9":"pa_rozmir-910","10":"pa_rozmir-912","11":"pa_rozmir-914","12":"pa_rozmir-915","13":"pa_rozmir-916","14":"pa_rozmir-917","15":"pa_rozmir-918","16":"pa_rozmir-919","17":"pa_rozmir-920","18":"pa_rozmir-921","19":"pa_rozmir-922","21":"first","22":"onbackorder","23":"purchasable","24":"product-type-variable"},"_links":{"self":[{"href":"https:\/\/nextsnkr.com\/lv\/wp-json\/wp\/v2\/product\/701469","targetHints":{"allow":["GET"]}}],"collection":[{"href":"https:\/\/nextsnkr.com\/lv\/wp-json\/wp\/v2\/product"}],"about":[{"href":"https:\/\/nextsnkr.com\/lv\/wp-json\/wp\/v2\/types\/product"}],"replies":[{"embeddable":true,"href":"https:\/\/nextsnkr.com\/lv\/wp-json\/wp\/v2\/comments?post=701469"}],"version-history":[{"count":0,"href":"https:\/\/nextsnkr.com\/lv\/wp-json\/wp\/v2\/product\/701469\/revisions"}],"wp:featuredmedia":[{"embeddable":true,"href":"https:\/\/nextsnkr.com\/lv\/wp-json\/wp\/v2\/media\/701470"}],"wp:attachment":[{"href":"https:\/\/nextsnkr.com\/lv\/wp-json\/wp\/v2\/media?parent=701469"}],"wp:term":[{"taxonomy":"product_brand","embeddable":true,"href":"https:\/\/nextsnkr.com\/lv\/wp-json\/wp\/v2\/product_brand?post=701469"},{"taxonomy":"product_cat","embeddable":true,"href":"https:\/\/nextsnkr.com\/lv\/wp-json\/wp\/v2\/product_cat?post=701469"},{"taxonomy":"product_tag","embeddable":true,"href":"https:\/\/nextsnkr.com\/lv\/wp-json\/wp\/v2\/product_tag?post=701469"}],"curies":[{"name":"wp","href":"https:\/\/api.w.org\/{rel}","templated":true}]}}