{"id":701131,"date":"2025-06-14T17:48:37","date_gmt":"2025-06-14T14:48:37","guid":{"rendered":"https:\/\/nextsnkr.com\/product\/air-jordan-1-low-black\/"},"modified":"2026-02-02T14:10:19","modified_gmt":"2026-02-02T11:10:19","slug":"air-jordan-1-low-black","status":"publish","type":"product","link":"https:\/\/nextsnkr.com\/lv\/product\/air-jordan-1-low-black\/","title":{"rendered":"Kedas Air Jordan 1 Low Black-melnas klasisk\u0101 stila \u0101das skrie\u0161anas apavi"},"content":{"rendered":"<h2>Kedas Air Jordan 1 Low Black-melnas klasisk\u0101 stila \u0101das skrie\u0161anas apavi<\/h2>\n<p>&nbsp;<\/p>\n<p>Kedas Air Jordan 1 Low Black \u2014 stil\u012bgs modelis no dab\u012bg\u0101s \u0101das ikdienas ze\u0137es. Meln\u0101 kr\u0101sa padara to par univers\u0101lu un viegli kombin\u0113jamiem ar jebkuru veid\u0101. Iztur\u012bgs materi\u0101ls nodro\u0161ina iztur\u012bbu un \u0113rta zole nodro\u0161ina komfortu visas dienas garum\u0101. Air Jordan 1 Low Black ir ide\u0101la izv\u0113le tiem, kas nov\u0113rt\u0113 stilu, kvalit\u0101ti un praktiskumu katr\u0101 sol\u012b.<\/p>\n","protected":false},"excerpt":{"rendered":"<p>Kedas Air Jordan 1 Low Black \u2014 stil\u012bgs modelis no dab\u012bg\u0101s \u0101das ikdienas ze\u0137es. Meln\u0101 kr\u0101sa padara to par univers\u0101lu un viegli kombin\u0113jamiem ar jebkuru veid\u0101. Iztur\u012bgs materi\u0101ls nodro\u0161ina iztur\u012bbu un \u0113rta zole nodro\u0161ina komfortu visas dienas garum\u0101. Air Jordan 1 Low Black ir ide\u0101la izv\u0113le tiem, kas nov\u0113rt\u0113 stilu, kvalit\u0101ti un praktiskumu katr\u0101 sol\u012b.<\/p>\n","protected":false},"featured_media":701132,"comment_status":"open","ping_status":"open","template":"","meta":[],"product_brand":[],"product_cat":[3387,3251,3322],"product_tag":[],"class_list":{"0":"post-701131","1":"product","2":"type-product","3":"status-publish","4":"has-post-thumbnail","6":"product_cat-nike-jordan","7":"product_cat-all-product","8":"product_cat-kedy","9":"pa_rozmir-910","10":"pa_rozmir-912","11":"pa_rozmir-914","12":"pa_rozmir-915","13":"pa_rozmir-916","14":"pa_rozmir-917","15":"pa_rozmir-918","16":"pa_rozmir-919","17":"pa_rozmir-920","18":"pa_rozmir-921","19":"pa_rozmir-922","21":"first","22":"onbackorder","23":"purchasable","24":"product-type-variable"},"_links":{"self":[{"href":"https:\/\/nextsnkr.com\/lv\/wp-json\/wp\/v2\/product\/701131","targetHints":{"allow":["GET"]}}],"collection":[{"href":"https:\/\/nextsnkr.com\/lv\/wp-json\/wp\/v2\/product"}],"about":[{"href":"https:\/\/nextsnkr.com\/lv\/wp-json\/wp\/v2\/types\/product"}],"replies":[{"embeddable":true,"href":"https:\/\/nextsnkr.com\/lv\/wp-json\/wp\/v2\/comments?post=701131"}],"version-history":[{"count":0,"href":"https:\/\/nextsnkr.com\/lv\/wp-json\/wp\/v2\/product\/701131\/revisions"}],"wp:featuredmedia":[{"embeddable":true,"href":"https:\/\/nextsnkr.com\/lv\/wp-json\/wp\/v2\/media\/701132"}],"wp:attachment":[{"href":"https:\/\/nextsnkr.com\/lv\/wp-json\/wp\/v2\/media?parent=701131"}],"wp:term":[{"taxonomy":"product_brand","embeddable":true,"href":"https:\/\/nextsnkr.com\/lv\/wp-json\/wp\/v2\/product_brand?post=701131"},{"taxonomy":"product_cat","embeddable":true,"href":"https:\/\/nextsnkr.com\/lv\/wp-json\/wp\/v2\/product_cat?post=701131"},{"taxonomy":"product_tag","embeddable":true,"href":"https:\/\/nextsnkr.com\/lv\/wp-json\/wp\/v2\/product_tag?post=701131"}],"curies":[{"name":"wp","href":"https:\/\/api.w.org\/{rel}","templated":true}]}}