{"id":699944,"date":"2025-06-14T17:53:00","date_gmt":"2025-06-14T14:53:00","guid":{"rendered":"https:\/\/nextsnkr.com\/product\/air-jordan-black-white\/"},"modified":"2026-02-02T14:09:35","modified_gmt":"2026-02-02T11:09:35","slug":"air-jordan-black-white","status":"publish","type":"product","link":"https:\/\/nextsnkr.com\/lv\/product\/air-jordan-black-white\/","title":{"rendered":"Air Jordan Black \/ White \u010d\u012bbas-v\u012brie\u0161u \u0101das \u010d\u012bbas"},"content":{"rendered":"<h2>Air Jordan Black \/ White \u010d\u012bbas-v\u012brie\u0161u \u0101das \u010d\u012bbas<\/h2>\n<p>&nbsp;<\/p>\n<p>Air Jordan Black \/ White \u010d\u012bbas ir izgatavotas no augstas kvalit\u0101tes \u0101das, kas nodro\u0161ina iztur\u012bbu, komfortu un iztur\u012bbu. Klasisk\u0101 meln\u0101 un balt\u0101 kombin\u0101cija pie\u0161\u0137ir stil\u012bgu akcentu jebkuram pils\u0113tas vai sporta izskatam. \u0112rta zole garant\u0113 amortiz\u0101ciju un komfortu pastaigas laik\u0101. Izv\u0113lieties Air Jordan Black \/ White, lai apvienotu augst\u0101k\u0101s kvalit\u0101tes, modernu dizainu un ikdienas valk\u0101\u0161anas \u0113rt\u012bbas.<\/p>\n","protected":false},"excerpt":{"rendered":"<p>Air Jordan Black \/ White \u010d\u012bbas ir izgatavotas no augstas kvalit\u0101tes \u0101das, kas nodro\u0161ina iztur\u012bbu, komfortu un iztur\u012bbu. Klasisk\u0101 meln\u0101 un balt\u0101 kombin\u0101cija pie\u0161\u0137ir stil\u012bgu akcentu jebkuram pils\u0113tas vai sporta izskatam. \u0112rta zole garant\u0113 amortiz\u0101ciju un komfortu pastaigas laik\u0101. Izv\u0113lieties Air Jordan Black \/ White, lai apvienotu augst\u0101k\u0101s kvalit\u0101tes, modernu dizainu un ikdienas valk\u0101\u0161anas \u0113rt\u012bbas.<\/p>\n","protected":false},"featured_media":699945,"comment_status":"open","ping_status":"open","template":"","meta":[],"product_brand":[],"product_cat":[3387,3251,3322],"product_tag":[],"class_list":{"0":"post-699944","1":"product","2":"type-product","3":"status-publish","4":"has-post-thumbnail","6":"product_cat-nike-jordan","7":"product_cat-all-product","8":"product_cat-kedy","9":"pa_rozmir-910","10":"pa_rozmir-912","11":"pa_rozmir-914","12":"pa_rozmir-915","13":"pa_rozmir-916","14":"pa_rozmir-917","15":"pa_rozmir-918","16":"pa_rozmir-919","17":"pa_rozmir-920","18":"pa_rozmir-921","19":"pa_rozmir-922","21":"first","22":"instock","23":"purchasable","24":"product-type-variable"},"_links":{"self":[{"href":"https:\/\/nextsnkr.com\/lv\/wp-json\/wp\/v2\/product\/699944","targetHints":{"allow":["GET"]}}],"collection":[{"href":"https:\/\/nextsnkr.com\/lv\/wp-json\/wp\/v2\/product"}],"about":[{"href":"https:\/\/nextsnkr.com\/lv\/wp-json\/wp\/v2\/types\/product"}],"replies":[{"embeddable":true,"href":"https:\/\/nextsnkr.com\/lv\/wp-json\/wp\/v2\/comments?post=699944"}],"version-history":[{"count":0,"href":"https:\/\/nextsnkr.com\/lv\/wp-json\/wp\/v2\/product\/699944\/revisions"}],"wp:featuredmedia":[{"embeddable":true,"href":"https:\/\/nextsnkr.com\/lv\/wp-json\/wp\/v2\/media\/699945"}],"wp:attachment":[{"href":"https:\/\/nextsnkr.com\/lv\/wp-json\/wp\/v2\/media?parent=699944"}],"wp:term":[{"taxonomy":"product_brand","embeddable":true,"href":"https:\/\/nextsnkr.com\/lv\/wp-json\/wp\/v2\/product_brand?post=699944"},{"taxonomy":"product_cat","embeddable":true,"href":"https:\/\/nextsnkr.com\/lv\/wp-json\/wp\/v2\/product_cat?post=699944"},{"taxonomy":"product_tag","embeddable":true,"href":"https:\/\/nextsnkr.com\/lv\/wp-json\/wp\/v2\/product_tag?post=699944"}],"curies":[{"name":"wp","href":"https:\/\/api.w.org\/{rel}","templated":true}]}}