{"id":699768,"date":"2025-06-14T17:53:42","date_gmt":"2025-06-14T14:53:42","guid":{"rendered":"https:\/\/nextsnkr.com\/product\/air-jordan-legacy-312-low\/"},"modified":"2026-02-02T14:09:30","modified_gmt":"2026-02-02T11:09:30","slug":"air-jordan-legacy-312-low","status":"publish","type":"product","link":"https:\/\/nextsnkr.com\/lv\/product\/air-jordan-legacy-312-low\/","title":{"rendered":"Air Jordan Legacy 312 Low \u010d\u012bbas-\u0101das stil\u012bgas v\u012brie\u0161u \u010d\u012bbas"},"content":{"rendered":"<h2>Air Jordan Legacy 312 Low \u010d\u012bbas-\u0101das stil\u012bgas v\u012brie\u0161u \u010d\u012bbas<\/h2>\n<p>&nbsp;<\/p>\n<p>Air Jordan Legacy 312 Low \u010d\u012bbas ir izgatavotas no \u012bstas \u0101das, kas nodro\u0161ina iztur\u012bbu, komfortu un iztur\u012bbu. Modernais Legacy 312 dizains apvieno klasisko Air Jordan stilu ar m\u016bsdienu tendenc\u0113m, pie\u0161\u0137irot izskatam apjomu un izteiksm\u012bgumu. Iztur\u012bg\u0101 zole garant\u0113 dro\u0161u amortiz\u0101ciju un \u0113rtu piegul\u0161anu ikdienas valk\u0101\u0161anai. Ide\u0101li piem\u0113rots pils\u0113tas stilam, akt\u012bvai dz\u012bvei un tiem, kas nov\u0113rt\u0113 augst\u0101k\u0101s kvalit\u0101tes un apavu komfortu.<\/p>\n","protected":false},"excerpt":{"rendered":"<p>Air Jordan Legacy 312 Low \u010d\u012bbas ir izgatavotas no \u012bstas \u0101das, kas nodro\u0161ina iztur\u012bbu, komfortu un iztur\u012bbu. Modernais Legacy 312 dizains apvieno klasisko Air Jordan stilu ar m\u016bsdienu tendenc\u0113m, pie\u0161\u0137irot izskatam apjomu un izteiksm\u012bgumu. Iztur\u012bg\u0101 zole garant\u0113 dro\u0161u amortiz\u0101ciju un \u0113rtu piegul\u0161anu ikdienas valk\u0101\u0161anai. Ide\u0101li piem\u0113rots pils\u0113tas stilam, akt\u012bvai dz\u012bvei un tiem, kas nov\u0113rt\u0113 augst\u0101k\u0101s kvalit\u0101tes un apavu komfortu.<\/p>\n","protected":false},"featured_media":699769,"comment_status":"open","ping_status":"open","template":"","meta":[],"product_brand":[],"product_cat":[3387,3251,3252],"product_tag":[],"class_list":{"0":"post-699768","1":"product","2":"type-product","3":"status-publish","4":"has-post-thumbnail","6":"product_cat-nike-jordan","7":"product_cat-all-product","8":"product_cat-krosivky","9":"pa_rozmir-910","10":"pa_rozmir-912","11":"pa_rozmir-914","12":"pa_rozmir-915","13":"pa_rozmir-916","14":"pa_rozmir-917","15":"pa_rozmir-918","16":"pa_rozmir-919","17":"pa_rozmir-920","18":"pa_rozmir-921","19":"pa_rozmir-922","21":"first","22":"instock","23":"purchasable","24":"product-type-variable"},"_links":{"self":[{"href":"https:\/\/nextsnkr.com\/lv\/wp-json\/wp\/v2\/product\/699768","targetHints":{"allow":["GET"]}}],"collection":[{"href":"https:\/\/nextsnkr.com\/lv\/wp-json\/wp\/v2\/product"}],"about":[{"href":"https:\/\/nextsnkr.com\/lv\/wp-json\/wp\/v2\/types\/product"}],"replies":[{"embeddable":true,"href":"https:\/\/nextsnkr.com\/lv\/wp-json\/wp\/v2\/comments?post=699768"}],"version-history":[{"count":0,"href":"https:\/\/nextsnkr.com\/lv\/wp-json\/wp\/v2\/product\/699768\/revisions"}],"wp:featuredmedia":[{"embeddable":true,"href":"https:\/\/nextsnkr.com\/lv\/wp-json\/wp\/v2\/media\/699769"}],"wp:attachment":[{"href":"https:\/\/nextsnkr.com\/lv\/wp-json\/wp\/v2\/media?parent=699768"}],"wp:term":[{"taxonomy":"product_brand","embeddable":true,"href":"https:\/\/nextsnkr.com\/lv\/wp-json\/wp\/v2\/product_brand?post=699768"},{"taxonomy":"product_cat","embeddable":true,"href":"https:\/\/nextsnkr.com\/lv\/wp-json\/wp\/v2\/product_cat?post=699768"},{"taxonomy":"product_tag","embeddable":true,"href":"https:\/\/nextsnkr.com\/lv\/wp-json\/wp\/v2\/product_tag?post=699768"}],"curies":[{"name":"wp","href":"https:\/\/api.w.org\/{rel}","templated":true}]}}