{"id":699591,"date":"2025-06-14T17:54:18","date_gmt":"2025-06-14T14:54:18","guid":{"rendered":"https:\/\/nextsnkr.com\/product\/jordan-1-low-canyon-rust\/"},"modified":"2026-02-02T14:09:26","modified_gmt":"2026-02-02T11:09:26","slug":"jordan-1-low-canyon-rust","status":"publish","type":"product","link":"https:\/\/nextsnkr.com\/lv\/product\/jordan-1-low-canyon-rust\/","title":{"rendered":"Jordan 1 Low Canyon rust \u010d\u012bbas-\u0101das V\u012brie\u0161u Stil\u012bgs"},"content":{"rendered":"<h2>Jordan 1 Low Canyon rust \u010d\u012bbas-\u0101das V\u012brie\u0161u Stil\u012bgs<\/h2>\n<p>&nbsp;<\/p>\n<p>Jordan 1 Low Canyon rust \u010d\u012bbas ir moderna klasika ikdienas lieto\u0161anai un sportiskam stilam. Izgatavoti no kvalitat\u012bvas \u012bstas \u0101das, tie nodro\u0161ina p\u0113das iztur\u012bbu, iztur\u012bbu un \u0113rtu piegul\u0161anu. Canyon Rust stil\u012bgais sarkanais tonis pie\u0161\u0137ir izskatam spilgtumu un person\u012bbu. Dro\u0161a zole garant\u0113 komfortu pastaigu un \u0101ra aktivit\u0101\u0161u laik\u0101. Izv\u0113lieties Jordan 1 Low-stila, komforta un le\u0123end\u0101r\u0101 dizaina sajaukumu.<\/p>\n","protected":false},"excerpt":{"rendered":"<p>Jordan 1 Low Canyon rust \u010d\u012bbas ir moderna klasika ikdienas lieto\u0161anai un sportiskam stilam. Izgatavoti no kvalitat\u012bvas \u012bstas \u0101das, tie nodro\u0161ina p\u0113das iztur\u012bbu, iztur\u012bbu un \u0113rtu piegul\u0161anu. Canyon Rust stil\u012bgais sarkanais tonis pie\u0161\u0137ir izskatam spilgtumu un person\u012bbu. Dro\u0161a zole garant\u0113 komfortu pastaigu un \u0101ra aktivit\u0101\u0161u laik\u0101. Izv\u0113lieties Jordan 1 Low-stila, komforta un le\u0123end\u0101r\u0101 dizaina sajaukumu.<\/p>\n","protected":false},"featured_media":699592,"comment_status":"open","ping_status":"open","template":"","meta":[],"product_brand":[],"product_cat":[3387,3251,3322],"product_tag":[],"class_list":{"0":"post-699591","1":"product","2":"type-product","3":"status-publish","4":"has-post-thumbnail","6":"product_cat-nike-jordan","7":"product_cat-all-product","8":"product_cat-kedy","9":"pa_rozmir-910","10":"pa_rozmir-912","11":"pa_rozmir-914","12":"pa_rozmir-915","13":"pa_rozmir-916","14":"pa_rozmir-917","15":"pa_rozmir-918","16":"pa_rozmir-919","17":"pa_rozmir-920","18":"pa_rozmir-921","19":"pa_rozmir-922","21":"first","22":"instock","23":"purchasable","24":"product-type-variable"},"_links":{"self":[{"href":"https:\/\/nextsnkr.com\/lv\/wp-json\/wp\/v2\/product\/699591","targetHints":{"allow":["GET"]}}],"collection":[{"href":"https:\/\/nextsnkr.com\/lv\/wp-json\/wp\/v2\/product"}],"about":[{"href":"https:\/\/nextsnkr.com\/lv\/wp-json\/wp\/v2\/types\/product"}],"replies":[{"embeddable":true,"href":"https:\/\/nextsnkr.com\/lv\/wp-json\/wp\/v2\/comments?post=699591"}],"version-history":[{"count":0,"href":"https:\/\/nextsnkr.com\/lv\/wp-json\/wp\/v2\/product\/699591\/revisions"}],"wp:featuredmedia":[{"embeddable":true,"href":"https:\/\/nextsnkr.com\/lv\/wp-json\/wp\/v2\/media\/699592"}],"wp:attachment":[{"href":"https:\/\/nextsnkr.com\/lv\/wp-json\/wp\/v2\/media?parent=699591"}],"wp:term":[{"taxonomy":"product_brand","embeddable":true,"href":"https:\/\/nextsnkr.com\/lv\/wp-json\/wp\/v2\/product_brand?post=699591"},{"taxonomy":"product_cat","embeddable":true,"href":"https:\/\/nextsnkr.com\/lv\/wp-json\/wp\/v2\/product_cat?post=699591"},{"taxonomy":"product_tag","embeddable":true,"href":"https:\/\/nextsnkr.com\/lv\/wp-json\/wp\/v2\/product_tag?post=699591"}],"curies":[{"name":"wp","href":"https:\/\/api.w.org\/{rel}","templated":true}]}}