{"id":698403,"date":"2025-06-14T19:46:35","date_gmt":"2025-06-14T16:46:35","guid":{"rendered":"https:\/\/nextsnkr.com\/product\/air-jordan-all-white\/"},"modified":"2026-02-02T14:08:45","modified_gmt":"2026-02-02T11:08:45","slug":"air-jordan-all-white","status":"publish","type":"product","link":"https:\/\/nextsnkr.com\/lv\/product\/air-jordan-all-white\/","title":{"rendered":"Air Jordan all white \u010d\u012bbas-stil\u012bgas un daudzpus\u012bgas"},"content":{"rendered":"<h2>Air Jordan all white \u010d\u012bbas-stil\u012bgas un daudzpus\u012bgas<\/h2>\n<p>&nbsp;<\/p>\n<p>Air Jordan all white \u010d\u012bbas ir izgatavotas no augstas kvalit\u0101tes j006 materi\u0101la, kas nodro\u0161ina komfortu, iztur\u012bbu un p\u0113das atbalstu. Piln\u012bgi balts dizains pie\u0161\u0137ir daudzpus\u012bbu un viegli sapl\u016bst ar jebkuru izskatu, izce\u013cot Air Jordan moderno stilu un z\u012bmolu. Viegl\u0101 zole nodro\u0161ina amortiz\u0101ciju un \u0113rt\u012bbas ikdienas lieto\u0161anai. \u0160\u012bs \u010d\u012bbas, kas ra\u017eotas Vjetnam\u0101, k\u013c\u016bs par uzticamu un modernu izv\u0113li akt\u012bvai pils\u0113tas dz\u012bvei.<\/p>\n","protected":false},"excerpt":{"rendered":"<p>Air Jordan all white \u010d\u012bbas ir izgatavotas no augstas kvalit\u0101tes j006 materi\u0101la, kas nodro\u0161ina komfortu, iztur\u012bbu un p\u0113das atbalstu. Piln\u012bgi balts dizains pie\u0161\u0137ir daudzpus\u012bbu un viegli sapl\u016bst ar jebkuru izskatu, izce\u013cot Air Jordan moderno stilu un z\u012bmolu. Viegl\u0101 zole nodro\u0161ina amortiz\u0101ciju un \u0113rt\u012bbas ikdienas lieto\u0161anai. \u0160\u012bs \u010d\u012bbas, kas ra\u017eotas Vjetnam\u0101, k\u013c\u016bs par uzticamu un modernu izv\u0113li akt\u012bvai pils\u0113tas dz\u012bvei.<\/p>\n","protected":false},"featured_media":698404,"comment_status":"open","ping_status":"open","template":"","meta":[],"product_brand":[],"product_cat":[3387,3251,3322],"product_tag":[],"class_list":{"0":"post-698403","1":"product","2":"type-product","3":"status-publish","4":"has-post-thumbnail","6":"product_cat-nike-jordan","7":"product_cat-all-product","8":"product_cat-kedy","9":"pa_rozmir-910","10":"pa_rozmir-912","11":"pa_rozmir-914","12":"pa_rozmir-915","13":"pa_rozmir-916","14":"pa_rozmir-917","15":"pa_rozmir-918","16":"pa_rozmir-919","17":"pa_rozmir-920","18":"pa_rozmir-921","19":"pa_rozmir-922","21":"first","22":"instock","23":"purchasable","24":"product-type-variable"},"_links":{"self":[{"href":"https:\/\/nextsnkr.com\/lv\/wp-json\/wp\/v2\/product\/698403","targetHints":{"allow":["GET"]}}],"collection":[{"href":"https:\/\/nextsnkr.com\/lv\/wp-json\/wp\/v2\/product"}],"about":[{"href":"https:\/\/nextsnkr.com\/lv\/wp-json\/wp\/v2\/types\/product"}],"replies":[{"embeddable":true,"href":"https:\/\/nextsnkr.com\/lv\/wp-json\/wp\/v2\/comments?post=698403"}],"version-history":[{"count":0,"href":"https:\/\/nextsnkr.com\/lv\/wp-json\/wp\/v2\/product\/698403\/revisions"}],"wp:featuredmedia":[{"embeddable":true,"href":"https:\/\/nextsnkr.com\/lv\/wp-json\/wp\/v2\/media\/698404"}],"wp:attachment":[{"href":"https:\/\/nextsnkr.com\/lv\/wp-json\/wp\/v2\/media?parent=698403"}],"wp:term":[{"taxonomy":"product_brand","embeddable":true,"href":"https:\/\/nextsnkr.com\/lv\/wp-json\/wp\/v2\/product_brand?post=698403"},{"taxonomy":"product_cat","embeddable":true,"href":"https:\/\/nextsnkr.com\/lv\/wp-json\/wp\/v2\/product_cat?post=698403"},{"taxonomy":"product_tag","embeddable":true,"href":"https:\/\/nextsnkr.com\/lv\/wp-json\/wp\/v2\/product_tag?post=698403"}],"curies":[{"name":"wp","href":"https:\/\/api.w.org\/{rel}","templated":true}]}}