{"id":698143,"date":"2025-06-14T19:47:23","date_gmt":"2025-06-14T16:47:23","guid":{"rendered":"https:\/\/nextsnkr.com\/product\/air-jordan-4-retro-white-red\/"},"modified":"2026-02-02T14:08:36","modified_gmt":"2026-02-02T11:08:36","slug":"air-jordan-4-retro-white-red","status":"publish","type":"product","link":"https:\/\/nextsnkr.com\/lv\/product\/air-jordan-4-retro-white-red\/","title":{"rendered":"Kedas Air Jordan 4 Retro White \/ Red &#8211; \u0101das stil\u012bgs v\u012brietis \/ sieviete"},"content":{"rendered":"<h2>Kedas Air Jordan 4 Retro White \/ Red &#8211; \u0101das stil\u012bgs v\u012brietis \/ sieviete<\/h2>\n<p>&nbsp;<\/p>\n<p>Air Jordan 4 retro White\/Red kedas ir klasiskas \u0101das kedas ikdienas valk\u0101\u0161anai un akt\u012bvam stilam. Modelis ir izgatavots no augstas kvalit\u0101tes \u012astas \u0101das, kas nodro\u0161ina iztur\u012bbu, komfortu un uzticamu p\u0113das atbalstu. Balta kr\u0101sa ar sarkaniem akcentiem pie\u0161\u0137ir izskatu spilgtumu un m\u016bsdien\u012bgumu, un le\u0123end\u0101rais retro 4 siluets padara \u010d\u012bbas daudzpus\u012bgas jebkuram gad\u012bjuma stilam. Ide\u0101la izv\u0113le tiem, kas nov\u0113rt\u0113 Air Jordan z\u012bmola stilu, kvalit\u0101ti un komfortu.<\/p>\n","protected":false},"excerpt":{"rendered":"<p>Air Jordan 4 retro White\/Red kedas ir klasiskas \u0101das kedas ikdienas valk\u0101\u0161anai un akt\u012bvam stilam. Modelis ir izgatavots no augstas kvalit\u0101tes \u012astas \u0101das, kas nodro\u0161ina iztur\u012bbu, komfortu un uzticamu p\u0113das atbalstu. Balta kr\u0101sa ar sarkaniem akcentiem pie\u0161\u0137ir izskatu spilgtumu un m\u016bsdien\u012bgumu, un le\u0123end\u0101rais retro 4 siluets padara \u010d\u012bbas daudzpus\u012bgas jebkuram gad\u012bjuma stilam. Ide\u0101la izv\u0113le tiem, kas nov\u0113rt\u0113 Air Jordan z\u012bmola stilu, kvalit\u0101ti un komfortu.<\/p>\n","protected":false},"featured_media":698147,"comment_status":"open","ping_status":"open","template":"","meta":[],"product_brand":[],"product_cat":[3387,3251,3252],"product_tag":[],"class_list":{"0":"post-698143","1":"product","2":"type-product","3":"status-publish","4":"has-post-thumbnail","6":"product_cat-nike-jordan","7":"product_cat-all-product","8":"product_cat-krosivky","9":"pa_rozmir-910","10":"pa_rozmir-912","11":"pa_rozmir-914","12":"pa_rozmir-915","13":"pa_rozmir-916","14":"pa_rozmir-917","15":"pa_rozmir-918","16":"pa_rozmir-919","17":"pa_rozmir-920","18":"pa_rozmir-921","19":"pa_rozmir-922","21":"first","22":"instock","23":"purchasable","24":"product-type-variable"},"_links":{"self":[{"href":"https:\/\/nextsnkr.com\/lv\/wp-json\/wp\/v2\/product\/698143","targetHints":{"allow":["GET"]}}],"collection":[{"href":"https:\/\/nextsnkr.com\/lv\/wp-json\/wp\/v2\/product"}],"about":[{"href":"https:\/\/nextsnkr.com\/lv\/wp-json\/wp\/v2\/types\/product"}],"replies":[{"embeddable":true,"href":"https:\/\/nextsnkr.com\/lv\/wp-json\/wp\/v2\/comments?post=698143"}],"version-history":[{"count":0,"href":"https:\/\/nextsnkr.com\/lv\/wp-json\/wp\/v2\/product\/698143\/revisions"}],"wp:featuredmedia":[{"embeddable":true,"href":"https:\/\/nextsnkr.com\/lv\/wp-json\/wp\/v2\/media\/698147"}],"wp:attachment":[{"href":"https:\/\/nextsnkr.com\/lv\/wp-json\/wp\/v2\/media?parent=698143"}],"wp:term":[{"taxonomy":"product_brand","embeddable":true,"href":"https:\/\/nextsnkr.com\/lv\/wp-json\/wp\/v2\/product_brand?post=698143"},{"taxonomy":"product_cat","embeddable":true,"href":"https:\/\/nextsnkr.com\/lv\/wp-json\/wp\/v2\/product_cat?post=698143"},{"taxonomy":"product_tag","embeddable":true,"href":"https:\/\/nextsnkr.com\/lv\/wp-json\/wp\/v2\/product_tag?post=698143"}],"curies":[{"name":"wp","href":"https:\/\/api.w.org\/{rel}","templated":true}]}}