{"id":696707,"date":"2025-06-16T21:47:31","date_gmt":"2025-06-16T18:47:31","guid":{"rendered":"https:\/\/nextsnkr.com\/product\/nike-air-jordan-1-retro-high-og-electro-orange\/"},"modified":"2026-02-02T14:07:48","modified_gmt":"2026-02-02T11:07:48","slug":"nike-air-jordan-1-retro-high-og-electro-orange","status":"publish","type":"product","link":"https:\/\/nextsnkr.com\/lv\/product\/nike-air-jordan-1-retro-high-og-electro-orange\/","title":{"rendered":"Nike Air jordan 1 Retro High OG Electro Orange \u010d\u012bbas-\u0101das \u010d\u012bbas"},"content":{"rendered":"<h2>Nike Air jordan 1 Retro High OG Electro Orange \u010d\u012bbas-\u0101das \u010d\u012bbas<\/h2>\n<p>&nbsp;<\/p>\n<p>Nike Air Jordan 1 Retro High OG Electro Orange \u010d\u012bbas ir izgatavotas no augst\u0101k\u0101s kvalit\u0101tes \u0101das un iztur\u012bgas putu zoles un nodilumiztur\u012bgas gumijas, kas nodro\u0161ina komfortu, triecienu absorbciju un iztur\u012bbu. Spilgts oran\u017es akcents padara modeli stil\u012bgu un \u0101\u0137\u012bgu, ide\u0101li piem\u0113rots ikdienas un sportiskam stilam. \u010c\u012bbas ir apr\u012bkotas ar ori\u0123in\u0101lo kast\u012bti, dokument\u0101ciju un piederumiem. Izv\u0113lieties Nike Air Jordan 1 Retro High OG Electro Orange, lai katru dienu apvienotu modernu dizainu, izcilu kvalit\u0101ti un \u0113rt\u012bbas.<\/p>\n","protected":false},"excerpt":{"rendered":"<p>Nike Air Jordan 1 Retro High OG Electro Orange \u010d\u012bbas ir izgatavotas no augst\u0101k\u0101s kvalit\u0101tes \u0101das un iztur\u012bgas putu zoles un nodilumiztur\u012bgas gumijas, kas nodro\u0161ina komfortu, triecienu absorbciju un iztur\u012bbu. Spilgts oran\u017es akcents padara modeli stil\u012bgu un \u0101\u0137\u012bgu, ide\u0101li piem\u0113rots ikdienas un sportiskam stilam. \u010c\u012bbas ir apr\u012bkotas ar ori\u0123in\u0101lo kast\u012bti, dokument\u0101ciju un piederumiem. Izv\u0113lieties Nike Air Jordan 1 Retro High OG Electro Orange, lai katru dienu apvienotu modernu dizainu, izcilu kvalit\u0101ti un \u0113rt\u012bbas.<\/p>\n","protected":false},"featured_media":696708,"comment_status":"open","ping_status":"open","template":"","meta":[],"product_brand":[],"product_cat":[3387,3251,3322],"product_tag":[],"class_list":{"0":"post-696707","1":"product","2":"type-product","3":"status-publish","4":"has-post-thumbnail","6":"product_cat-nike-jordan","7":"product_cat-all-product","8":"product_cat-kedy","9":"pa_rozmir-910","10":"pa_rozmir-912","11":"pa_rozmir-914","12":"pa_rozmir-915","13":"pa_rozmir-916","14":"pa_rozmir-917","15":"pa_rozmir-918","16":"pa_rozmir-919","17":"pa_rozmir-920","18":"pa_rozmir-921","19":"pa_rozmir-922","21":"first","22":"onbackorder","23":"purchasable","24":"product-type-variable"},"_links":{"self":[{"href":"https:\/\/nextsnkr.com\/lv\/wp-json\/wp\/v2\/product\/696707","targetHints":{"allow":["GET"]}}],"collection":[{"href":"https:\/\/nextsnkr.com\/lv\/wp-json\/wp\/v2\/product"}],"about":[{"href":"https:\/\/nextsnkr.com\/lv\/wp-json\/wp\/v2\/types\/product"}],"replies":[{"embeddable":true,"href":"https:\/\/nextsnkr.com\/lv\/wp-json\/wp\/v2\/comments?post=696707"}],"version-history":[{"count":0,"href":"https:\/\/nextsnkr.com\/lv\/wp-json\/wp\/v2\/product\/696707\/revisions"}],"wp:featuredmedia":[{"embeddable":true,"href":"https:\/\/nextsnkr.com\/lv\/wp-json\/wp\/v2\/media\/696708"}],"wp:attachment":[{"href":"https:\/\/nextsnkr.com\/lv\/wp-json\/wp\/v2\/media?parent=696707"}],"wp:term":[{"taxonomy":"product_brand","embeddable":true,"href":"https:\/\/nextsnkr.com\/lv\/wp-json\/wp\/v2\/product_brand?post=696707"},{"taxonomy":"product_cat","embeddable":true,"href":"https:\/\/nextsnkr.com\/lv\/wp-json\/wp\/v2\/product_cat?post=696707"},{"taxonomy":"product_tag","embeddable":true,"href":"https:\/\/nextsnkr.com\/lv\/wp-json\/wp\/v2\/product_tag?post=696707"}],"curies":[{"name":"wp","href":"https:\/\/api.w.org\/{rel}","templated":true}]}}