{"id":696537,"date":"2025-06-16T21:48:18","date_gmt":"2025-06-16T18:48:18","guid":{"rendered":"https:\/\/nextsnkr.com\/product\/nike-air-jordan-1-retro-high-og-university-blue\/"},"modified":"2026-02-02T14:07:44","modified_gmt":"2026-02-02T11:07:44","slug":"nike-air-jordan-1-retro-high-og-university-blue","status":"publish","type":"product","link":"https:\/\/nextsnkr.com\/lv\/product\/nike-air-jordan-1-retro-high-og-university-blue\/","title":{"rendered":"Nike Air jordan 1 Retro high OG University Blue \u010d\u012bbas-\u0101da un tekstils"},"content":{"rendered":"<h2>Nike Air jordan 1 Retro high OG University Blue \u010d\u012bbas-\u0101da un tekstils<\/h2>\n<p>&nbsp;<\/p>\n<p>Nike Air Jordan 1 Retro high OG &#8220;University Blue&#8221; \u010d\u012bbas ir izgatavotas no augstas kvalit\u0101tes \u0101das un tekstila ielikt\u0146iem, kas nodro\u0161ina komfortu, iztur\u012bbu un stil\u012bgu izskatu. Modelis ir apr\u012bkots ar putu zoli un nodilumiztur\u012bgu gumiju amortiz\u0101cijai un stabilit\u0101tei uz jebkuras virsmas. Ide\u0101li piem\u0113roti ikdienas valk\u0101\u0161anai un \u0101ra aktivit\u0101t\u0113m, tie apvieno augst\u0101k\u0101s kvalit\u0101tes Nike z\u012bmolu un m\u016bsdien\u012bgu dizainu, izce\u013cot person\u012bgo stilu un nodro\u0161inot \u0113rt\u012bbas visas dienas garum\u0101.<\/p>\n","protected":false},"excerpt":{"rendered":"<p>Nike Air Jordan 1 Retro high OG &#8220;University Blue&#8221; \u010d\u012bbas ir izgatavotas no augstas kvalit\u0101tes \u0101das un tekstila ielikt\u0146iem, kas nodro\u0161ina komfortu, iztur\u012bbu un stil\u012bgu izskatu. Modelis ir apr\u012bkots ar putu zoli un nodilumiztur\u012bgu gumiju amortiz\u0101cijai un stabilit\u0101tei uz jebkuras virsmas. Ide\u0101li piem\u0113roti ikdienas valk\u0101\u0161anai un \u0101ra aktivit\u0101t\u0113m, tie apvieno augst\u0101k\u0101s kvalit\u0101tes Nike z\u012bmolu un m\u016bsdien\u012bgu dizainu, izce\u013cot person\u012bgo stilu un nodro\u0161inot \u0113rt\u012bbas visas dienas garum\u0101.<\/p>\n","protected":false},"featured_media":696538,"comment_status":"open","ping_status":"open","template":"","meta":[],"product_brand":[],"product_cat":[3387,3251,3322],"product_tag":[],"class_list":{"0":"post-696537","1":"product","2":"type-product","3":"status-publish","4":"has-post-thumbnail","6":"product_cat-nike-jordan","7":"product_cat-all-product","8":"product_cat-kedy","9":"pa_rozmir-910","10":"pa_rozmir-912","11":"pa_rozmir-914","12":"pa_rozmir-915","13":"pa_rozmir-916","14":"pa_rozmir-917","15":"pa_rozmir-918","16":"pa_rozmir-919","17":"pa_rozmir-920","18":"pa_rozmir-921","19":"pa_rozmir-922","21":"first","22":"onbackorder","23":"purchasable","24":"product-type-variable"},"_links":{"self":[{"href":"https:\/\/nextsnkr.com\/lv\/wp-json\/wp\/v2\/product\/696537","targetHints":{"allow":["GET"]}}],"collection":[{"href":"https:\/\/nextsnkr.com\/lv\/wp-json\/wp\/v2\/product"}],"about":[{"href":"https:\/\/nextsnkr.com\/lv\/wp-json\/wp\/v2\/types\/product"}],"replies":[{"embeddable":true,"href":"https:\/\/nextsnkr.com\/lv\/wp-json\/wp\/v2\/comments?post=696537"}],"version-history":[{"count":0,"href":"https:\/\/nextsnkr.com\/lv\/wp-json\/wp\/v2\/product\/696537\/revisions"}],"wp:featuredmedia":[{"embeddable":true,"href":"https:\/\/nextsnkr.com\/lv\/wp-json\/wp\/v2\/media\/696538"}],"wp:attachment":[{"href":"https:\/\/nextsnkr.com\/lv\/wp-json\/wp\/v2\/media?parent=696537"}],"wp:term":[{"taxonomy":"product_brand","embeddable":true,"href":"https:\/\/nextsnkr.com\/lv\/wp-json\/wp\/v2\/product_brand?post=696537"},{"taxonomy":"product_cat","embeddable":true,"href":"https:\/\/nextsnkr.com\/lv\/wp-json\/wp\/v2\/product_cat?post=696537"},{"taxonomy":"product_tag","embeddable":true,"href":"https:\/\/nextsnkr.com\/lv\/wp-json\/wp\/v2\/product_tag?post=696537"}],"curies":[{"name":"wp","href":"https:\/\/api.w.org\/{rel}","templated":true}]}}