{"id":694501,"date":"2025-06-16T21:54:41","date_gmt":"2025-06-16T18:54:41","guid":{"rendered":"https:\/\/nextsnkr.com\/product\/nike-air-jordan-4-retro-se-wet-cement\/"},"modified":"2026-02-02T14:06:39","modified_gmt":"2026-02-02T11:06:39","slug":"nike-air-jordan-4-retro-se-wet-cement","status":"publish","type":"product","link":"https:\/\/nextsnkr.com\/lv\/product\/nike-air-jordan-4-retro-se-wet-cement\/","title":{"rendered":"Nike Air Jordan 4 retro se Wet cement \u010d\u012bbas-\u0101das un tekstila"},"content":{"rendered":"<h2>Nike Air Jordan 4 retro se Wet cement \u010d\u012bbas-\u0101das un tekstila<\/h2>\n<p>&nbsp;<\/p>\n<p>Nike Air jordan 4 retro se Wet cement \u010d\u012bbas ir izgatavotas no \u0101das un tekstila kombin\u0101cijas, kas nodro\u0161ina komfortu, iztur\u012bbu un stil\u012bgu izskatu. Klasisks dizains ar cementa akcentiem uzsver m\u016bsdienu pils\u0113tas stilu un daudzpus\u012bbu att\u0113la. Dro\u0161a zole nodro\u0161ina amortiz\u0101ciju un \u0113rt\u012bbu valk\u0101jot ikdien\u0101. \u0160\u012bs \u010d\u012bbas, kas ra\u017eotas Vjetnam\u0101, apvieno izcilu kvalit\u0101ti, iztur\u012bbu un Air Jordan le\u0123end\u0101ro stilu akt\u012bvam dz\u012bvesveidam.<\/p>\n","protected":false},"excerpt":{"rendered":"<p>Nike Air jordan 4 retro se Wet cement \u010d\u012bbas ir izgatavotas no \u0101das un tekstila kombin\u0101cijas, kas nodro\u0161ina komfortu, iztur\u012bbu un stil\u012bgu izskatu. Klasisks dizains ar cementa akcentiem uzsver m\u016bsdienu pils\u0113tas stilu un daudzpus\u012bbu att\u0113la. Dro\u0161a zole nodro\u0161ina amortiz\u0101ciju un \u0113rt\u012bbu valk\u0101jot ikdien\u0101. \u0160\u012bs \u010d\u012bbas, kas ra\u017eotas Vjetnam\u0101, apvieno izcilu kvalit\u0101ti, iztur\u012bbu un Air Jordan le\u0123end\u0101ro stilu akt\u012bvam dz\u012bvesveidam.<\/p>\n","protected":false},"featured_media":694502,"comment_status":"open","ping_status":"open","template":"","meta":[],"product_brand":[],"product_cat":[3387,3251,3252],"product_tag":[],"class_list":{"0":"post-694501","1":"product","2":"type-product","3":"status-publish","4":"has-post-thumbnail","6":"product_cat-nike-jordan","7":"product_cat-all-product","8":"product_cat-krosivky","9":"pa_rozmir-910","10":"pa_rozmir-912","11":"pa_rozmir-914","12":"pa_rozmir-915","13":"pa_rozmir-916","14":"pa_rozmir-917","15":"pa_rozmir-918","16":"pa_rozmir-919","17":"pa_rozmir-920","18":"pa_rozmir-921","19":"pa_rozmir-922","21":"first","22":"onbackorder","23":"purchasable","24":"product-type-variable"},"_links":{"self":[{"href":"https:\/\/nextsnkr.com\/lv\/wp-json\/wp\/v2\/product\/694501","targetHints":{"allow":["GET"]}}],"collection":[{"href":"https:\/\/nextsnkr.com\/lv\/wp-json\/wp\/v2\/product"}],"about":[{"href":"https:\/\/nextsnkr.com\/lv\/wp-json\/wp\/v2\/types\/product"}],"replies":[{"embeddable":true,"href":"https:\/\/nextsnkr.com\/lv\/wp-json\/wp\/v2\/comments?post=694501"}],"version-history":[{"count":0,"href":"https:\/\/nextsnkr.com\/lv\/wp-json\/wp\/v2\/product\/694501\/revisions"}],"wp:featuredmedia":[{"embeddable":true,"href":"https:\/\/nextsnkr.com\/lv\/wp-json\/wp\/v2\/media\/694502"}],"wp:attachment":[{"href":"https:\/\/nextsnkr.com\/lv\/wp-json\/wp\/v2\/media?parent=694501"}],"wp:term":[{"taxonomy":"product_brand","embeddable":true,"href":"https:\/\/nextsnkr.com\/lv\/wp-json\/wp\/v2\/product_brand?post=694501"},{"taxonomy":"product_cat","embeddable":true,"href":"https:\/\/nextsnkr.com\/lv\/wp-json\/wp\/v2\/product_cat?post=694501"},{"taxonomy":"product_tag","embeddable":true,"href":"https:\/\/nextsnkr.com\/lv\/wp-json\/wp\/v2\/product_tag?post=694501"}],"curies":[{"name":"wp","href":"https:\/\/api.w.org\/{rel}","templated":true}]}}