{"id":693724,"date":"2025-06-18T19:26:58","date_gmt":"2025-06-18T16:26:58","guid":{"rendered":"https:\/\/nextsnkr.com\/product\/jacquemus-2\/"},"modified":"2026-02-02T14:05:58","modified_gmt":"2026-02-02T11:05:58","slug":"jacquemus-2","status":"publish","type":"product","link":"https:\/\/nextsnkr.com\/lv\/product\/jacquemus-2\/","title":{"rendered":"Jacquemus eko \u0101das soma-stil\u012bgs aksesu\u0101rs ikdienas lieto\u0161anai"},"content":{"rendered":"<h2>Jacquemus eko \u0101das soma-stil\u012bgs aksesu\u0101rs ikdienas lieto\u0161anai<\/h2>\n<p>&nbsp;<\/p>\n<p>Elegant\u0101 Jacquemus soma ir izgatavota no kvalitat\u012bvas eko \u0101das, kas nodro\u0161ina iztur\u012bbu un stil\u012bgu izskatu. Modelis ir piem\u0113rots ikdienas lieto\u0161anai, viegli savienojams ar jebkuru izskatu un pievieno augst\u0101k\u0101s kvalit\u0101tes dizaina piesk\u0101rienu. Ra\u017eot\u0101js garant\u0113 augstu kvalit\u0101tes l\u012bmeni, un praktiskais izm\u0113rs \u013cauj \u0113rti p\u0101rvad\u0101t visas nepiecie\u0161am\u0101s lietas. Ide\u0101la izv\u0113le tiem, kas nov\u0113rt\u0113 komfortu, est\u0113tiku un m\u016bsdienu modes tendences.<\/p>\n","protected":false},"excerpt":{"rendered":"<p>Elegant\u0101 Jacquemus soma ir izgatavota no kvalitat\u012bvas eko \u0101das, kas nodro\u0161ina iztur\u012bbu un stil\u012bgu izskatu. Modelis ir piem\u0113rots ikdienas lieto\u0161anai, viegli savienojams ar jebkuru izskatu un pievieno augst\u0101k\u0101s kvalit\u0101tes dizaina piesk\u0101rienu. Ra\u017eot\u0101js garant\u0113 augstu kvalit\u0101tes l\u012bmeni, un praktiskais izm\u0113rs \u013cauj \u0113rti p\u0101rvad\u0101t visas nepiecie\u0161am\u0101s lietas. Ide\u0101la izv\u0113le tiem, kas nov\u0113rt\u0113 komfortu, est\u0113tiku un m\u016bsdienu modes tendences.<\/p>\n","protected":false},"featured_media":693729,"comment_status":"open","ping_status":"open","template":"","meta":[],"product_brand":[],"product_cat":[3251,3484],"product_tag":[],"class_list":{"0":"post-693724","1":"product","2":"type-product","3":"status-publish","4":"has-post-thumbnail","6":"product_cat-all-product","7":"product_cat-sumky","8":"pa_rozmir-22kh15kh5","10":"first","11":"instock","12":"purchasable","13":"product-type-simple"},"_links":{"self":[{"href":"https:\/\/nextsnkr.com\/lv\/wp-json\/wp\/v2\/product\/693724","targetHints":{"allow":["GET"]}}],"collection":[{"href":"https:\/\/nextsnkr.com\/lv\/wp-json\/wp\/v2\/product"}],"about":[{"href":"https:\/\/nextsnkr.com\/lv\/wp-json\/wp\/v2\/types\/product"}],"replies":[{"embeddable":true,"href":"https:\/\/nextsnkr.com\/lv\/wp-json\/wp\/v2\/comments?post=693724"}],"version-history":[{"count":0,"href":"https:\/\/nextsnkr.com\/lv\/wp-json\/wp\/v2\/product\/693724\/revisions"}],"wp:featuredmedia":[{"embeddable":true,"href":"https:\/\/nextsnkr.com\/lv\/wp-json\/wp\/v2\/media\/693729"}],"wp:attachment":[{"href":"https:\/\/nextsnkr.com\/lv\/wp-json\/wp\/v2\/media?parent=693724"}],"wp:term":[{"taxonomy":"product_brand","embeddable":true,"href":"https:\/\/nextsnkr.com\/lv\/wp-json\/wp\/v2\/product_brand?post=693724"},{"taxonomy":"product_cat","embeddable":true,"href":"https:\/\/nextsnkr.com\/lv\/wp-json\/wp\/v2\/product_cat?post=693724"},{"taxonomy":"product_tag","embeddable":true,"href":"https:\/\/nextsnkr.com\/lv\/wp-json\/wp\/v2\/product_tag?post=693724"}],"curies":[{"name":"wp","href":"https:\/\/api.w.org\/{rel}","templated":true}]}}