{"id":693600,"date":"2025-06-16T21:57:57","date_gmt":"2025-06-16T18:57:57","guid":{"rendered":"https:\/\/nextsnkr.com\/product\/nike-air-jordan-4-white-tunder\/"},"modified":"2026-02-02T14:06:02","modified_gmt":"2026-02-02T11:06:02","slug":"nike-air-jordan-4-white-tunder","status":"publish","type":"product","link":"https:\/\/nextsnkr.com\/lv\/product\/nike-air-jordan-4-white-tunder\/","title":{"rendered":"Nike Air jordan 4 White Thunder-nubuk ta tekstils"},"content":{"rendered":"<h2>Nike Air jordan 4 White Thunder-nubuk ta tekstils<\/h2>\n<p>&nbsp;<\/p>\n<p>Nike Air jordan 4 White Thunder \u010d\u012bbas ir stil\u012bgs un \u0113rts augstas piegriezuma modelis ikdienas valk\u0101\u0161anai un akt\u012bvam dz\u012bvesveidam. Izgatavoti no nubuka un tekstilizstr\u0101d\u0101jumu kombin\u0101cijas, tie nodro\u0161ina komfortu, iztur\u012bbu un labu ventil\u0101ciju. Kontrast\u0113jo\u0161a baltas kr\u0101sas kombin\u0101cija ar Thunder nokr\u0101su pie\u0161\u0137ir izskatu m\u016bsdien\u012bgu un daudzpus\u012bgu. R\u016bpn\u012bcas ra\u017eo\u0161ana Vjetnam\u0101 garant\u0113 augstu veiktsp\u0113jas kvalit\u0101ti un iztur\u012bbu. Izv\u0113lieties Nike Air Jordan 4 White Thunder, lai ieg\u016btu stilu, komfortu un p\u0101rliec\u012bbu katr\u0101 sol\u012b.<\/p>\n","protected":false},"excerpt":{"rendered":"<p>Nike Air jordan 4 White Thunder \u010d\u012bbas ir stil\u012bgs un \u0113rts augstas piegriezuma modelis ikdienas valk\u0101\u0161anai un akt\u012bvam dz\u012bvesveidam. Izgatavoti no nubuka un tekstilizstr\u0101d\u0101jumu kombin\u0101cijas, tie nodro\u0161ina komfortu, iztur\u012bbu un labu ventil\u0101ciju. Kontrast\u0113jo\u0161a baltas kr\u0101sas kombin\u0101cija ar Thunder nokr\u0101su pie\u0161\u0137ir izskatu m\u016bsdien\u012bgu un daudzpus\u012bgu. R\u016bpn\u012bcas ra\u017eo\u0161ana Vjetnam\u0101 garant\u0113 augstu veiktsp\u0113jas kvalit\u0101ti un iztur\u012bbu. Izv\u0113lieties Nike Air Jordan 4 White Thunder, lai ieg\u016btu stilu, komfortu un p\u0101rliec\u012bbu katr\u0101 sol\u012b.<\/p>\n","protected":false},"featured_media":693601,"comment_status":"open","ping_status":"open","template":"","meta":[],"product_brand":[],"product_cat":[3387,3251,3252],"product_tag":[],"class_list":{"0":"post-693600","1":"product","2":"type-product","3":"status-publish","4":"has-post-thumbnail","6":"product_cat-nike-jordan","7":"product_cat-all-product","8":"product_cat-krosivky","9":"pa_rozmir-910","10":"pa_rozmir-912","11":"pa_rozmir-914","12":"pa_rozmir-915","13":"pa_rozmir-916","14":"pa_rozmir-917","15":"pa_rozmir-918","16":"pa_rozmir-919","17":"pa_rozmir-920","18":"pa_rozmir-921","19":"pa_rozmir-922","21":"first","22":"onbackorder","23":"purchasable","24":"product-type-variable"},"_links":{"self":[{"href":"https:\/\/nextsnkr.com\/lv\/wp-json\/wp\/v2\/product\/693600","targetHints":{"allow":["GET"]}}],"collection":[{"href":"https:\/\/nextsnkr.com\/lv\/wp-json\/wp\/v2\/product"}],"about":[{"href":"https:\/\/nextsnkr.com\/lv\/wp-json\/wp\/v2\/types\/product"}],"replies":[{"embeddable":true,"href":"https:\/\/nextsnkr.com\/lv\/wp-json\/wp\/v2\/comments?post=693600"}],"version-history":[{"count":0,"href":"https:\/\/nextsnkr.com\/lv\/wp-json\/wp\/v2\/product\/693600\/revisions"}],"wp:featuredmedia":[{"embeddable":true,"href":"https:\/\/nextsnkr.com\/lv\/wp-json\/wp\/v2\/media\/693601"}],"wp:attachment":[{"href":"https:\/\/nextsnkr.com\/lv\/wp-json\/wp\/v2\/media?parent=693600"}],"wp:term":[{"taxonomy":"product_brand","embeddable":true,"href":"https:\/\/nextsnkr.com\/lv\/wp-json\/wp\/v2\/product_brand?post=693600"},{"taxonomy":"product_cat","embeddable":true,"href":"https:\/\/nextsnkr.com\/lv\/wp-json\/wp\/v2\/product_cat?post=693600"},{"taxonomy":"product_tag","embeddable":true,"href":"https:\/\/nextsnkr.com\/lv\/wp-json\/wp\/v2\/product_tag?post=693600"}],"curies":[{"name":"wp","href":"https:\/\/api.w.org\/{rel}","templated":true}]}}