{"id":692696,"date":"2025-06-18T19:30:03","date_gmt":"2025-06-18T16:30:03","guid":{"rendered":"https:\/\/nextsnkr.com\/product\/balenciaga-slides-big-logo-black\/"},"modified":"2026-02-02T14:05:08","modified_gmt":"2026-02-02T11:05:08","slug":"balenciaga-slides-big-logo-black","status":"publish","type":"product","link":"https:\/\/nextsnkr.com\/lv\/product\/balenciaga-slides-big-logo-black\/","title":{"rendered":"Balenciaga Slides Big Logo Black \u010d\u012bbas-stil\u012bgas gumijas flip flops"},"content":{"rendered":"<h2>Balenciaga Slides Big Logo Black \u010d\u012bbas-stil\u012bgas gumijas flip flops<\/h2>\n<p>&nbsp;<\/p>\n<p>Balenciaga Slides Big Logo Black \u010d\u012bbas ir izgatavotas no augstas kvalit\u0101tes gumijas, kas nodro\u0161ina \u0113rt\u012bbas un iztur\u012bbu ikdienas lieto\u0161an\u0101. Stil\u012bgs melns dizains ar lielu logotipu izce\u013c modes z\u012bmolu un padara \u0161os Flip-Flops ide\u0101li piem\u0113rotus ikdienas valk\u0101\u0161anai un atp\u016btai. Viegli un praktiski, tie lieliski papildin\u0101s jebkuru vasaras izskatu un nodro\u0161in\u0101s komfortu jebkur\u0101 laik\u0101.<\/p>\n","protected":false},"excerpt":{"rendered":"<p>Balenciaga Slides Big Logo Black \u010d\u012bbas ir izgatavotas no augstas kvalit\u0101tes gumijas, kas nodro\u0161ina \u0113rt\u012bbas un iztur\u012bbu ikdienas lieto\u0161an\u0101. Stil\u012bgs melns dizains ar lielu logotipu izce\u013c modes z\u012bmolu un padara \u0161os Flip-Flops ide\u0101li piem\u0113rotus ikdienas valk\u0101\u0161anai un atp\u016btai. Viegli un praktiski, tie lieliski papildin\u0101s jebkuru vasaras izskatu un nodro\u0161in\u0101s komfortu jebkur\u0101 laik\u0101.<\/p>\n","protected":false},"featured_media":692700,"comment_status":"open","ping_status":"open","template":"","meta":[],"product_brand":[],"product_cat":[3251,3424],"product_tag":[],"class_list":{"0":"post-692696","1":"product","2":"type-product","3":"status-publish","4":"has-post-thumbnail","6":"product_cat-all-product","7":"product_cat-shlopantsi","8":"pa_rozmir-910","9":"pa_rozmir-912","10":"pa_rozmir-914","11":"pa_rozmir-915","12":"pa_rozmir-916","13":"pa_rozmir-917","14":"pa_rozmir-918","15":"pa_rozmir-919","16":"pa_rozmir-920","17":"pa_rozmir-921","18":"pa_rozmir-922","20":"first","21":"instock","22":"purchasable","23":"product-type-variable"},"_links":{"self":[{"href":"https:\/\/nextsnkr.com\/lv\/wp-json\/wp\/v2\/product\/692696","targetHints":{"allow":["GET"]}}],"collection":[{"href":"https:\/\/nextsnkr.com\/lv\/wp-json\/wp\/v2\/product"}],"about":[{"href":"https:\/\/nextsnkr.com\/lv\/wp-json\/wp\/v2\/types\/product"}],"replies":[{"embeddable":true,"href":"https:\/\/nextsnkr.com\/lv\/wp-json\/wp\/v2\/comments?post=692696"}],"version-history":[{"count":0,"href":"https:\/\/nextsnkr.com\/lv\/wp-json\/wp\/v2\/product\/692696\/revisions"}],"wp:featuredmedia":[{"embeddable":true,"href":"https:\/\/nextsnkr.com\/lv\/wp-json\/wp\/v2\/media\/692700"}],"wp:attachment":[{"href":"https:\/\/nextsnkr.com\/lv\/wp-json\/wp\/v2\/media?parent=692696"}],"wp:term":[{"taxonomy":"product_brand","embeddable":true,"href":"https:\/\/nextsnkr.com\/lv\/wp-json\/wp\/v2\/product_brand?post=692696"},{"taxonomy":"product_cat","embeddable":true,"href":"https:\/\/nextsnkr.com\/lv\/wp-json\/wp\/v2\/product_cat?post=692696"},{"taxonomy":"product_tag","embeddable":true,"href":"https:\/\/nextsnkr.com\/lv\/wp-json\/wp\/v2\/product_tag?post=692696"}],"curies":[{"name":"wp","href":"https:\/\/api.w.org\/{rel}","templated":true}]}}