{"id":692288,"date":"2025-06-17T21:08:42","date_gmt":"2025-06-17T18:08:42","guid":{"rendered":"https:\/\/nextsnkr.com\/product\/adidas-yeezy-foam-runner-mineral-white-rozprodazh\/"},"modified":"2026-02-02T14:04:58","modified_gmt":"2026-02-02T11:04:58","slug":"adidas-yeezy-foam-runner-mineral-white-rozprodazh","status":"publish","type":"product","link":"https:\/\/nextsnkr.com\/lv\/product\/adidas-yeezy-foam-runner-mineral-white-rozprodazh\/","title":{"rendered":"Adidas Yeezy Foam Runner Mineral White EVA \u010d\u012bbas-vieglas un stil\u012bgas"},"content":{"rendered":"<h2>Adidas Yeezy Foam Runner Mineral White EVA \u010d\u012bbas-vieglas un stil\u012bgas<\/h2>\n<p>&nbsp;<\/p>\n<p>Adidas Yeezy Foam Runner Mineral White \u010d\u012bbas ir izgatavotas no viegla un iztur\u012bga EVA materi\u0101la, kas nodro\u0161ina komfortu, amortiz\u0101ciju un iztur\u012bbu. Minim\u0101lisma baltais dizains papildina m\u016bsdien\u012bgu stilu un izce\u013c Adidas Yeezy z\u012bmolu, padarot modeli daudzpus\u012bgu ikdienas lieto\u0161anai un atp\u016btai m\u0101j\u0101s. Vieglais dizains \u013cauj k\u0101j\u0101m &#8220;elpot&#8221;, un praktiskums un \u0113rt\u012bbas padara \u010d\u012bbas par ide\u0101lu izv\u0113li vasarai un demi sezonai. Ra\u017eots Vjetnam\u0101, apvieno stilu, komfortu un funkcionalit\u0101ti.<\/p>\n","protected":false},"excerpt":{"rendered":"<p>Adidas Yeezy Foam Runner Mineral White \u010d\u012bbas ir izgatavotas no viegla un iztur\u012bga EVA materi\u0101la, kas nodro\u0161ina komfortu, amortiz\u0101ciju un iztur\u012bbu. Minim\u0101lisma baltais dizains papildina m\u016bsdien\u012bgu stilu un izce\u013c Adidas Yeezy z\u012bmolu, padarot modeli daudzpus\u012bgu ikdienas lieto\u0161anai un atp\u016btai m\u0101j\u0101s. Vieglais dizains \u013cauj k\u0101j\u0101m &#8220;elpot&#8221;, un praktiskums un \u0113rt\u012bbas padara \u010d\u012bbas par ide\u0101lu izv\u0113li vasarai un demi sezonai. Ra\u017eots Vjetnam\u0101, apvieno stilu, komfortu un funkcionalit\u0101ti.<\/p>\n","protected":false},"featured_media":692289,"comment_status":"open","ping_status":"open","template":"","meta":[],"product_brand":[],"product_cat":[3400,3251,3424],"product_tag":[],"class_list":{"0":"post-692288","1":"product","2":"type-product","3":"status-publish","4":"has-post-thumbnail","6":"product_cat-adidas-yeezy","7":"product_cat-all-product","8":"product_cat-shlopantsi","9":"pa_rozmir-910","10":"pa_rozmir-912","11":"pa_rozmir-914","12":"pa_rozmir-915","13":"pa_rozmir-916","14":"pa_rozmir-917","15":"pa_rozmir-918","16":"pa_rozmir-919","17":"pa_rozmir-920","18":"pa_rozmir-921","19":"pa_rozmir-922","21":"first","22":"instock","23":"purchasable","24":"product-type-variable"},"_links":{"self":[{"href":"https:\/\/nextsnkr.com\/lv\/wp-json\/wp\/v2\/product\/692288","targetHints":{"allow":["GET"]}}],"collection":[{"href":"https:\/\/nextsnkr.com\/lv\/wp-json\/wp\/v2\/product"}],"about":[{"href":"https:\/\/nextsnkr.com\/lv\/wp-json\/wp\/v2\/types\/product"}],"replies":[{"embeddable":true,"href":"https:\/\/nextsnkr.com\/lv\/wp-json\/wp\/v2\/comments?post=692288"}],"version-history":[{"count":0,"href":"https:\/\/nextsnkr.com\/lv\/wp-json\/wp\/v2\/product\/692288\/revisions"}],"wp:featuredmedia":[{"embeddable":true,"href":"https:\/\/nextsnkr.com\/lv\/wp-json\/wp\/v2\/media\/692289"}],"wp:attachment":[{"href":"https:\/\/nextsnkr.com\/lv\/wp-json\/wp\/v2\/media?parent=692288"}],"wp:term":[{"taxonomy":"product_brand","embeddable":true,"href":"https:\/\/nextsnkr.com\/lv\/wp-json\/wp\/v2\/product_brand?post=692288"},{"taxonomy":"product_cat","embeddable":true,"href":"https:\/\/nextsnkr.com\/lv\/wp-json\/wp\/v2\/product_cat?post=692288"},{"taxonomy":"product_tag","embeddable":true,"href":"https:\/\/nextsnkr.com\/lv\/wp-json\/wp\/v2\/product_tag?post=692288"}],"curies":[{"name":"wp","href":"https:\/\/api.w.org\/{rel}","templated":true}]}}