{"id":691777,"date":"2025-06-18T19:32:34","date_gmt":"2025-06-18T16:32:34","guid":{"rendered":"https:\/\/nextsnkr.com\/product\/nike-slides-white\/"},"modified":"2026-02-02T14:04:45","modified_gmt":"2026-02-02T11:04:45","slug":"nike-slides-white","status":"publish","type":"product","link":"https:\/\/nextsnkr.com\/lv\/product\/nike-slides-white\/","title":{"rendered":"Nike Slides White \u010d\u012bbas \u0113rt\u012bbai un ikdienas lieto\u0161anai"},"content":{"rendered":"<h2>Nike Slides White \u010d\u012bbas \u0113rt\u012bbai un ikdienas lieto\u0161anai<\/h2>\n<p>&nbsp;<\/p>\n<p>Vieglas un \u0113rtas Nike Slides White \u010d\u012bbas ir izgatavotas no m\u012bkst\u0101m put\u0101m, kas nodro\u0161ina komfortu un amortiz\u0101ciju, ejot. Lieliski piem\u0113roti m\u0101j\u0101m, pludmalei vai baseinam, \u0161ie \u0161\u012bferi apvieno Nike z\u012bmola kvalit\u0101ti un stil\u012bgu, minim\u0101listisku dizainu. Praktiska, viegla un iztur\u012bga \u2013 optim\u0101la izv\u0113le \u0101ra aktivit\u0101t\u0113m un ikdienas valk\u0101\u0161anai.<\/p>\n","protected":false},"excerpt":{"rendered":"<p>Vieglas un \u0113rtas Nike Slides White \u010d\u012bbas ir izgatavotas no m\u012bkst\u0101m put\u0101m, kas nodro\u0161ina komfortu un amortiz\u0101ciju, ejot. Lieliski piem\u0113roti m\u0101j\u0101m, pludmalei vai baseinam, \u0161ie \u0161\u012bferi apvieno Nike z\u012bmola kvalit\u0101ti un stil\u012bgu, minim\u0101listisku dizainu. Praktiska, viegla un iztur\u012bga \u2013 optim\u0101la izv\u0113le \u0101ra aktivit\u0101t\u0113m un ikdienas valk\u0101\u0161anai.<\/p>\n","protected":false},"featured_media":691778,"comment_status":"open","ping_status":"open","template":"","meta":[],"product_brand":[],"product_cat":[3251,3424],"product_tag":[],"class_list":{"0":"post-691777","1":"product","2":"type-product","3":"status-publish","4":"has-post-thumbnail","6":"product_cat-all-product","7":"product_cat-shlopantsi","8":"pa_rozmir-910","9":"pa_rozmir-912","10":"pa_rozmir-914","11":"pa_rozmir-915","12":"pa_rozmir-916","13":"pa_rozmir-917","14":"pa_rozmir-918","15":"pa_rozmir-919","16":"pa_rozmir-920","17":"pa_rozmir-921","18":"pa_rozmir-922","20":"first","21":"instock","22":"purchasable","23":"product-type-variable"},"_links":{"self":[{"href":"https:\/\/nextsnkr.com\/lv\/wp-json\/wp\/v2\/product\/691777","targetHints":{"allow":["GET"]}}],"collection":[{"href":"https:\/\/nextsnkr.com\/lv\/wp-json\/wp\/v2\/product"}],"about":[{"href":"https:\/\/nextsnkr.com\/lv\/wp-json\/wp\/v2\/types\/product"}],"replies":[{"embeddable":true,"href":"https:\/\/nextsnkr.com\/lv\/wp-json\/wp\/v2\/comments?post=691777"}],"version-history":[{"count":0,"href":"https:\/\/nextsnkr.com\/lv\/wp-json\/wp\/v2\/product\/691777\/revisions"}],"wp:featuredmedia":[{"embeddable":true,"href":"https:\/\/nextsnkr.com\/lv\/wp-json\/wp\/v2\/media\/691778"}],"wp:attachment":[{"href":"https:\/\/nextsnkr.com\/lv\/wp-json\/wp\/v2\/media?parent=691777"}],"wp:term":[{"taxonomy":"product_brand","embeddable":true,"href":"https:\/\/nextsnkr.com\/lv\/wp-json\/wp\/v2\/product_brand?post=691777"},{"taxonomy":"product_cat","embeddable":true,"href":"https:\/\/nextsnkr.com\/lv\/wp-json\/wp\/v2\/product_cat?post=691777"},{"taxonomy":"product_tag","embeddable":true,"href":"https:\/\/nextsnkr.com\/lv\/wp-json\/wp\/v2\/product_tag?post=691777"}],"curies":[{"name":"wp","href":"https:\/\/api.w.org\/{rel}","templated":true}]}}