{"id":690393,"date":"2025-06-17T21:13:50","date_gmt":"2025-06-17T18:13:50","guid":{"rendered":"https:\/\/nextsnkr.com\/product\/slide-earth-bone\/"},"modified":"2026-02-02T14:03:54","modified_gmt":"2026-02-02T11:03:54","slug":"slide-earth-bone","status":"publish","type":"product","link":"https:\/\/nextsnkr.com\/lv\/product\/slide-earth-bone\/","title":{"rendered":"Slide Earth Bone \u010d\u012bbas-viegli un \u0113rti sl\u0101nek\u013ci no EVA"},"content":{"rendered":"<h2>Slide Earth Bone \u010d\u012bbas-viegli un \u0113rti sl\u0101nek\u013ci no EVA<\/h2>\n<p>&nbsp;<\/p>\n<p>Slide Earth Bone \u010d\u012bbas ir \u0113rti un viegli apavi m\u0101j\u0101m, pludmalei un ikdienas valk\u0101\u0161anai. Izgatavoti no EVA materi\u0101la, tie nodro\u0161ina komfortu, maigumu un iztur\u012bbu. Dabisk\u0101 smil\u0161kr\u0101sas kr\u0101sa padara modeli daudzpus\u012bgu un stil\u012bgu, un ergonomisk\u0101 zole atbalsta p\u0113du, ejot. Slide Earth Bone \u010d\u012bbas, kas ra\u017eotas Vjetnam\u0101, apvieno praktiskumu, vieglumu un m\u016bsdien\u012bgu dizainu. Ide\u0101la izv\u0113le ikdienas komfortam un \u0101ra aktivit\u0101t\u0113m.<\/p>\n","protected":false},"excerpt":{"rendered":"<p>Slide Earth Bone \u010d\u012bbas ir \u0113rti un viegli apavi m\u0101j\u0101m, pludmalei un ikdienas valk\u0101\u0161anai. Izgatavoti no EVA materi\u0101la, tie nodro\u0161ina komfortu, maigumu un iztur\u012bbu. Dabisk\u0101 smil\u0161kr\u0101sas kr\u0101sa padara modeli daudzpus\u012bgu un stil\u012bgu, un ergonomisk\u0101 zole atbalsta p\u0113du, ejot. Slide Earth Bone \u010d\u012bbas, kas ra\u017eotas Vjetnam\u0101, apvieno praktiskumu, vieglumu un m\u016bsdien\u012bgu dizainu. Ide\u0101la izv\u0113le ikdienas komfortam un \u0101ra aktivit\u0101t\u0113m.<\/p>\n","protected":false},"featured_media":690394,"comment_status":"open","ping_status":"open","template":"","meta":[],"product_brand":[],"product_cat":[3251,3424],"product_tag":[],"class_list":{"0":"post-690393","1":"product","2":"type-product","3":"status-publish","4":"has-post-thumbnail","6":"product_cat-all-product","7":"product_cat-shlopantsi","8":"pa_rozmir-910","9":"pa_rozmir-912","10":"pa_rozmir-914","11":"pa_rozmir-915","12":"pa_rozmir-916","13":"pa_rozmir-917","14":"pa_rozmir-918","15":"pa_rozmir-919","16":"pa_rozmir-920","17":"pa_rozmir-921","18":"pa_rozmir-922","20":"first","21":"instock","22":"purchasable","23":"product-type-variable"},"_links":{"self":[{"href":"https:\/\/nextsnkr.com\/lv\/wp-json\/wp\/v2\/product\/690393","targetHints":{"allow":["GET"]}}],"collection":[{"href":"https:\/\/nextsnkr.com\/lv\/wp-json\/wp\/v2\/product"}],"about":[{"href":"https:\/\/nextsnkr.com\/lv\/wp-json\/wp\/v2\/types\/product"}],"replies":[{"embeddable":true,"href":"https:\/\/nextsnkr.com\/lv\/wp-json\/wp\/v2\/comments?post=690393"}],"version-history":[{"count":0,"href":"https:\/\/nextsnkr.com\/lv\/wp-json\/wp\/v2\/product\/690393\/revisions"}],"wp:featuredmedia":[{"embeddable":true,"href":"https:\/\/nextsnkr.com\/lv\/wp-json\/wp\/v2\/media\/690394"}],"wp:attachment":[{"href":"https:\/\/nextsnkr.com\/lv\/wp-json\/wp\/v2\/media?parent=690393"}],"wp:term":[{"taxonomy":"product_brand","embeddable":true,"href":"https:\/\/nextsnkr.com\/lv\/wp-json\/wp\/v2\/product_brand?post=690393"},{"taxonomy":"product_cat","embeddable":true,"href":"https:\/\/nextsnkr.com\/lv\/wp-json\/wp\/v2\/product_cat?post=690393"},{"taxonomy":"product_tag","embeddable":true,"href":"https:\/\/nextsnkr.com\/lv\/wp-json\/wp\/v2\/product_tag?post=690393"}],"curies":[{"name":"wp","href":"https:\/\/api.w.org\/{rel}","templated":true}]}}