{"id":687333,"date":"2025-06-18T19:48:15","date_gmt":"2025-06-18T16:48:15","guid":{"rendered":"https:\/\/nextsnkr.com\/product\/new-balance-574-send-pink-m\/"},"modified":"2026-02-02T14:01:55","modified_gmt":"2026-02-02T11:01:55","slug":"new-balance-574-send-pink-m","status":"publish","type":"product","link":"https:\/\/nextsnkr.com\/lv\/product\/new-balance-574-send-pink-m\/","title":{"rendered":"New Balance 574 Smil\u0161u \/ roz\u0101 v\u012brie\u0161u zam\u0161\u0101das \u010d\u012bbas"},"content":{"rendered":"<h2>New Balance 574 Smil\u0161u \/ roz\u0101 v\u012brie\u0161u zam\u0161\u0101das \u010d\u012bbas<\/h2>\n<p>&nbsp;<\/p>\n<p>New Balance 574 Sand\/Pink (m) \u010d\u012bbas apvieno dab\u012bgu zam\u0161\u0101du un elpojo\u0161us tekstilizstr\u0101d\u0101jumus, nodro\u0161inot komfortu, vieglumu un uzticamu atbalstu. Smalka smil\u0161u un roz\u0101 kr\u0101su kombin\u0101cija pie\u0161\u0137ir mode\u013ciem stil\u012bgumu un m\u016bsdien\u012bgu izskatu. Amortiz\u0113jo\u0161\u0101 zole garant\u0113 \u0113rtu staig\u0101\u0161anu un akt\u012bvu ikdienas valk\u0101\u0161anu. Ide\u0101la izv\u0113le v\u012brie\u0161iem, kuri nov\u0113rt\u0113 klasisko dizainu, kvalit\u0101ti un komfortu. Ra\u017eot\u0101js: \u0136\u012bna. SKU: nbl-0048-169678<\/p>\n","protected":false},"excerpt":{"rendered":"<p>New Balance 574 Sand\/Pink (m) \u010d\u012bbas apvieno dab\u012bgu zam\u0161\u0101du un elpojo\u0161us tekstilizstr\u0101d\u0101jumus, nodro\u0161inot komfortu, vieglumu un uzticamu atbalstu. Smalka smil\u0161u un roz\u0101 kr\u0101su kombin\u0101cija pie\u0161\u0137ir mode\u013ciem stil\u012bgumu un m\u016bsdien\u012bgu izskatu. Amortiz\u0113jo\u0161\u0101 zole garant\u0113 \u0113rtu staig\u0101\u0161anu un akt\u012bvu ikdienas valk\u0101\u0161anu. Ide\u0101la izv\u0113le v\u012brie\u0161iem, kuri nov\u0113rt\u0113 klasisko dizainu, kvalit\u0101ti un komfortu. Ra\u017eot\u0101js: \u0136\u012bna. SKU: nbl-0048-169678<\/p>\n","protected":false},"featured_media":687334,"comment_status":"open","ping_status":"open","template":"","meta":[],"product_brand":[],"product_cat":[3251,3252],"product_tag":[],"class_list":{"0":"post-687333","1":"product","2":"type-product","3":"status-publish","4":"has-post-thumbnail","6":"product_cat-all-product","7":"product_cat-krosivky","8":"pa_rozmir-910","9":"pa_rozmir-912","10":"pa_rozmir-914","11":"pa_rozmir-915","12":"pa_rozmir-916","13":"pa_rozmir-917","14":"pa_rozmir-918","15":"pa_rozmir-919","16":"pa_rozmir-920","17":"pa_rozmir-921","18":"pa_rozmir-922","20":"first","21":"onbackorder","22":"purchasable","23":"product-type-variable"},"_links":{"self":[{"href":"https:\/\/nextsnkr.com\/lv\/wp-json\/wp\/v2\/product\/687333","targetHints":{"allow":["GET"]}}],"collection":[{"href":"https:\/\/nextsnkr.com\/lv\/wp-json\/wp\/v2\/product"}],"about":[{"href":"https:\/\/nextsnkr.com\/lv\/wp-json\/wp\/v2\/types\/product"}],"replies":[{"embeddable":true,"href":"https:\/\/nextsnkr.com\/lv\/wp-json\/wp\/v2\/comments?post=687333"}],"version-history":[{"count":0,"href":"https:\/\/nextsnkr.com\/lv\/wp-json\/wp\/v2\/product\/687333\/revisions"}],"wp:featuredmedia":[{"embeddable":true,"href":"https:\/\/nextsnkr.com\/lv\/wp-json\/wp\/v2\/media\/687334"}],"wp:attachment":[{"href":"https:\/\/nextsnkr.com\/lv\/wp-json\/wp\/v2\/media?parent=687333"}],"wp:term":[{"taxonomy":"product_brand","embeddable":true,"href":"https:\/\/nextsnkr.com\/lv\/wp-json\/wp\/v2\/product_brand?post=687333"},{"taxonomy":"product_cat","embeddable":true,"href":"https:\/\/nextsnkr.com\/lv\/wp-json\/wp\/v2\/product_cat?post=687333"},{"taxonomy":"product_tag","embeddable":true,"href":"https:\/\/nextsnkr.com\/lv\/wp-json\/wp\/v2\/product_tag?post=687333"}],"curies":[{"name":"wp","href":"https:\/\/api.w.org\/{rel}","templated":true}]}}