{"id":686987,"date":"2025-06-18T19:49:03","date_gmt":"2025-06-18T16:49:03","guid":{"rendered":"https:\/\/nextsnkr.com\/product\/puma-white-m\/"},"modified":"2026-02-02T14:01:36","modified_gmt":"2026-02-02T11:01:36","slug":"puma-white-m","status":"publish","type":"product","link":"https:\/\/nextsnkr.com\/lv\/product\/puma-white-m\/","title":{"rendered":"Puma White (M) \u010d\u012bbas &#8211; stil\u012bgs balts sporta v\u012brie\u0161iem"},"content":{"rendered":"<h2>Puma White (M) \u010d\u012bbas &#8211; stil\u012bgs balts sporta v\u012brie\u0161iem<\/h2>\n<p>&nbsp;<\/p>\n<p>Puma White (M) \u010d\u012bbas apvieno stilu un komfortu ikdienas valk\u0101\u0161anai. Viegli un iztur\u012bgi, tie ir izgatavoti no augstas kvalit\u0101tes materi\u0101liem, kas nodro\u0161ina iztur\u012bbu un \u0113rt\u012bbas pastaigu, treni\u0146u vai \u0101ra aktivit\u0101\u0161u laik\u0101. T\u012bra balta kr\u0101sa pie\u0161\u0137ir daudzpus\u012bbu un izce\u013c m\u016bsdienu sportisko stilu. Izv\u0113loties Puma, j\u016bs ieg\u016bstat z\u012bmolu, uzticam\u012bbu un komfortu katr\u0101 sol\u012b.<\/p>\n","protected":false},"excerpt":{"rendered":"<p>Puma White (M) \u010d\u012bbas apvieno stilu un komfortu ikdienas valk\u0101\u0161anai. Viegli un iztur\u012bgi, tie ir izgatavoti no augstas kvalit\u0101tes materi\u0101liem, kas nodro\u0161ina iztur\u012bbu un \u0113rt\u012bbas pastaigu, treni\u0146u vai \u0101ra aktivit\u0101\u0161u laik\u0101. T\u012bra balta kr\u0101sa pie\u0161\u0137ir daudzpus\u012bbu un izce\u013c m\u016bsdienu sportisko stilu. Izv\u0113loties Puma, j\u016bs ieg\u016bstat z\u012bmolu, uzticam\u012bbu un komfortu katr\u0101 sol\u012b.<\/p>\n","protected":false},"featured_media":686988,"comment_status":"open","ping_status":"open","template":"","meta":[],"product_brand":[],"product_cat":[3251,3322],"product_tag":[],"class_list":{"0":"post-686987","1":"product","2":"type-product","3":"status-publish","4":"has-post-thumbnail","6":"product_cat-all-product","7":"product_cat-kedy","8":"pa_rozmir-910","9":"pa_rozmir-912","10":"pa_rozmir-914","11":"pa_rozmir-915","12":"pa_rozmir-916","13":"pa_rozmir-917","14":"pa_rozmir-918","15":"pa_rozmir-919","16":"pa_rozmir-920","17":"pa_rozmir-921","18":"pa_rozmir-922","20":"first","21":"onbackorder","22":"purchasable","23":"product-type-variable"},"_links":{"self":[{"href":"https:\/\/nextsnkr.com\/lv\/wp-json\/wp\/v2\/product\/686987","targetHints":{"allow":["GET"]}}],"collection":[{"href":"https:\/\/nextsnkr.com\/lv\/wp-json\/wp\/v2\/product"}],"about":[{"href":"https:\/\/nextsnkr.com\/lv\/wp-json\/wp\/v2\/types\/product"}],"replies":[{"embeddable":true,"href":"https:\/\/nextsnkr.com\/lv\/wp-json\/wp\/v2\/comments?post=686987"}],"version-history":[{"count":0,"href":"https:\/\/nextsnkr.com\/lv\/wp-json\/wp\/v2\/product\/686987\/revisions"}],"wp:featuredmedia":[{"embeddable":true,"href":"https:\/\/nextsnkr.com\/lv\/wp-json\/wp\/v2\/media\/686988"}],"wp:attachment":[{"href":"https:\/\/nextsnkr.com\/lv\/wp-json\/wp\/v2\/media?parent=686987"}],"wp:term":[{"taxonomy":"product_brand","embeddable":true,"href":"https:\/\/nextsnkr.com\/lv\/wp-json\/wp\/v2\/product_brand?post=686987"},{"taxonomy":"product_cat","embeddable":true,"href":"https:\/\/nextsnkr.com\/lv\/wp-json\/wp\/v2\/product_cat?post=686987"},{"taxonomy":"product_tag","embeddable":true,"href":"https:\/\/nextsnkr.com\/lv\/wp-json\/wp\/v2\/product_tag?post=686987"}],"curies":[{"name":"wp","href":"https:\/\/api.w.org\/{rel}","templated":true}]}}