{"id":686300,"date":"2025-06-18T19:50:43","date_gmt":"2025-06-18T16:50:43","guid":{"rendered":"https:\/\/nextsnkr.com\/product\/new-balance-574-grey-mint-m\/"},"modified":"2026-02-02T14:01:18","modified_gmt":"2026-02-02T11:01:18","slug":"new-balance-574-grey-mint-m","status":"publish","type":"product","link":"https:\/\/nextsnkr.com\/lv\/product\/new-balance-574-grey-mint-m\/","title":{"rendered":"New Balance 574 Grey \/ Mint-v\u012brie\u0161u zam\u0161\u0101das un tekstila kedas"},"content":{"rendered":"<h2>New Balance 574 Grey \/ Mint-v\u012brie\u0161u zam\u0161\u0101das un tekstila kedas<\/h2>\n<p>&nbsp;<\/p>\n<p>New Balance 574 Grey \/ Mint v\u012brie\u0161u kedas apvieno stil\u012bgu dizainu un komfortu katrai dienai. Izgatavoti no augstas kvalit\u0101tes zam\u0161\u0101das un tekstilizstr\u0101d\u0101jumiem, tie nodro\u0161ina iztur\u012bbu un perfektu p\u0113du atbalstu. Modelis ir piem\u0113rots pastaig\u0101m, sportam un ikdienas lieto\u0161anai, pievienojot savam izskatam spilgtumu un m\u016bsdien\u012bgumu. Izv\u0113loties New Balance 574, j\u016bs ieg\u016bstat uzticamas augst\u0101k\u0101s kvalit\u0101tes \u010d\u012bbas akt\u012bvai dz\u012bvei.<\/p>\n","protected":false},"excerpt":{"rendered":"<p>New Balance 574 Grey \/ Mint v\u012brie\u0161u kedas apvieno stil\u012bgu dizainu un komfortu katrai dienai. Izgatavoti no augstas kvalit\u0101tes zam\u0161\u0101das un tekstilizstr\u0101d\u0101jumiem, tie nodro\u0161ina iztur\u012bbu un perfektu p\u0113du atbalstu. Modelis ir piem\u0113rots pastaig\u0101m, sportam un ikdienas lieto\u0161anai, pievienojot savam izskatam spilgtumu un m\u016bsdien\u012bgumu. Izv\u0113loties New Balance 574, j\u016bs ieg\u016bstat uzticamas augst\u0101k\u0101s kvalit\u0101tes \u010d\u012bbas akt\u012bvai dz\u012bvei.<\/p>\n","protected":false},"featured_media":686301,"comment_status":"open","ping_status":"open","template":"","meta":[],"product_brand":[],"product_cat":[3251,3252],"product_tag":[],"class_list":{"0":"post-686300","1":"product","2":"type-product","3":"status-publish","4":"has-post-thumbnail","6":"product_cat-all-product","7":"product_cat-krosivky","8":"pa_rozmir-910","9":"pa_rozmir-912","10":"pa_rozmir-914","11":"pa_rozmir-915","12":"pa_rozmir-916","13":"pa_rozmir-917","14":"pa_rozmir-918","15":"pa_rozmir-919","16":"pa_rozmir-920","17":"pa_rozmir-921","18":"pa_rozmir-922","20":"first","21":"onbackorder","22":"purchasable","23":"product-type-variable"},"_links":{"self":[{"href":"https:\/\/nextsnkr.com\/lv\/wp-json\/wp\/v2\/product\/686300","targetHints":{"allow":["GET"]}}],"collection":[{"href":"https:\/\/nextsnkr.com\/lv\/wp-json\/wp\/v2\/product"}],"about":[{"href":"https:\/\/nextsnkr.com\/lv\/wp-json\/wp\/v2\/types\/product"}],"replies":[{"embeddable":true,"href":"https:\/\/nextsnkr.com\/lv\/wp-json\/wp\/v2\/comments?post=686300"}],"version-history":[{"count":0,"href":"https:\/\/nextsnkr.com\/lv\/wp-json\/wp\/v2\/product\/686300\/revisions"}],"wp:featuredmedia":[{"embeddable":true,"href":"https:\/\/nextsnkr.com\/lv\/wp-json\/wp\/v2\/media\/686301"}],"wp:attachment":[{"href":"https:\/\/nextsnkr.com\/lv\/wp-json\/wp\/v2\/media?parent=686300"}],"wp:term":[{"taxonomy":"product_brand","embeddable":true,"href":"https:\/\/nextsnkr.com\/lv\/wp-json\/wp\/v2\/product_brand?post=686300"},{"taxonomy":"product_cat","embeddable":true,"href":"https:\/\/nextsnkr.com\/lv\/wp-json\/wp\/v2\/product_cat?post=686300"},{"taxonomy":"product_tag","embeddable":true,"href":"https:\/\/nextsnkr.com\/lv\/wp-json\/wp\/v2\/product_tag?post=686300"}],"curies":[{"name":"wp","href":"https:\/\/api.w.org\/{rel}","templated":true}]}}