{"id":686025,"date":"2025-06-18T19:51:36","date_gmt":"2025-06-18T16:51:36","guid":{"rendered":"https:\/\/nextsnkr.com\/product\/lv-backpack-mini\/"},"modified":"2026-02-02T14:01:04","modified_gmt":"2026-02-02T11:01:04","slug":"lv-backpack-mini","status":"publish","type":"product","link":"https:\/\/nextsnkr.com\/lv\/product\/lv-backpack-mini\/","title":{"rendered":"Mugursoma LV Backpack Mini-kompakta eko \u0101da ikdienas lieto\u0161anai"},"content":{"rendered":"<h2>Mugursoma LV Backpack Mini-kompakta eko \u0101da ikdienas lieto\u0161anai<\/h2>\n<p>&nbsp;<\/p>\n<p>Mini mugursoma LV Backpack Mini ir izgatavota no augstas kvalit\u0101tes eko \u0101das, apvienojot stilu un praktiskumu. Ide\u0101li piem\u0113rots ikdienas lieto\u0161anai, viegli satur nepiecie\u0161am\u0101s lietas un pie\u0161\u0137ir j\u016bsu izskatam modernu \u0161armu. Kompakts dizains un \u0113rtas siksnas nodro\u0161ina valk\u0101\u0161anas komfortu, un elegantais dizains padara mugursomu par daudzpus\u012bgu aksesu\u0101ru darbam, pastaig\u0101m vai ce\u013cojumiem. Materi\u0101lu uzticam\u012bba garant\u0113 iztur\u012bbu un kvalit\u0101ti katru dienu.<\/p>\n","protected":false},"excerpt":{"rendered":"<p>Mini mugursoma LV Backpack Mini ir izgatavota no augstas kvalit\u0101tes eko \u0101das, apvienojot stilu un praktiskumu. Ide\u0101li piem\u0113rots ikdienas lieto\u0161anai, viegli satur nepiecie\u0161am\u0101s lietas un pie\u0161\u0137ir j\u016bsu izskatam modernu \u0161armu. Kompakts dizains un \u0113rtas siksnas nodro\u0161ina valk\u0101\u0161anas komfortu, un elegantais dizains padara mugursomu par daudzpus\u012bgu aksesu\u0101ru darbam, pastaig\u0101m vai ce\u013cojumiem. Materi\u0101lu uzticam\u012bba garant\u0113 iztur\u012bbu un kvalit\u0101ti katru dienu.<\/p>\n","protected":false},"featured_media":686026,"comment_status":"open","ping_status":"open","template":"","meta":[],"product_brand":[],"product_cat":[3251,4277],"product_tag":[],"class_list":{"0":"post-686025","1":"product","2":"type-product","3":"status-publish","4":"has-post-thumbnail","6":"product_cat-all-product","7":"product_cat-riukzaky","8":"pa_rozmir-16kh21kh9","10":"first","11":"instock","12":"purchasable","13":"product-type-simple"},"_links":{"self":[{"href":"https:\/\/nextsnkr.com\/lv\/wp-json\/wp\/v2\/product\/686025","targetHints":{"allow":["GET"]}}],"collection":[{"href":"https:\/\/nextsnkr.com\/lv\/wp-json\/wp\/v2\/product"}],"about":[{"href":"https:\/\/nextsnkr.com\/lv\/wp-json\/wp\/v2\/types\/product"}],"replies":[{"embeddable":true,"href":"https:\/\/nextsnkr.com\/lv\/wp-json\/wp\/v2\/comments?post=686025"}],"version-history":[{"count":0,"href":"https:\/\/nextsnkr.com\/lv\/wp-json\/wp\/v2\/product\/686025\/revisions"}],"wp:featuredmedia":[{"embeddable":true,"href":"https:\/\/nextsnkr.com\/lv\/wp-json\/wp\/v2\/media\/686026"}],"wp:attachment":[{"href":"https:\/\/nextsnkr.com\/lv\/wp-json\/wp\/v2\/media?parent=686025"}],"wp:term":[{"taxonomy":"product_brand","embeddable":true,"href":"https:\/\/nextsnkr.com\/lv\/wp-json\/wp\/v2\/product_brand?post=686025"},{"taxonomy":"product_cat","embeddable":true,"href":"https:\/\/nextsnkr.com\/lv\/wp-json\/wp\/v2\/product_cat?post=686025"},{"taxonomy":"product_tag","embeddable":true,"href":"https:\/\/nextsnkr.com\/lv\/wp-json\/wp\/v2\/product_tag?post=686025"}],"curies":[{"name":"wp","href":"https:\/\/api.w.org\/{rel}","templated":true}]}}