{"id":685632,"date":"2025-06-18T19:51:52","date_gmt":"2025-06-18T16:51:52","guid":{"rendered":"https:\/\/nextsnkr.com\/product\/prada-backpack-green\/"},"modified":"2026-02-02T14:00:34","modified_gmt":"2026-02-02T11:00:34","slug":"prada-backpack-green","status":"publish","type":"product","link":"https:\/\/nextsnkr.com\/lv\/product\/prada-backpack-green\/","title":{"rendered":"Prada Backpack Green mugursoma ir stil\u012bgs un iztur\u012bgs aksesu\u0101rs ikdienas lieto\u0161anai"},"content":{"rendered":"<h2>Prada Backpack Green mugursoma ir stil\u012bgs un iztur\u012bgs aksesu\u0101rs ikdienas lieto\u0161anai<\/h2>\n<p>&nbsp;<\/p>\n<p>Elegant\u0101 Prada Backpack Green mugursoma ir izgatavota no augstas kvalit\u0101tes neilona, kas nodro\u0161ina iztur\u012bbu un iztur\u012bbu. Ide\u0101li piem\u0113rots darbam, studij\u0101m vai ce\u013cojumiem, tas apvieno komfortu un modernu dizainu. Praktiskie nodal\u012bjumi \u013cauj organiz\u0113t lietas, un spilgti za\u013c\u0101 kr\u0101sa akcent\u0113s j\u016bsu stilu. Izv\u0113lieties Prada mugursomu, lai katru dienu b\u016btu stil\u012bgs, uzticams un funkcion\u0101ls aksesu\u0101rs.<\/p>\n","protected":false},"excerpt":{"rendered":"<p>Elegant\u0101 Prada Backpack Green mugursoma ir izgatavota no augstas kvalit\u0101tes neilona, kas nodro\u0161ina iztur\u012bbu un iztur\u012bbu. Ide\u0101li piem\u0113rots darbam, studij\u0101m vai ce\u013cojumiem, tas apvieno komfortu un modernu dizainu. Praktiskie nodal\u012bjumi \u013cauj organiz\u0113t lietas, un spilgti za\u013c\u0101 kr\u0101sa akcent\u0113s j\u016bsu stilu. Izv\u0113lieties Prada mugursomu, lai katru dienu b\u016btu stil\u012bgs, uzticams un funkcion\u0101ls aksesu\u0101rs.<\/p>\n","protected":false},"featured_media":685633,"comment_status":"open","ping_status":"open","template":"","meta":[],"product_brand":[],"product_cat":[3251,4277],"product_tag":[],"class_list":{"0":"post-685632","1":"product","2":"type-product","3":"status-publish","4":"has-post-thumbnail","6":"product_cat-all-product","7":"product_cat-riukzaky","8":"pa_rozmir-34x26","10":"first","11":"instock","12":"purchasable","13":"product-type-simple"},"_links":{"self":[{"href":"https:\/\/nextsnkr.com\/lv\/wp-json\/wp\/v2\/product\/685632","targetHints":{"allow":["GET"]}}],"collection":[{"href":"https:\/\/nextsnkr.com\/lv\/wp-json\/wp\/v2\/product"}],"about":[{"href":"https:\/\/nextsnkr.com\/lv\/wp-json\/wp\/v2\/types\/product"}],"replies":[{"embeddable":true,"href":"https:\/\/nextsnkr.com\/lv\/wp-json\/wp\/v2\/comments?post=685632"}],"version-history":[{"count":0,"href":"https:\/\/nextsnkr.com\/lv\/wp-json\/wp\/v2\/product\/685632\/revisions"}],"wp:featuredmedia":[{"embeddable":true,"href":"https:\/\/nextsnkr.com\/lv\/wp-json\/wp\/v2\/media\/685633"}],"wp:attachment":[{"href":"https:\/\/nextsnkr.com\/lv\/wp-json\/wp\/v2\/media?parent=685632"}],"wp:term":[{"taxonomy":"product_brand","embeddable":true,"href":"https:\/\/nextsnkr.com\/lv\/wp-json\/wp\/v2\/product_brand?post=685632"},{"taxonomy":"product_cat","embeddable":true,"href":"https:\/\/nextsnkr.com\/lv\/wp-json\/wp\/v2\/product_cat?post=685632"},{"taxonomy":"product_tag","embeddable":true,"href":"https:\/\/nextsnkr.com\/lv\/wp-json\/wp\/v2\/product_tag?post=685632"}],"curies":[{"name":"wp","href":"https:\/\/api.w.org\/{rel}","templated":true}]}}