{"id":685539,"date":"2025-06-17T21:30:21","date_gmt":"2025-06-17T18:30:21","guid":{"rendered":"https:\/\/nextsnkr.com\/product\/nike-p-6000-beige\/"},"modified":"2026-02-02T14:00:39","modified_gmt":"2026-02-02T11:00:39","slug":"nike-p-6000-beige","status":"publish","type":"product","link":"https:\/\/nextsnkr.com\/lv\/product\/nike-p-6000-beige\/","title":{"rendered":"Nike P-6000 Beige kedas &#8211; sievie\u0161u acu un zam\u0161\u0101das kedas"},"content":{"rendered":"<h2>Nike P-6000 Beige kedas &#8211; sievie\u0161u acu un zam\u0161\u0101das kedas<\/h2>\n<p>&nbsp;<\/p>\n<p>Nike P-6000 Beige stil\u012bg\u0101s kedas apvieno m\u016bsdien\u012bgu dizainu un komfortu ikdienas valk\u0101\u0161anai. Sieta un zam\u0161\u0101das aug\u0161da\u013ca nodro\u0161ina vieglu, ventil\u0113jo\u0161u un dro\u0161u piegul\u0161anu p\u0113dai. Triecienu absorb\u0113jo\u0161\u0101 zole nodro\u0161ina maigumu solim un stabilit\u0101ti kust\u012bbas laik\u0101, un smil\u0161kr\u0101sas kr\u0101sa padara modeli daudzpus\u012bgu jebkuram izskatam. Ide\u0101la izv\u0113le akt\u012bvam pils\u0113tas stilam un tiem, kas nov\u0113rt\u0113 Nike kvalit\u0101ti un le\u0123end\u0101ro z\u012bmolu.<\/p>\n","protected":false},"excerpt":{"rendered":"<p>Nike P-6000 Beige stil\u012bg\u0101s kedas apvieno m\u016bsdien\u012bgu dizainu un komfortu ikdienas valk\u0101\u0161anai. Sieta un zam\u0161\u0101das aug\u0161da\u013ca nodro\u0161ina vieglu, ventil\u0113jo\u0161u un dro\u0161u piegul\u0161anu p\u0113dai. Triecienu absorb\u0113jo\u0161\u0101 zole nodro\u0161ina maigumu solim un stabilit\u0101ti kust\u012bbas laik\u0101, un smil\u0161kr\u0101sas kr\u0101sa padara modeli daudzpus\u012bgu jebkuram izskatam. Ide\u0101la izv\u0113le akt\u012bvam pils\u0113tas stilam un tiem, kas nov\u0113rt\u0113 Nike kvalit\u0101ti un le\u0123end\u0101ro z\u012bmolu.<\/p>\n","protected":false},"featured_media":685540,"comment_status":"open","ping_status":"open","template":"","meta":[],"product_brand":[],"product_cat":[3251,3252],"product_tag":[],"class_list":{"0":"post-685539","1":"product","2":"type-product","3":"status-publish","4":"has-post-thumbnail","6":"product_cat-all-product","7":"product_cat-krosivky","8":"pa_rozmir-910","9":"pa_rozmir-912","10":"pa_rozmir-914","11":"pa_rozmir-915","12":"pa_rozmir-916","13":"pa_rozmir-917","14":"pa_rozmir-918","15":"pa_rozmir-919","16":"pa_rozmir-920","17":"pa_rozmir-921","18":"pa_rozmir-922","20":"first","21":"onbackorder","22":"purchasable","23":"product-type-variable"},"_links":{"self":[{"href":"https:\/\/nextsnkr.com\/lv\/wp-json\/wp\/v2\/product\/685539","targetHints":{"allow":["GET"]}}],"collection":[{"href":"https:\/\/nextsnkr.com\/lv\/wp-json\/wp\/v2\/product"}],"about":[{"href":"https:\/\/nextsnkr.com\/lv\/wp-json\/wp\/v2\/types\/product"}],"replies":[{"embeddable":true,"href":"https:\/\/nextsnkr.com\/lv\/wp-json\/wp\/v2\/comments?post=685539"}],"version-history":[{"count":0,"href":"https:\/\/nextsnkr.com\/lv\/wp-json\/wp\/v2\/product\/685539\/revisions"}],"wp:featuredmedia":[{"embeddable":true,"href":"https:\/\/nextsnkr.com\/lv\/wp-json\/wp\/v2\/media\/685540"}],"wp:attachment":[{"href":"https:\/\/nextsnkr.com\/lv\/wp-json\/wp\/v2\/media?parent=685539"}],"wp:term":[{"taxonomy":"product_brand","embeddable":true,"href":"https:\/\/nextsnkr.com\/lv\/wp-json\/wp\/v2\/product_brand?post=685539"},{"taxonomy":"product_cat","embeddable":true,"href":"https:\/\/nextsnkr.com\/lv\/wp-json\/wp\/v2\/product_cat?post=685539"},{"taxonomy":"product_tag","embeddable":true,"href":"https:\/\/nextsnkr.com\/lv\/wp-json\/wp\/v2\/product_tag?post=685539"}],"curies":[{"name":"wp","href":"https:\/\/api.w.org\/{rel}","templated":true}]}}