{"id":683658,"date":"2025-06-18T20:48:23","date_gmt":"2025-06-18T17:48:23","guid":{"rendered":"https:\/\/nextsnkr.com\/product\/gucci-leather-horsebit\/"},"modified":"2026-02-02T13:59:31","modified_gmt":"2026-02-02T10:59:31","slug":"gucci-leather-horsebit","status":"publish","type":"product","link":"https:\/\/nextsnkr.com\/lv\/product\/gucci-leather-horsebit\/","title":{"rendered":"\u0100das Gucci Leather Horsebit klaipi-elegants stils No It\u0101lijas"},"content":{"rendered":"<h2>\u0100das Gucci Leather Horsebit klaipi-elegants stils No It\u0101lijas<\/h2>\n<p>&nbsp;<\/p>\n<p>Gucci Leather Horsebit klaipi ir izgatavoti no augstas kvalit\u0101tes \u0101das It\u0101lij\u0101, kas garant\u0113 komfortu un iztur\u012bbu. Klasiskais dizains ar Horsebit parakstu met\u0101la deta\u013cu izce\u013c grezn\u012bbu un izsmalcin\u0101tu stilu. Ide\u0101li piem\u0113rots ikdienas valk\u0101\u0161anai un \u012bpa\u0161iem notikumiem, pievienojot izskatu elegancei un statusam. Izv\u0113le tiem, kas nov\u0113rt\u0113 presti\u017eus z\u012bmolus un kvalitat\u012bvus materi\u0101lus.<\/p>\n","protected":false},"excerpt":{"rendered":"<p>Gucci Leather Horsebit klaipi ir izgatavoti no augstas kvalit\u0101tes \u0101das It\u0101lij\u0101, kas garant\u0113 komfortu un iztur\u012bbu. Klasiskais dizains ar Horsebit parakstu met\u0101la deta\u013cu izce\u013c grezn\u012bbu un izsmalcin\u0101tu stilu. Ide\u0101li piem\u0113rots ikdienas valk\u0101\u0161anai un \u012bpa\u0161iem notikumiem, pievienojot izskatu elegancei un statusam. Izv\u0113le tiem, kas nov\u0113rt\u0113 presti\u017eus z\u012bmolus un kvalitat\u012bvus materi\u0101lus.<\/p>\n","protected":false},"featured_media":683660,"comment_status":"open","ping_status":"open","template":"","meta":[],"product_brand":[],"product_cat":[3251,4244],"product_tag":[],"class_list":{"0":"post-683658","1":"product","2":"type-product","3":"status-publish","4":"has-post-thumbnail","6":"product_cat-all-product","7":"product_cat-lofery","8":"pa_rozmir-910","9":"pa_rozmir-912","10":"pa_rozmir-914","11":"pa_rozmir-915","12":"pa_rozmir-916","13":"pa_rozmir-917","14":"pa_rozmir-918","15":"pa_rozmir-919","16":"pa_rozmir-920","17":"pa_rozmir-921","18":"pa_rozmir-922","20":"first","21":"onbackorder","22":"purchasable","23":"product-type-variable"},"_links":{"self":[{"href":"https:\/\/nextsnkr.com\/lv\/wp-json\/wp\/v2\/product\/683658","targetHints":{"allow":["GET"]}}],"collection":[{"href":"https:\/\/nextsnkr.com\/lv\/wp-json\/wp\/v2\/product"}],"about":[{"href":"https:\/\/nextsnkr.com\/lv\/wp-json\/wp\/v2\/types\/product"}],"replies":[{"embeddable":true,"href":"https:\/\/nextsnkr.com\/lv\/wp-json\/wp\/v2\/comments?post=683658"}],"version-history":[{"count":0,"href":"https:\/\/nextsnkr.com\/lv\/wp-json\/wp\/v2\/product\/683658\/revisions"}],"wp:featuredmedia":[{"embeddable":true,"href":"https:\/\/nextsnkr.com\/lv\/wp-json\/wp\/v2\/media\/683660"}],"wp:attachment":[{"href":"https:\/\/nextsnkr.com\/lv\/wp-json\/wp\/v2\/media?parent=683658"}],"wp:term":[{"taxonomy":"product_brand","embeddable":true,"href":"https:\/\/nextsnkr.com\/lv\/wp-json\/wp\/v2\/product_brand?post=683658"},{"taxonomy":"product_cat","embeddable":true,"href":"https:\/\/nextsnkr.com\/lv\/wp-json\/wp\/v2\/product_cat?post=683658"},{"taxonomy":"product_tag","embeddable":true,"href":"https:\/\/nextsnkr.com\/lv\/wp-json\/wp\/v2\/product_tag?post=683658"}],"curies":[{"name":"wp","href":"https:\/\/api.w.org\/{rel}","templated":true}]}}