{"id":682978,"date":"2025-06-18T20:50:03","date_gmt":"2025-06-18T17:50:03","guid":{"rendered":"https:\/\/nextsnkr.com\/product\/nike-sb-dunk-panda-black-white\/"},"modified":"2026-02-02T13:59:14","modified_gmt":"2026-02-02T10:59:14","slug":"nike-sb-dunk-panda-black-white","status":"publish","type":"product","link":"https:\/\/nextsnkr.com\/lv\/product\/nike-sb-dunk-panda-black-white\/","title":{"rendered":"NIKE SB Dunk Panda Black \/ White \u010d\u012bbas-stils un komforts"},"content":{"rendered":"<h2>NIKE SB Dunk Panda Black \/ White \u010d\u012bbas-stils un komforts<\/h2>\n<p>&nbsp;<\/p>\n<p>Nike SB Dunk Panda Black \/ White stil\u012bg\u0101s \u010d\u012bbas ir izgatavotas no augstas kvalit\u0101tes \u0101das, kas nodro\u0161ina iztur\u012bbu un valk\u0101\u0161anas komfortu. Ide\u0101li piem\u0113rots ikdienas lieto\u0161anai un \u0101ra aktivit\u0101t\u0113m. Izsmalcin\u0101tais melnbaltais dizains padara \u0161\u012bs NIKE SB \u010d\u012bbas daudzpus\u012bgas jebkuram izskatam, apvienojot m\u016bsdien\u012bgu stilu un uzticam\u012bbu. Katru dienu izv\u0113lieties komfortu un spilgtu izskatu.<\/p>\n","protected":false},"excerpt":{"rendered":"<p>Nike SB Dunk Panda Black \/ White stil\u012bg\u0101s \u010d\u012bbas ir izgatavotas no augstas kvalit\u0101tes \u0101das, kas nodro\u0161ina iztur\u012bbu un valk\u0101\u0161anas komfortu. Ide\u0101li piem\u0113rots ikdienas lieto\u0161anai un \u0101ra aktivit\u0101t\u0113m. Izsmalcin\u0101tais melnbaltais dizains padara \u0161\u012bs NIKE SB \u010d\u012bbas daudzpus\u012bgas jebkuram izskatam, apvienojot m\u016bsdien\u012bgu stilu un uzticam\u012bbu. Katru dienu izv\u0113lieties komfortu un spilgtu izskatu.<\/p>\n","protected":false},"featured_media":682979,"comment_status":"open","ping_status":"open","template":"","meta":[],"product_brand":[],"product_cat":[3251,3322],"product_tag":[],"class_list":{"0":"post-682978","1":"product","2":"type-product","3":"status-publish","4":"has-post-thumbnail","6":"product_cat-all-product","7":"product_cat-kedy","8":"pa_rozmir-910","9":"pa_rozmir-912","10":"pa_rozmir-914","11":"pa_rozmir-915","12":"pa_rozmir-916","13":"pa_rozmir-917","14":"pa_rozmir-918","15":"pa_rozmir-919","16":"pa_rozmir-920","17":"pa_rozmir-921","18":"pa_rozmir-922","20":"first","21":"instock","22":"purchasable","23":"product-type-variable"},"_links":{"self":[{"href":"https:\/\/nextsnkr.com\/lv\/wp-json\/wp\/v2\/product\/682978","targetHints":{"allow":["GET"]}}],"collection":[{"href":"https:\/\/nextsnkr.com\/lv\/wp-json\/wp\/v2\/product"}],"about":[{"href":"https:\/\/nextsnkr.com\/lv\/wp-json\/wp\/v2\/types\/product"}],"replies":[{"embeddable":true,"href":"https:\/\/nextsnkr.com\/lv\/wp-json\/wp\/v2\/comments?post=682978"}],"version-history":[{"count":0,"href":"https:\/\/nextsnkr.com\/lv\/wp-json\/wp\/v2\/product\/682978\/revisions"}],"wp:featuredmedia":[{"embeddable":true,"href":"https:\/\/nextsnkr.com\/lv\/wp-json\/wp\/v2\/media\/682979"}],"wp:attachment":[{"href":"https:\/\/nextsnkr.com\/lv\/wp-json\/wp\/v2\/media?parent=682978"}],"wp:term":[{"taxonomy":"product_brand","embeddable":true,"href":"https:\/\/nextsnkr.com\/lv\/wp-json\/wp\/v2\/product_brand?post=682978"},{"taxonomy":"product_cat","embeddable":true,"href":"https:\/\/nextsnkr.com\/lv\/wp-json\/wp\/v2\/product_cat?post=682978"},{"taxonomy":"product_tag","embeddable":true,"href":"https:\/\/nextsnkr.com\/lv\/wp-json\/wp\/v2\/product_tag?post=682978"}],"curies":[{"name":"wp","href":"https:\/\/api.w.org\/{rel}","templated":true}]}}