{"id":682810,"date":"2025-06-17T21:37:31","date_gmt":"2025-06-17T18:37:31","guid":{"rendered":"https:\/\/nextsnkr.com\/product\/nike-blazer-low-platform\/"},"modified":"2026-02-02T13:59:09","modified_gmt":"2026-02-02T10:59:09","slug":"nike-blazer-low-platform","status":"publish","type":"product","link":"https:\/\/nextsnkr.com\/lv\/product\/nike-blazer-low-platform\/","title":{"rendered":"Nike Blazer Low Platform \u010d\u012bbas &#8211; \u0101das stil\u012bgs sievie\u0161u \/ v\u012brie\u0161u"},"content":{"rendered":"<h2>Nike Blazer Low Platform \u010d\u012bbas &#8211; \u0101das stil\u012bgs sievie\u0161u \/ v\u012brie\u0161u<\/h2>\n<p>&nbsp;<\/p>\n<p>Nike Blazer Low Platform \u010d\u012bbas ir klasiskas \u0101das \u010d\u012bbas ar paaugstin\u0101tu platformu ikdienas valk\u0101\u0161anai un akt\u012bvam stilam. Modelim ir iztur\u012bga dab\u012bg\u0101 \u0101da, \u0113rta piegul\u0161ana un daudzpus\u012bgs dizains, kas viegli atbilst jebkuram ap\u0123\u0113rbam. Izgatavotas Vjetnam\u0101, \u010d\u012bbas nodro\u0161ina iztur\u012bbu, p\u0113du atbalstu un stil\u012bgu, m\u016bsdien\u012bgu izskatu, padarot t\u0101s par ide\u0101lu izv\u0113li tiem, kas nov\u0113rt\u0113 Nike z\u012bmolu un komfortu ikdienas dz\u012bv\u0113.<\/p>\n","protected":false},"excerpt":{"rendered":"<p>Nike Blazer Low Platform \u010d\u012bbas ir klasiskas \u0101das \u010d\u012bbas ar paaugstin\u0101tu platformu ikdienas valk\u0101\u0161anai un akt\u012bvam stilam. Modelim ir iztur\u012bga dab\u012bg\u0101 \u0101da, \u0113rta piegul\u0161ana un daudzpus\u012bgs dizains, kas viegli atbilst jebkuram ap\u0123\u0113rbam. Izgatavotas Vjetnam\u0101, \u010d\u012bbas nodro\u0161ina iztur\u012bbu, p\u0113du atbalstu un stil\u012bgu, m\u016bsdien\u012bgu izskatu, padarot t\u0101s par ide\u0101lu izv\u0113li tiem, kas nov\u0113rt\u0113 Nike z\u012bmolu un komfortu ikdienas dz\u012bv\u0113.<\/p>\n","protected":false},"featured_media":682813,"comment_status":"open","ping_status":"open","template":"","meta":[],"product_brand":[2399],"product_cat":[3361,3251,3322],"product_tag":[],"class_list":{"0":"post-682810","1":"product","2":"type-product","3":"status-publish","4":"has-post-thumbnail","6":"product_brand-nike-blazer","7":"product_cat-nike-blazer","8":"product_cat-all-product","9":"product_cat-kedy","10":"pa_rozmir-910","11":"pa_rozmir-912","12":"pa_rozmir-914","13":"pa_rozmir-915","14":"pa_rozmir-916","15":"pa_rozmir-917","16":"pa_rozmir-918","17":"pa_rozmir-919","18":"pa_rozmir-920","19":"pa_rozmir-921","20":"pa_rozmir-922","22":"first","23":"onbackorder","24":"purchasable","25":"product-type-variable"},"_links":{"self":[{"href":"https:\/\/nextsnkr.com\/lv\/wp-json\/wp\/v2\/product\/682810","targetHints":{"allow":["GET"]}}],"collection":[{"href":"https:\/\/nextsnkr.com\/lv\/wp-json\/wp\/v2\/product"}],"about":[{"href":"https:\/\/nextsnkr.com\/lv\/wp-json\/wp\/v2\/types\/product"}],"replies":[{"embeddable":true,"href":"https:\/\/nextsnkr.com\/lv\/wp-json\/wp\/v2\/comments?post=682810"}],"version-history":[{"count":0,"href":"https:\/\/nextsnkr.com\/lv\/wp-json\/wp\/v2\/product\/682810\/revisions"}],"wp:featuredmedia":[{"embeddable":true,"href":"https:\/\/nextsnkr.com\/lv\/wp-json\/wp\/v2\/media\/682813"}],"wp:attachment":[{"href":"https:\/\/nextsnkr.com\/lv\/wp-json\/wp\/v2\/media?parent=682810"}],"wp:term":[{"taxonomy":"product_brand","embeddable":true,"href":"https:\/\/nextsnkr.com\/lv\/wp-json\/wp\/v2\/product_brand?post=682810"},{"taxonomy":"product_cat","embeddable":true,"href":"https:\/\/nextsnkr.com\/lv\/wp-json\/wp\/v2\/product_cat?post=682810"},{"taxonomy":"product_tag","embeddable":true,"href":"https:\/\/nextsnkr.com\/lv\/wp-json\/wp\/v2\/product_tag?post=682810"}],"curies":[{"name":"wp","href":"https:\/\/api.w.org\/{rel}","templated":true}]}}