{"id":682632,"date":"2025-06-18T20:51:17","date_gmt":"2025-06-18T17:51:17","guid":{"rendered":"https:\/\/nextsnkr.com\/product\/nike-sb-dunk-high-x-ambush-acid-green\/"},"modified":"2026-02-02T13:59:05","modified_gmt":"2026-02-02T10:59:05","slug":"nike-sb-dunk-high-x-ambush-acid-green","status":"publish","type":"product","link":"https:\/\/nextsnkr.com\/lv\/product\/nike-sb-dunk-high-x-ambush-acid-green\/","title":{"rendered":"NIKE SB Dunk High X AMBUSH Acid Green \u010d\u012bbas-stil\u012bgas \u0101das"},"content":{"rendered":"<h2>NIKE SB Dunk High X AMBUSH Acid Green \u010d\u012bbas-stil\u012bgas \u0101das<\/h2>\n<p>&nbsp;<\/p>\n<p>NIKE SB Dunk high X AMBUSH Acid Green \u010d\u012bbas ir izgatavotas no augstas kvalit\u0101tes \u0101das, kas nodro\u0161ina iztur\u012bbu un valk\u0101\u0161anas komfortu. Modelis apvieno spilgtu dizainu un ergonomiku, ide\u0101li piem\u0113rots \u0101ra aktivit\u0101t\u0113m, pastaig\u0101m un sportiskam stilam. Ra\u017eo\u0161ana-Indon\u0113zija, kas garant\u0113 uzticamu kvalit\u0101ti. \u0160\u012bs \u010d\u012bbas b\u016bs spilgts j\u016bsu izskata akcents un lieliska izv\u0113le ikdienas lieto\u0161anai.<\/p>\n","protected":false},"excerpt":{"rendered":"<p>NIKE SB Dunk high X AMBUSH Acid Green \u010d\u012bbas ir izgatavotas no augstas kvalit\u0101tes \u0101das, kas nodro\u0161ina iztur\u012bbu un valk\u0101\u0161anas komfortu. Modelis apvieno spilgtu dizainu un ergonomiku, ide\u0101li piem\u0113rots \u0101ra aktivit\u0101t\u0113m, pastaig\u0101m un sportiskam stilam. Ra\u017eo\u0161ana-Indon\u0113zija, kas garant\u0113 uzticamu kvalit\u0101ti. \u0160\u012bs \u010d\u012bbas b\u016bs spilgts j\u016bsu izskata akcents un lieliska izv\u0113le ikdienas lieto\u0161anai.<\/p>\n","protected":false},"featured_media":682635,"comment_status":"open","ping_status":"open","template":"","meta":[],"product_brand":[],"product_cat":[3251,3322],"product_tag":[],"class_list":{"0":"post-682632","1":"product","2":"type-product","3":"status-publish","4":"has-post-thumbnail","6":"product_cat-all-product","7":"product_cat-kedy","8":"pa_rozmir-910","9":"pa_rozmir-912","10":"pa_rozmir-914","11":"pa_rozmir-915","12":"pa_rozmir-916","13":"pa_rozmir-917","14":"pa_rozmir-918","15":"pa_rozmir-919","16":"pa_rozmir-920","17":"pa_rozmir-921","18":"pa_rozmir-922","20":"first","21":"onbackorder","22":"purchasable","23":"product-type-variable"},"_links":{"self":[{"href":"https:\/\/nextsnkr.com\/lv\/wp-json\/wp\/v2\/product\/682632","targetHints":{"allow":["GET"]}}],"collection":[{"href":"https:\/\/nextsnkr.com\/lv\/wp-json\/wp\/v2\/product"}],"about":[{"href":"https:\/\/nextsnkr.com\/lv\/wp-json\/wp\/v2\/types\/product"}],"replies":[{"embeddable":true,"href":"https:\/\/nextsnkr.com\/lv\/wp-json\/wp\/v2\/comments?post=682632"}],"version-history":[{"count":0,"href":"https:\/\/nextsnkr.com\/lv\/wp-json\/wp\/v2\/product\/682632\/revisions"}],"wp:featuredmedia":[{"embeddable":true,"href":"https:\/\/nextsnkr.com\/lv\/wp-json\/wp\/v2\/media\/682635"}],"wp:attachment":[{"href":"https:\/\/nextsnkr.com\/lv\/wp-json\/wp\/v2\/media?parent=682632"}],"wp:term":[{"taxonomy":"product_brand","embeddable":true,"href":"https:\/\/nextsnkr.com\/lv\/wp-json\/wp\/v2\/product_brand?post=682632"},{"taxonomy":"product_cat","embeddable":true,"href":"https:\/\/nextsnkr.com\/lv\/wp-json\/wp\/v2\/product_cat?post=682632"},{"taxonomy":"product_tag","embeddable":true,"href":"https:\/\/nextsnkr.com\/lv\/wp-json\/wp\/v2\/product_tag?post=682632"}],"curies":[{"name":"wp","href":"https:\/\/api.w.org\/{rel}","templated":true}]}}