{"id":682129,"date":"2025-06-18T20:53:13","date_gmt":"2025-06-18T17:53:13","guid":{"rendered":"https:\/\/nextsnkr.com\/product\/nike-sb-dunk-85-double-swoosh-green-premium\/"},"modified":"2026-02-02T13:58:43","modified_gmt":"2026-02-02T10:58:43","slug":"nike-sb-dunk-85-double-swoosh-green-premium","status":"publish","type":"product","link":"https:\/\/nextsnkr.com\/lv\/product\/nike-sb-dunk-85-double-swoosh-green-premium\/","title":{"rendered":"Nike SB DUNK 85 Double Swoosh Green Premium zam\u0161\u0101das \u010d\u012bbas \/ \u0101da"},"content":{"rendered":"<h2>Nike SB DUNK 85 Double Swoosh Green Premium zam\u0161\u0101das \u010d\u012bbas \/ \u0101da<\/h2>\n<p>&nbsp;<\/p>\n<p>NIKE SB DUNK 85 Double Swoosh Green \u010d\u012bbas apvieno stil\u012bgu dizainu un augst\u0101k\u0101s kvalit\u0101tes materi\u0101lus \u2014 zam\u0161\u0101du un \u0101du. Ide\u0101li piem\u0113rots ikdienas valk\u0101\u0161anai un \u0101ra aktivit\u0101t\u0113m, tie nodro\u0161ina komfortu, iztur\u012bbu un elegantu izskatu. \u0160\u012bs \u010d\u012bbas, kas ra\u017eotas Vjetnam\u0101 p\u0113c augstas kvalit\u0101tes standartiem, b\u016bs spilgts akcents j\u016bsu izskat\u0101 un uzticama izv\u0113le Nike z\u012bmola m\u012b\u013cot\u0101jiem.<\/p>\n","protected":false},"excerpt":{"rendered":"<p>NIKE SB DUNK 85 Double Swoosh Green \u010d\u012bbas apvieno stil\u012bgu dizainu un augst\u0101k\u0101s kvalit\u0101tes materi\u0101lus \u2014 zam\u0161\u0101du un \u0101du. Ide\u0101li piem\u0113rots ikdienas valk\u0101\u0161anai un \u0101ra aktivit\u0101t\u0113m, tie nodro\u0161ina komfortu, iztur\u012bbu un elegantu izskatu. \u0160\u012bs \u010d\u012bbas, kas ra\u017eotas Vjetnam\u0101 p\u0113c augstas kvalit\u0101tes standartiem, b\u016bs spilgts akcents j\u016bsu izskat\u0101 un uzticama izv\u0113le Nike z\u012bmola m\u012b\u013cot\u0101jiem.<\/p>\n","protected":false},"featured_media":682130,"comment_status":"open","ping_status":"open","template":"","meta":[],"product_brand":[],"product_cat":[3251,3322],"product_tag":[],"class_list":{"0":"post-682129","1":"product","2":"type-product","3":"status-publish","4":"has-post-thumbnail","6":"product_cat-all-product","7":"product_cat-kedy","8":"pa_rozmir-910","9":"pa_rozmir-912","10":"pa_rozmir-914","11":"pa_rozmir-915","12":"pa_rozmir-916","13":"pa_rozmir-917","14":"pa_rozmir-918","15":"pa_rozmir-919","16":"pa_rozmir-920","17":"pa_rozmir-921","18":"pa_rozmir-922","20":"first","21":"instock","22":"purchasable","23":"product-type-variable"},"_links":{"self":[{"href":"https:\/\/nextsnkr.com\/lv\/wp-json\/wp\/v2\/product\/682129","targetHints":{"allow":["GET"]}}],"collection":[{"href":"https:\/\/nextsnkr.com\/lv\/wp-json\/wp\/v2\/product"}],"about":[{"href":"https:\/\/nextsnkr.com\/lv\/wp-json\/wp\/v2\/types\/product"}],"replies":[{"embeddable":true,"href":"https:\/\/nextsnkr.com\/lv\/wp-json\/wp\/v2\/comments?post=682129"}],"version-history":[{"count":0,"href":"https:\/\/nextsnkr.com\/lv\/wp-json\/wp\/v2\/product\/682129\/revisions"}],"wp:featuredmedia":[{"embeddable":true,"href":"https:\/\/nextsnkr.com\/lv\/wp-json\/wp\/v2\/media\/682130"}],"wp:attachment":[{"href":"https:\/\/nextsnkr.com\/lv\/wp-json\/wp\/v2\/media?parent=682129"}],"wp:term":[{"taxonomy":"product_brand","embeddable":true,"href":"https:\/\/nextsnkr.com\/lv\/wp-json\/wp\/v2\/product_brand?post=682129"},{"taxonomy":"product_cat","embeddable":true,"href":"https:\/\/nextsnkr.com\/lv\/wp-json\/wp\/v2\/product_cat?post=682129"},{"taxonomy":"product_tag","embeddable":true,"href":"https:\/\/nextsnkr.com\/lv\/wp-json\/wp\/v2\/product_tag?post=682129"}],"curies":[{"name":"wp","href":"https:\/\/api.w.org\/{rel}","templated":true}]}}