{"id":681098,"date":"2025-06-13T12:43:24","date_gmt":"2025-06-13T09:43:24","guid":{"rendered":"https:\/\/nextsnkr.com\/product\/louis-vuitton-lv-trainer-white-grey\/"},"modified":"2026-02-02T13:58:16","modified_gmt":"2026-02-02T10:58:16","slug":"louis-vuitton-lv-trainer-white-grey","status":"publish","type":"product","link":"https:\/\/nextsnkr.com\/lv\/product\/louis-vuitton-lv-trainer-white-grey\/","title":{"rendered":"Louis Vuitton LV Trainer White \u2014 Grey \u010d\u012bbas-stil\u012bgas \u0101das \u010d\u012bbas"},"content":{"rendered":"<h2>Louis Vuitton LV Trainer White \u2014 Grey \u010d\u012bbas-stil\u012bgas \u0101das \u010d\u012bbas<\/h2>\n<p>&nbsp;<\/p>\n<p>Louis Vuitton LV Trainer White \/ Grey augst\u0101k\u0101s klases \u010d\u012bbas apvieno modernu stilu un nevainojamu z\u012bmola kvalit\u0101ti. Modelis ir izgatavots no \u0101das un elpo\u0161anas t\u012bkla, kas nodro\u0161ina komfortu, iztur\u012bbu un ventil\u0101ciju ikdienas valk\u0101\u0161anas laik\u0101. Eleganta balto un pel\u0113ko kr\u0101su kombin\u0101cija padara \u0161\u012bs kedas par daudzpus\u012bgu papildin\u0101jumu jebkuram izskatam-no gad\u012bjuma l\u012bdz sportiskam. LV Trainer ir izv\u0113le tiem, kas nov\u0113rt\u0113 augst\u0101k\u0101s kvalit\u0101tes materi\u0101lus, unik\u0101lu dizainu un statusa izskatu. Ide\u0101li piem\u0113rots pils\u0113tas stilam un akt\u012bvam dz\u012bves ritmam.<\/p>\n","protected":false},"excerpt":{"rendered":"<p>Louis Vuitton LV Trainer White \/ Grey augst\u0101k\u0101s klases \u010d\u012bbas apvieno modernu stilu un nevainojamu z\u012bmola kvalit\u0101ti. Modelis ir izgatavots no \u0101das un elpo\u0161anas t\u012bkla, kas nodro\u0161ina komfortu, iztur\u012bbu un ventil\u0101ciju ikdienas valk\u0101\u0161anas laik\u0101. Eleganta balto un pel\u0113ko kr\u0101su kombin\u0101cija padara \u0161\u012bs kedas par daudzpus\u012bgu papildin\u0101jumu jebkuram izskatam-no gad\u012bjuma l\u012bdz sportiskam. LV Trainer ir izv\u0113le tiem, kas nov\u0113rt\u0113 augst\u0101k\u0101s kvalit\u0101tes materi\u0101lus, unik\u0101lu dizainu un statusa izskatu. Ide\u0101li piem\u0113rots pils\u0113tas stilam un akt\u012bvam dz\u012bves ritmam.<\/p>\n","protected":false},"featured_media":681099,"comment_status":"open","ping_status":"open","template":"","meta":[],"product_brand":[],"product_cat":[3251,3252],"product_tag":[],"class_list":{"0":"post-681098","1":"product","2":"type-product","3":"status-publish","4":"has-post-thumbnail","6":"product_cat-all-product","7":"product_cat-krosivky","8":"pa_rozmir-910","9":"pa_rozmir-912","10":"pa_rozmir-914","11":"pa_rozmir-915","12":"pa_rozmir-916","13":"pa_rozmir-917","14":"pa_rozmir-918","15":"pa_rozmir-919","16":"pa_rozmir-920","17":"pa_rozmir-921","18":"pa_rozmir-922","20":"first","21":"instock","22":"purchasable","23":"product-type-variable"},"_links":{"self":[{"href":"https:\/\/nextsnkr.com\/lv\/wp-json\/wp\/v2\/product\/681098","targetHints":{"allow":["GET"]}}],"collection":[{"href":"https:\/\/nextsnkr.com\/lv\/wp-json\/wp\/v2\/product"}],"about":[{"href":"https:\/\/nextsnkr.com\/lv\/wp-json\/wp\/v2\/types\/product"}],"replies":[{"embeddable":true,"href":"https:\/\/nextsnkr.com\/lv\/wp-json\/wp\/v2\/comments?post=681098"}],"version-history":[{"count":0,"href":"https:\/\/nextsnkr.com\/lv\/wp-json\/wp\/v2\/product\/681098\/revisions"}],"wp:featuredmedia":[{"embeddable":true,"href":"https:\/\/nextsnkr.com\/lv\/wp-json\/wp\/v2\/media\/681099"}],"wp:attachment":[{"href":"https:\/\/nextsnkr.com\/lv\/wp-json\/wp\/v2\/media?parent=681098"}],"wp:term":[{"taxonomy":"product_brand","embeddable":true,"href":"https:\/\/nextsnkr.com\/lv\/wp-json\/wp\/v2\/product_brand?post=681098"},{"taxonomy":"product_cat","embeddable":true,"href":"https:\/\/nextsnkr.com\/lv\/wp-json\/wp\/v2\/product_cat?post=681098"},{"taxonomy":"product_tag","embeddable":true,"href":"https:\/\/nextsnkr.com\/lv\/wp-json\/wp\/v2\/product_tag?post=681098"}],"curies":[{"name":"wp","href":"https:\/\/api.w.org\/{rel}","templated":true}]}}