{"id":680436,"date":"2025-06-13T12:44:24","date_gmt":"2025-06-13T09:44:24","guid":{"rendered":"https:\/\/nextsnkr.com\/product\/bottega-veneta-beige-green-no-logo\/"},"modified":"2026-02-02T13:57:48","modified_gmt":"2026-02-02T10:57:48","slug":"bottega-veneta-beige-green-no-logo","status":"publish","type":"product","link":"https:\/\/nextsnkr.com\/lv\/product\/bottega-veneta-beige-green-no-logo\/","title":{"rendered":"Bottega Veneta Beige \/ Green \u0101das un vilnas z\u0101baki"},"content":{"rendered":"<h2>Bottega Veneta Beige \/ Green \u0101das un vilnas z\u0101baki<\/h2>\n<p>&nbsp;<\/p>\n<p>Stil\u012bgie Bottega Veneta Beige \/ Green z\u0101baki ir izgatavoti no \u012bstas \u0101das un siltas vilnas kombin\u0101cijas, kas nodro\u0161ina komfortu un aizsardz\u012bbu aukst\u0101 laik\u0101. Modelim ir m\u016bsdien\u012bgs dizains smil\u0161kr\u0101sas un za\u013c\u0101 kr\u0101s\u0101, un tam ir augsta nodilumiztur\u012bba. Izgatavoti \u0136\u012bn\u0101, \u0161ie z\u0101baki ir lieliski piem\u0113roti ikdienas valk\u0101\u0161anai un modernam pils\u0113tas izskatam. Ide\u0101la izv\u0113le tiem, kas mekl\u0113 siltumu, stilu un kvalit\u0101ti.<\/p>\n","protected":false},"excerpt":{"rendered":"<p>Stil\u012bgie Bottega Veneta Beige \/ Green z\u0101baki ir izgatavoti no \u012bstas \u0101das un siltas vilnas kombin\u0101cijas, kas nodro\u0161ina komfortu un aizsardz\u012bbu aukst\u0101 laik\u0101. Modelim ir m\u016bsdien\u012bgs dizains smil\u0161kr\u0101sas un za\u013c\u0101 kr\u0101s\u0101, un tam ir augsta nodilumiztur\u012bba. Izgatavoti \u0136\u012bn\u0101, \u0161ie z\u0101baki ir lieliski piem\u0113roti ikdienas valk\u0101\u0161anai un modernam pils\u0113tas izskatam. Ide\u0101la izv\u0113le tiem, kas mekl\u0113 siltumu, stilu un kvalit\u0101ti.<\/p>\n","protected":false},"featured_media":680437,"comment_status":"open","ping_status":"open","template":"","meta":[],"product_brand":[],"product_cat":[3251,3335],"product_tag":[],"class_list":{"0":"post-680436","1":"product","2":"type-product","3":"status-publish","4":"has-post-thumbnail","6":"product_cat-all-product","7":"product_cat-cherevyky","8":"pa_rozmir-910","9":"pa_rozmir-912","10":"pa_rozmir-914","11":"pa_rozmir-915","12":"pa_rozmir-916","13":"pa_rozmir-917","14":"pa_rozmir-918","15":"pa_rozmir-919","16":"pa_rozmir-920","17":"pa_rozmir-921","18":"pa_rozmir-922","20":"first","21":"instock","22":"purchasable","23":"product-type-variable"},"_links":{"self":[{"href":"https:\/\/nextsnkr.com\/lv\/wp-json\/wp\/v2\/product\/680436","targetHints":{"allow":["GET"]}}],"collection":[{"href":"https:\/\/nextsnkr.com\/lv\/wp-json\/wp\/v2\/product"}],"about":[{"href":"https:\/\/nextsnkr.com\/lv\/wp-json\/wp\/v2\/types\/product"}],"replies":[{"embeddable":true,"href":"https:\/\/nextsnkr.com\/lv\/wp-json\/wp\/v2\/comments?post=680436"}],"version-history":[{"count":0,"href":"https:\/\/nextsnkr.com\/lv\/wp-json\/wp\/v2\/product\/680436\/revisions"}],"wp:featuredmedia":[{"embeddable":true,"href":"https:\/\/nextsnkr.com\/lv\/wp-json\/wp\/v2\/media\/680437"}],"wp:attachment":[{"href":"https:\/\/nextsnkr.com\/lv\/wp-json\/wp\/v2\/media?parent=680436"}],"wp:term":[{"taxonomy":"product_brand","embeddable":true,"href":"https:\/\/nextsnkr.com\/lv\/wp-json\/wp\/v2\/product_brand?post=680436"},{"taxonomy":"product_cat","embeddable":true,"href":"https:\/\/nextsnkr.com\/lv\/wp-json\/wp\/v2\/product_cat?post=680436"},{"taxonomy":"product_tag","embeddable":true,"href":"https:\/\/nextsnkr.com\/lv\/wp-json\/wp\/v2\/product_tag?post=680436"}],"curies":[{"name":"wp","href":"https:\/\/api.w.org\/{rel}","templated":true}]}}