{"id":679183,"date":"2025-06-13T12:46:07","date_gmt":"2025-06-13T09:46:07","guid":{"rendered":"https:\/\/nextsnkr.com\/product\/lug-boots-rozprodazh\/"},"modified":"2026-02-02T13:57:18","modified_gmt":"2026-02-02T10:57:18","slug":"lug-boots-rozprodazh","status":"publish","type":"product","link":"https:\/\/nextsnkr.com\/lv\/product\/lug-boots-rozprodazh\/","title":{"rendered":"Lug z\u0101baki &#8211; sievie\u0161u \u0101das it\u0101\u013cu, izp\u0101rdo\u0161ana"},"content":{"rendered":"<h2>Lug z\u0101baki &#8211; sievie\u0161u \u0101das it\u0101\u013cu, izp\u0101rdo\u0161ana<\/h2>\n<p>&nbsp;<\/p>\n<p>Lug z\u0101baki ir stil\u012bgi un praktiski apavi, kas izgatavoti no \u012bstas \u0101das, ar iztur\u012bbu un komfortu. It\u0101lijas ra\u017eo\u0161ana garant\u0113 augstu veiktsp\u0113jas kvalit\u0101ti un iztur\u012bbu. Pateicoties daudzpus\u012bgajam dizainam, z\u0101baki ir piem\u0113roti ikdienas valk\u0101\u0161anai, apvienojot tos gan ar ikdienas, gan elegant\u0101kiem ap\u0123\u0113rbiem. Izdev\u012bgs pied\u0101v\u0101jums izp\u0101rdo\u0161an\u0101 ir lieliska iesp\u0113ja ieg\u0101d\u0101ties kvalitat\u012bvus Lug z\u0101bakus par pat\u012bkamu cenu.<\/p>\n","protected":false},"excerpt":{"rendered":"<p>Lug z\u0101baki ir stil\u012bgi un praktiski apavi, kas izgatavoti no \u012bstas \u0101das, ar iztur\u012bbu un komfortu. It\u0101lijas ra\u017eo\u0161ana garant\u0113 augstu veiktsp\u0113jas kvalit\u0101ti un iztur\u012bbu. Pateicoties daudzpus\u012bgajam dizainam, z\u0101baki ir piem\u0113roti ikdienas valk\u0101\u0161anai, apvienojot tos gan ar ikdienas, gan elegant\u0101kiem ap\u0123\u0113rbiem. Izdev\u012bgs pied\u0101v\u0101jums izp\u0101rdo\u0161an\u0101 ir lieliska iesp\u0113ja ieg\u0101d\u0101ties kvalitat\u012bvus Lug z\u0101bakus par pat\u012bkamu cenu.<\/p>\n","protected":false},"featured_media":679187,"comment_status":"open","ping_status":"open","template":"","meta":[],"product_brand":[],"product_cat":[3251,3335],"product_tag":[],"class_list":{"0":"post-679183","1":"product","2":"type-product","3":"status-publish","4":"has-post-thumbnail","6":"product_cat-all-product","7":"product_cat-cherevyky","8":"pa_rozmir-910","9":"pa_rozmir-912","10":"pa_rozmir-914","11":"pa_rozmir-915","12":"pa_rozmir-916","13":"pa_rozmir-917","14":"pa_rozmir-918","15":"pa_rozmir-919","16":"pa_rozmir-920","17":"pa_rozmir-921","18":"pa_rozmir-922","20":"first","21":"onbackorder","22":"purchasable","23":"product-type-variable"},"_links":{"self":[{"href":"https:\/\/nextsnkr.com\/lv\/wp-json\/wp\/v2\/product\/679183","targetHints":{"allow":["GET"]}}],"collection":[{"href":"https:\/\/nextsnkr.com\/lv\/wp-json\/wp\/v2\/product"}],"about":[{"href":"https:\/\/nextsnkr.com\/lv\/wp-json\/wp\/v2\/types\/product"}],"replies":[{"embeddable":true,"href":"https:\/\/nextsnkr.com\/lv\/wp-json\/wp\/v2\/comments?post=679183"}],"version-history":[{"count":0,"href":"https:\/\/nextsnkr.com\/lv\/wp-json\/wp\/v2\/product\/679183\/revisions"}],"wp:featuredmedia":[{"embeddable":true,"href":"https:\/\/nextsnkr.com\/lv\/wp-json\/wp\/v2\/media\/679187"}],"wp:attachment":[{"href":"https:\/\/nextsnkr.com\/lv\/wp-json\/wp\/v2\/media?parent=679183"}],"wp:term":[{"taxonomy":"product_brand","embeddable":true,"href":"https:\/\/nextsnkr.com\/lv\/wp-json\/wp\/v2\/product_brand?post=679183"},{"taxonomy":"product_cat","embeddable":true,"href":"https:\/\/nextsnkr.com\/lv\/wp-json\/wp\/v2\/product_cat?post=679183"},{"taxonomy":"product_tag","embeddable":true,"href":"https:\/\/nextsnkr.com\/lv\/wp-json\/wp\/v2\/product_tag?post=679183"}],"curies":[{"name":"wp","href":"https:\/\/api.w.org\/{rel}","templated":true}]}}