{"id":678830,"date":"2025-06-13T12:46:30","date_gmt":"2025-06-13T09:46:30","guid":{"rendered":"https:\/\/nextsnkr.com\/product\/bottega-veneta-purple-no-logo\/"},"modified":"2026-02-02T13:56:57","modified_gmt":"2026-02-02T10:56:57","slug":"bottega-veneta-purple-no-logo","status":"publish","type":"product","link":"https:\/\/nextsnkr.com\/lv\/product\/bottega-veneta-purple-no-logo\/","title":{"rendered":"Bottega Veneta Purple z\u0101baki-\u0101das sievie\u0161u z\u0101baki bez logotipa"},"content":{"rendered":"<h2>Bottega Veneta Purple z\u0101baki-\u0101das sievie\u0161u z\u0101baki bez logotipa<\/h2>\n<p>&nbsp;<\/p>\n<p>Bottega Veneta purple No Logo z\u0101baki ir stil\u012bgs modelis bag\u0101t\u012bg\u0101 purpursarkan\u0101 kr\u0101s\u0101, kas izveidots, lai apvienotu siltumu, komfortu un augst\u0101k\u0101s kvalit\u0101tes izskatu. Izgatavoti no \u0101das ar m\u012bkstu vilnas oderi, tie nodro\u0161ina dro\u0161u aizsardz\u012bbu aukst\u0101 laik\u0101 un nodro\u0161ina pat\u012bkamu saj\u016btu ikdienas valk\u0101\u0161anas laik\u0101. \u0136\u012bn\u0101 ra\u017eotajiem z\u0101bakiem ir veikls \u0161\u016b\u0161anas un moderns dizains bez logotipa, padarot tos par daudzpus\u012bgu papildin\u0101jumu ziemas dr\u0113bju skapim. Izv\u0113lieties Bottega Veneta Purple-stilu un siltumu vien\u0101 kurp\u0113.<\/p>\n","protected":false},"excerpt":{"rendered":"<p>Bottega Veneta purple No Logo z\u0101baki ir stil\u012bgs modelis bag\u0101t\u012bg\u0101 purpursarkan\u0101 kr\u0101s\u0101, kas izveidots, lai apvienotu siltumu, komfortu un augst\u0101k\u0101s kvalit\u0101tes izskatu. Izgatavoti no \u0101das ar m\u012bkstu vilnas oderi, tie nodro\u0161ina dro\u0161u aizsardz\u012bbu aukst\u0101 laik\u0101 un nodro\u0161ina pat\u012bkamu saj\u016btu ikdienas valk\u0101\u0161anas laik\u0101. \u0136\u012bn\u0101 ra\u017eotajiem z\u0101bakiem ir veikls \u0161\u016b\u0161anas un moderns dizains bez logotipa, padarot tos par daudzpus\u012bgu papildin\u0101jumu ziemas dr\u0113bju skapim. Izv\u0113lieties Bottega Veneta Purple-stilu un siltumu vien\u0101 kurp\u0113.<\/p>\n","protected":false},"featured_media":678834,"comment_status":"open","ping_status":"open","template":"","meta":[],"product_brand":[],"product_cat":[3251,3335],"product_tag":[],"class_list":{"0":"post-678830","1":"product","2":"type-product","3":"status-publish","4":"has-post-thumbnail","6":"product_cat-all-product","7":"product_cat-cherevyky","8":"pa_rozmir-910","9":"pa_rozmir-912","10":"pa_rozmir-914","11":"pa_rozmir-915","12":"pa_rozmir-916","13":"pa_rozmir-917","14":"pa_rozmir-918","15":"pa_rozmir-919","16":"pa_rozmir-920","17":"pa_rozmir-921","18":"pa_rozmir-922","20":"first","21":"instock","22":"purchasable","23":"product-type-variable"},"_links":{"self":[{"href":"https:\/\/nextsnkr.com\/lv\/wp-json\/wp\/v2\/product\/678830","targetHints":{"allow":["GET"]}}],"collection":[{"href":"https:\/\/nextsnkr.com\/lv\/wp-json\/wp\/v2\/product"}],"about":[{"href":"https:\/\/nextsnkr.com\/lv\/wp-json\/wp\/v2\/types\/product"}],"replies":[{"embeddable":true,"href":"https:\/\/nextsnkr.com\/lv\/wp-json\/wp\/v2\/comments?post=678830"}],"version-history":[{"count":0,"href":"https:\/\/nextsnkr.com\/lv\/wp-json\/wp\/v2\/product\/678830\/revisions"}],"wp:featuredmedia":[{"embeddable":true,"href":"https:\/\/nextsnkr.com\/lv\/wp-json\/wp\/v2\/media\/678834"}],"wp:attachment":[{"href":"https:\/\/nextsnkr.com\/lv\/wp-json\/wp\/v2\/media?parent=678830"}],"wp:term":[{"taxonomy":"product_brand","embeddable":true,"href":"https:\/\/nextsnkr.com\/lv\/wp-json\/wp\/v2\/product_brand?post=678830"},{"taxonomy":"product_cat","embeddable":true,"href":"https:\/\/nextsnkr.com\/lv\/wp-json\/wp\/v2\/product_cat?post=678830"},{"taxonomy":"product_tag","embeddable":true,"href":"https:\/\/nextsnkr.com\/lv\/wp-json\/wp\/v2\/product_tag?post=678830"}],"curies":[{"name":"wp","href":"https:\/\/api.w.org\/{rel}","templated":true}]}}