{"id":677881,"date":"2025-06-13T12:47:49","date_gmt":"2025-06-13T09:47:49","guid":{"rendered":"https:\/\/nextsnkr.com\/product\/700-black-no-brand\/"},"modified":"2026-02-02T13:56:22","modified_gmt":"2026-02-02T10:56:22","slug":"700-black-no-brand","status":"publish","type":"product","link":"https:\/\/nextsnkr.com\/lv\/product\/700-black-no-brand\/","title":{"rendered":"700 Black \u010d\u012bbas-\u0113rtas tekstila \u010d\u012bbas meln\u0101 kr\u0101s\u0101"},"content":{"rendered":"<h2>700 Black \u010d\u012bbas-\u0113rtas tekstila \u010d\u012bbas meln\u0101 kr\u0101s\u0101<\/h2>\n<p>&nbsp;<\/p>\n<p>700 Black \u010d\u012bbas ir izgatavotas no tekstilizstr\u0101d\u0101jumu un eko \u0101das kombin\u0101cijas, kas nodro\u0161ina vieglumu, komfortu un nodilumiztur\u012bbu. Pateicoties daudzpus\u012bgajam melnajam dizainam, modelis ir piem\u0113rots ikdienas valk\u0101\u0161anai, sportam un \u0101ra aktivit\u0101t\u0113m. M\u012bkst\u0101 zole amortiz\u0113 soli un nodro\u0161ina \u0113rt\u012bbas visas dienas garum\u0101. Praktiskas, stil\u012bgas un pieejamas ir ide\u0101la izv\u0113le tiem, kas katru dienu mekl\u0113 \u0113rtas kedas.<\/p>\n","protected":false},"excerpt":{"rendered":"<p>700 Black \u010d\u012bbas ir izgatavotas no tekstilizstr\u0101d\u0101jumu un eko \u0101das kombin\u0101cijas, kas nodro\u0161ina vieglumu, komfortu un nodilumiztur\u012bbu. Pateicoties daudzpus\u012bgajam melnajam dizainam, modelis ir piem\u0113rots ikdienas valk\u0101\u0161anai, sportam un \u0101ra aktivit\u0101t\u0113m. M\u012bkst\u0101 zole amortiz\u0113 soli un nodro\u0161ina \u0113rt\u012bbas visas dienas garum\u0101. Praktiskas, stil\u012bgas un pieejamas ir ide\u0101la izv\u0113le tiem, kas katru dienu mekl\u0113 \u0113rtas kedas.<\/p>\n","protected":false},"featured_media":677882,"comment_status":"open","ping_status":"open","template":"","meta":[],"product_brand":[],"product_cat":[3251,3252],"product_tag":[],"class_list":{"0":"post-677881","1":"product","2":"type-product","3":"status-publish","4":"has-post-thumbnail","6":"product_cat-all-product","7":"product_cat-krosivky","8":"pa_rozmir-910","9":"pa_rozmir-912","10":"pa_rozmir-914","11":"pa_rozmir-915","12":"pa_rozmir-916","13":"pa_rozmir-917","14":"pa_rozmir-918","15":"pa_rozmir-919","16":"pa_rozmir-920","17":"pa_rozmir-921","18":"pa_rozmir-922","20":"first","21":"onbackorder","22":"purchasable","23":"product-type-variable"},"_links":{"self":[{"href":"https:\/\/nextsnkr.com\/lv\/wp-json\/wp\/v2\/product\/677881","targetHints":{"allow":["GET"]}}],"collection":[{"href":"https:\/\/nextsnkr.com\/lv\/wp-json\/wp\/v2\/product"}],"about":[{"href":"https:\/\/nextsnkr.com\/lv\/wp-json\/wp\/v2\/types\/product"}],"replies":[{"embeddable":true,"href":"https:\/\/nextsnkr.com\/lv\/wp-json\/wp\/v2\/comments?post=677881"}],"version-history":[{"count":0,"href":"https:\/\/nextsnkr.com\/lv\/wp-json\/wp\/v2\/product\/677881\/revisions"}],"wp:featuredmedia":[{"embeddable":true,"href":"https:\/\/nextsnkr.com\/lv\/wp-json\/wp\/v2\/media\/677882"}],"wp:attachment":[{"href":"https:\/\/nextsnkr.com\/lv\/wp-json\/wp\/v2\/media?parent=677881"}],"wp:term":[{"taxonomy":"product_brand","embeddable":true,"href":"https:\/\/nextsnkr.com\/lv\/wp-json\/wp\/v2\/product_brand?post=677881"},{"taxonomy":"product_cat","embeddable":true,"href":"https:\/\/nextsnkr.com\/lv\/wp-json\/wp\/v2\/product_cat?post=677881"},{"taxonomy":"product_tag","embeddable":true,"href":"https:\/\/nextsnkr.com\/lv\/wp-json\/wp\/v2\/product_tag?post=677881"}],"curies":[{"name":"wp","href":"https:\/\/api.w.org\/{rel}","templated":true}]}}