{"id":675490,"date":"2025-06-13T12:51:14","date_gmt":"2025-06-13T09:51:14","guid":{"rendered":"https:\/\/nextsnkr.com\/product\/m2k-white-no-brand\/"},"modified":"2026-02-02T13:54:57","modified_gmt":"2026-02-02T10:54:57","slug":"m2k-white-no-brand","status":"publish","type":"product","link":"https:\/\/nextsnkr.com\/lv\/product\/m2k-white-no-brand\/","title":{"rendered":"Sporta apavi M2K White &#8211; sievie\u0161u tekstila un \u044d\u043a\u043e\u043a\u043e\u0436\u043d\u044b\u0435, stil\u012bgas ikdienas"},"content":{"rendered":"<h2>Sporta apavi M2K White &#8211; sievie\u0161u tekstila un \u044d\u043a\u043e\u043a\u043e\u0436\u043d\u044b\u0435, stil\u012bgas ikdienas<\/h2>\n<p>&nbsp;<\/p>\n<p>M2K White \u010d\u012bbas ir daudzpus\u012bgs ikdienas valk\u0101\u0161anas modelis, kas apvieno tekstilizstr\u0101d\u0101jumu vieglumu un eko \u0101das iztur\u012bbu. Ar p\u0101rdom\u0101tu formu un \u0113rtu zoli tie nodro\u0161ina komfortu visas dienas garum\u0101, ir piem\u0113roti pastaig\u0101m, \u0101ra aktivit\u0101t\u0113m un pils\u0113tas stilam. \u0160\u012bs \u010d\u012bbas, kas ra\u017eotas Vjetnam\u0101, izce\u013cas ar izpild\u012bjuma kvalit\u0101ti un m\u016bsdien\u012bgu dizainu balt\u0101 kr\u0101s\u0101. Izv\u0113lieties m2K White, lai savam izskatam pievienotu t\u012br\u012bbu, vieglumu un atbilst\u012bbu.<\/p>\n","protected":false},"excerpt":{"rendered":"<p>M2K White \u010d\u012bbas ir daudzpus\u012bgs ikdienas valk\u0101\u0161anas modelis, kas apvieno tekstilizstr\u0101d\u0101jumu vieglumu un eko \u0101das iztur\u012bbu. Ar p\u0101rdom\u0101tu formu un \u0113rtu zoli tie nodro\u0161ina komfortu visas dienas garum\u0101, ir piem\u0113roti pastaig\u0101m, \u0101ra aktivit\u0101t\u0113m un pils\u0113tas stilam. \u0160\u012bs \u010d\u012bbas, kas ra\u017eotas Vjetnam\u0101, izce\u013cas ar izpild\u012bjuma kvalit\u0101ti un m\u016bsdien\u012bgu dizainu balt\u0101 kr\u0101s\u0101. Izv\u0113lieties m2K White, lai savam izskatam pievienotu t\u012br\u012bbu, vieglumu un atbilst\u012bbu.<\/p>\n","protected":false},"featured_media":675495,"comment_status":"open","ping_status":"open","template":"","meta":[],"product_brand":[],"product_cat":[3251,3252],"product_tag":[],"class_list":{"0":"post-675490","1":"product","2":"type-product","3":"status-publish","4":"has-post-thumbnail","6":"product_cat-all-product","7":"product_cat-krosivky","8":"pa_rozmir-910","9":"pa_rozmir-912","10":"pa_rozmir-914","11":"pa_rozmir-915","12":"pa_rozmir-916","13":"pa_rozmir-917","14":"pa_rozmir-918","15":"pa_rozmir-919","16":"pa_rozmir-920","17":"pa_rozmir-921","18":"pa_rozmir-922","20":"first","21":"instock","22":"purchasable","23":"product-type-variable"},"_links":{"self":[{"href":"https:\/\/nextsnkr.com\/lv\/wp-json\/wp\/v2\/product\/675490","targetHints":{"allow":["GET"]}}],"collection":[{"href":"https:\/\/nextsnkr.com\/lv\/wp-json\/wp\/v2\/product"}],"about":[{"href":"https:\/\/nextsnkr.com\/lv\/wp-json\/wp\/v2\/types\/product"}],"replies":[{"embeddable":true,"href":"https:\/\/nextsnkr.com\/lv\/wp-json\/wp\/v2\/comments?post=675490"}],"version-history":[{"count":0,"href":"https:\/\/nextsnkr.com\/lv\/wp-json\/wp\/v2\/product\/675490\/revisions"}],"wp:featuredmedia":[{"embeddable":true,"href":"https:\/\/nextsnkr.com\/lv\/wp-json\/wp\/v2\/media\/675495"}],"wp:attachment":[{"href":"https:\/\/nextsnkr.com\/lv\/wp-json\/wp\/v2\/media?parent=675490"}],"wp:term":[{"taxonomy":"product_brand","embeddable":true,"href":"https:\/\/nextsnkr.com\/lv\/wp-json\/wp\/v2\/product_brand?post=675490"},{"taxonomy":"product_cat","embeddable":true,"href":"https:\/\/nextsnkr.com\/lv\/wp-json\/wp\/v2\/product_cat?post=675490"},{"taxonomy":"product_tag","embeddable":true,"href":"https:\/\/nextsnkr.com\/lv\/wp-json\/wp\/v2\/product_tag?post=675490"}],"curies":[{"name":"wp","href":"https:\/\/api.w.org\/{rel}","templated":true}]}}