{"id":675028,"date":"2025-06-18T21:10:51","date_gmt":"2025-06-18T18:10:51","guid":{"rendered":"https:\/\/nextsnkr.com\/product\/nike-sb-dunk-x-off-white-lot-24-50-premium\/"},"modified":"2026-02-02T13:54:44","modified_gmt":"2026-02-02T10:54:44","slug":"nike-sb-dunk-x-off-white-lot-24-50-premium","status":"publish","type":"product","link":"https:\/\/nextsnkr.com\/lv\/product\/nike-sb-dunk-x-off-white-lot-24-50-premium\/","title":{"rendered":"Kedas NIKE SB Dunk x OFF-WHITE Lot 24: 50 Premium-\u0101da un tekstils"},"content":{"rendered":"<h2>Kedas NIKE SB Dunk x OFF-WHITE Lot 24: 50 Premium-\u0101da un tekstils<\/h2>\n<p>&nbsp;<\/p>\n<p>NIKE SB Dunk x off-WHITE Lot 24: 50 Premium \u010d\u012bbas ir izgatavotas no augstas kvalit\u0101tes \u0101das un tekstilizstr\u0101d\u0101jumiem, kas garant\u0113 komfortu un iztur\u012bbu. Modelis apvieno z\u012bmola unik\u0101lo dizainu OFF-WHITE un stil\u012bgo Nike SB Dunk siluetu, kas piem\u0113rots ikdienas valk\u0101\u0161anai un \u0101ra aktivit\u0101t\u0113m. Ra\u017eot\u0101js-Vjetnama, kas nodro\u0161ina uzticamu kvalit\u0101ti. Ide\u0101la izv\u0113le tiem, kas vienlaikus nov\u0113rt\u0113 modi un funkcionalit\u0101ti.<\/p>\n","protected":false},"excerpt":{"rendered":"<p>NIKE SB Dunk x off-WHITE Lot 24: 50 Premium \u010d\u012bbas ir izgatavotas no augstas kvalit\u0101tes \u0101das un tekstilizstr\u0101d\u0101jumiem, kas garant\u0113 komfortu un iztur\u012bbu. Modelis apvieno z\u012bmola unik\u0101lo dizainu OFF-WHITE un stil\u012bgo Nike SB Dunk siluetu, kas piem\u0113rots ikdienas valk\u0101\u0161anai un \u0101ra aktivit\u0101t\u0113m. Ra\u017eot\u0101js-Vjetnama, kas nodro\u0161ina uzticamu kvalit\u0101ti. Ide\u0101la izv\u0113le tiem, kas vienlaikus nov\u0113rt\u0113 modi un funkcionalit\u0101ti.<\/p>\n","protected":false},"featured_media":675029,"comment_status":"open","ping_status":"open","template":"","meta":[],"product_brand":[],"product_cat":[3251,3322],"product_tag":[],"class_list":{"0":"post-675028","1":"product","2":"type-product","3":"status-publish","4":"has-post-thumbnail","6":"product_cat-all-product","7":"product_cat-kedy","8":"pa_rozmir-910","9":"pa_rozmir-912","10":"pa_rozmir-914","11":"pa_rozmir-915","12":"pa_rozmir-916","13":"pa_rozmir-917","14":"pa_rozmir-918","15":"pa_rozmir-919","16":"pa_rozmir-920","17":"pa_rozmir-921","18":"pa_rozmir-922","20":"first","21":"instock","22":"purchasable","23":"product-type-variable"},"_links":{"self":[{"href":"https:\/\/nextsnkr.com\/lv\/wp-json\/wp\/v2\/product\/675028","targetHints":{"allow":["GET"]}}],"collection":[{"href":"https:\/\/nextsnkr.com\/lv\/wp-json\/wp\/v2\/product"}],"about":[{"href":"https:\/\/nextsnkr.com\/lv\/wp-json\/wp\/v2\/types\/product"}],"replies":[{"embeddable":true,"href":"https:\/\/nextsnkr.com\/lv\/wp-json\/wp\/v2\/comments?post=675028"}],"version-history":[{"count":0,"href":"https:\/\/nextsnkr.com\/lv\/wp-json\/wp\/v2\/product\/675028\/revisions"}],"wp:featuredmedia":[{"embeddable":true,"href":"https:\/\/nextsnkr.com\/lv\/wp-json\/wp\/v2\/media\/675029"}],"wp:attachment":[{"href":"https:\/\/nextsnkr.com\/lv\/wp-json\/wp\/v2\/media?parent=675028"}],"wp:term":[{"taxonomy":"product_brand","embeddable":true,"href":"https:\/\/nextsnkr.com\/lv\/wp-json\/wp\/v2\/product_brand?post=675028"},{"taxonomy":"product_cat","embeddable":true,"href":"https:\/\/nextsnkr.com\/lv\/wp-json\/wp\/v2\/product_cat?post=675028"},{"taxonomy":"product_tag","embeddable":true,"href":"https:\/\/nextsnkr.com\/lv\/wp-json\/wp\/v2\/product_tag?post=675028"}],"curies":[{"name":"wp","href":"https:\/\/api.w.org\/{rel}","templated":true}]}}