{"id":674784,"date":"2025-06-13T12:52:01","date_gmt":"2025-06-13T09:52:01","guid":{"rendered":"https:\/\/nextsnkr.com\/product\/run-hike-white-no-brand\/"},"modified":"2026-02-02T13:54:39","modified_gmt":"2026-02-02T10:54:39","slug":"run-hike-white-no-brand","status":"publish","type":"product","link":"https:\/\/nextsnkr.com\/lv\/product\/run-hike-white-no-brand\/","title":{"rendered":"Run Hike White \u010d\u012bbas &#8211; vieglas v\u012brie\u0161u \u010d\u012bbas, kas izgatavotas no tekstilizstr\u0101d\u0101jumiem un eko \u0101das"},"content":{"rendered":"<h2>Run Hike White \u010d\u012bbas &#8211; vieglas v\u012brie\u0161u \u010d\u012bbas, kas izgatavotas no tekstilizstr\u0101d\u0101jumiem un eko \u0101das<\/h2>\n<p>&nbsp;<\/p>\n<p>Run Hike White \u010d\u012bbas ir daudzpus\u012bgs tekstilizstr\u0101d\u0101jumu un eko \u0101das modelis, kas nodro\u0161ina vieglumu, komfortu un labu ventil\u0101ciju. Balt\u0101 kr\u0101sa padara tos par stil\u012bgu papildin\u0101jumu ikdienas un sportiskam izskatam. \u0160\u012bs \u010d\u012bbas, kas ra\u017eotas Vjetnam\u0101, izce\u013cas ar ikdienas valk\u0101\u0161anas \u0113rt\u012bb\u0101m un labu nodilumiztur\u012bbu. Izv\u0113lieties Run Hike White, lai ieg\u016btu akt\u012bvu dz\u012bves ritmu un maksim\u0101lu komfortu.<\/p>\n","protected":false},"excerpt":{"rendered":"<p>Run Hike White \u010d\u012bbas ir daudzpus\u012bgs tekstilizstr\u0101d\u0101jumu un eko \u0101das modelis, kas nodro\u0161ina vieglumu, komfortu un labu ventil\u0101ciju. Balt\u0101 kr\u0101sa padara tos par stil\u012bgu papildin\u0101jumu ikdienas un sportiskam izskatam. \u0160\u012bs \u010d\u012bbas, kas ra\u017eotas Vjetnam\u0101, izce\u013cas ar ikdienas valk\u0101\u0161anas \u0113rt\u012bb\u0101m un labu nodilumiztur\u012bbu. Izv\u0113lieties Run Hike White, lai ieg\u016btu akt\u012bvu dz\u012bves ritmu un maksim\u0101lu komfortu.<\/p>\n","protected":false},"featured_media":674789,"comment_status":"open","ping_status":"open","template":"","meta":[],"product_brand":[],"product_cat":[3251,3322],"product_tag":[],"class_list":{"0":"post-674784","1":"product","2":"type-product","3":"status-publish","4":"has-post-thumbnail","6":"product_cat-all-product","7":"product_cat-kedy","8":"pa_rozmir-910","9":"pa_rozmir-912","10":"pa_rozmir-914","11":"pa_rozmir-915","12":"pa_rozmir-916","13":"pa_rozmir-917","14":"pa_rozmir-918","15":"pa_rozmir-919","16":"pa_rozmir-920","17":"pa_rozmir-921","18":"pa_rozmir-922","20":"first","21":"instock","22":"purchasable","23":"product-type-variable"},"_links":{"self":[{"href":"https:\/\/nextsnkr.com\/lv\/wp-json\/wp\/v2\/product\/674784","targetHints":{"allow":["GET"]}}],"collection":[{"href":"https:\/\/nextsnkr.com\/lv\/wp-json\/wp\/v2\/product"}],"about":[{"href":"https:\/\/nextsnkr.com\/lv\/wp-json\/wp\/v2\/types\/product"}],"replies":[{"embeddable":true,"href":"https:\/\/nextsnkr.com\/lv\/wp-json\/wp\/v2\/comments?post=674784"}],"version-history":[{"count":0,"href":"https:\/\/nextsnkr.com\/lv\/wp-json\/wp\/v2\/product\/674784\/revisions"}],"wp:featuredmedia":[{"embeddable":true,"href":"https:\/\/nextsnkr.com\/lv\/wp-json\/wp\/v2\/media\/674789"}],"wp:attachment":[{"href":"https:\/\/nextsnkr.com\/lv\/wp-json\/wp\/v2\/media?parent=674784"}],"wp:term":[{"taxonomy":"product_brand","embeddable":true,"href":"https:\/\/nextsnkr.com\/lv\/wp-json\/wp\/v2\/product_brand?post=674784"},{"taxonomy":"product_cat","embeddable":true,"href":"https:\/\/nextsnkr.com\/lv\/wp-json\/wp\/v2\/product_cat?post=674784"},{"taxonomy":"product_tag","embeddable":true,"href":"https:\/\/nextsnkr.com\/lv\/wp-json\/wp\/v2\/product_tag?post=674784"}],"curies":[{"name":"wp","href":"https:\/\/api.w.org\/{rel}","templated":true}]}}