{"id":672704,"date":"2025-06-18T21:17:40","date_gmt":"2025-06-18T18:17:40","guid":{"rendered":"https:\/\/nextsnkr.com\/product\/nike-sb-dunk-mint-pink\/"},"modified":"2026-02-02T13:53:27","modified_gmt":"2026-02-02T10:53:27","slug":"nike-sb-dunk-mint-pink","status":"publish","type":"product","link":"https:\/\/nextsnkr.com\/lv\/product\/nike-sb-dunk-mint-pink\/","title":{"rendered":"NIKE SB DUNK Mint \u2014 Pink \u010d\u012bbas-stil\u012bgas \u0101das \u010d\u012bbas ikdienas valk\u0101\u0161anai"},"content":{"rendered":"<h2>NIKE SB DUNK Mint \u2014 Pink \u010d\u012bbas-stil\u012bgas \u0101das \u010d\u012bbas ikdienas valk\u0101\u0161anai<\/h2>\n<p>&nbsp;<\/p>\n<p>Elegants kedas NIKE SB DUNK Mint \/ Pink izgatavoti no augstas kvalit\u0101tes \u0101das, kas nodro\u0161ina iztur\u012bbu un komfortu. Ide\u0101li piem\u0113rotas n\u0113s\u0101\u0161anai ikdien\u0101 un akt\u012bv\u0101s atp\u016btas, apvienojot modernu dizainu un praktiskumu. Gai\u0161i piparm\u0113tru un roz\u0101 kr\u0101sas pie\u0161\u0137ir ked\u0101m spilgtu, stil\u012bgu izskatu, izce\u013cot person\u012bbu. Izv\u0113lieties kedas NIKE SB DUNK, lai apvienotu tendence \u0101r\u0113ju izskatu un dro\u0161umu katru dienu.<\/p>\n","protected":false},"excerpt":{"rendered":"<p>Elegants kedas NIKE SB DUNK Mint \/ Pink izgatavoti no augstas kvalit\u0101tes \u0101das, kas nodro\u0161ina iztur\u012bbu un komfortu. Ide\u0101li piem\u0113rotas n\u0113s\u0101\u0161anai ikdien\u0101 un akt\u012bv\u0101s atp\u016btas, apvienojot modernu dizainu un praktiskumu. Gai\u0161i piparm\u0113tru un roz\u0101 kr\u0101sas pie\u0161\u0137ir ked\u0101m spilgtu, stil\u012bgu izskatu, izce\u013cot person\u012bbu. Izv\u0113lieties kedas NIKE SB DUNK, lai apvienotu tendence \u0101r\u0113ju izskatu un dro\u0161umu katru dienu.<\/p>\n","protected":false},"featured_media":672706,"comment_status":"open","ping_status":"open","template":"","meta":[],"product_brand":[],"product_cat":[3251,3322],"product_tag":[],"class_list":{"0":"post-672704","1":"product","2":"type-product","3":"status-publish","4":"has-post-thumbnail","6":"product_cat-all-product","7":"product_cat-kedy","8":"pa_rozmir-910","9":"pa_rozmir-912","10":"pa_rozmir-914","11":"pa_rozmir-915","12":"pa_rozmir-916","13":"pa_rozmir-917","14":"pa_rozmir-918","15":"pa_rozmir-919","16":"pa_rozmir-920","17":"pa_rozmir-921","18":"pa_rozmir-922","20":"first","21":"instock","22":"purchasable","23":"product-type-variable"},"_links":{"self":[{"href":"https:\/\/nextsnkr.com\/lv\/wp-json\/wp\/v2\/product\/672704","targetHints":{"allow":["GET"]}}],"collection":[{"href":"https:\/\/nextsnkr.com\/lv\/wp-json\/wp\/v2\/product"}],"about":[{"href":"https:\/\/nextsnkr.com\/lv\/wp-json\/wp\/v2\/types\/product"}],"replies":[{"embeddable":true,"href":"https:\/\/nextsnkr.com\/lv\/wp-json\/wp\/v2\/comments?post=672704"}],"version-history":[{"count":0,"href":"https:\/\/nextsnkr.com\/lv\/wp-json\/wp\/v2\/product\/672704\/revisions"}],"wp:featuredmedia":[{"embeddable":true,"href":"https:\/\/nextsnkr.com\/lv\/wp-json\/wp\/v2\/media\/672706"}],"wp:attachment":[{"href":"https:\/\/nextsnkr.com\/lv\/wp-json\/wp\/v2\/media?parent=672704"}],"wp:term":[{"taxonomy":"product_brand","embeddable":true,"href":"https:\/\/nextsnkr.com\/lv\/wp-json\/wp\/v2\/product_brand?post=672704"},{"taxonomy":"product_cat","embeddable":true,"href":"https:\/\/nextsnkr.com\/lv\/wp-json\/wp\/v2\/product_cat?post=672704"},{"taxonomy":"product_tag","embeddable":true,"href":"https:\/\/nextsnkr.com\/lv\/wp-json\/wp\/v2\/product_tag?post=672704"}],"curies":[{"name":"wp","href":"https:\/\/api.w.org\/{rel}","templated":true}]}}